{"id":1027,"date":"2021-04-06T14:00:10","date_gmt":"2021-04-06T14:00:10","guid":{"rendered":"http:\/\/ronkelcomite.be\/fr\/?page_id=1027"},"modified":"2026-02-14T12:22:03","modified_gmt":"2026-02-14T12:22:03","slug":"chemin-de-terre-2","status":"publish","type":"page","link":"https:\/\/ronkelcomite.be\/fr\/activiteiten\/chemin-de-terre-2\/","title":{"rendered":"Le chemin de terre"},"content":{"rendered":"\n<p>Ce chemin \u00e9tait g\u00e9n\u00e9ralement impraticable lors de p\u00e9riodes humides. Depuis 2019 les riverains \u00e9pandent du gravier rendant le chemin accessible \u00e0 v\u00e9lo et \u00e0 pied pendant toute l\u2019ann\u00e9e en. Depuis lors, sa fr\u00e9quentation a d\u2019ailleurs explos\u00e9.<\/p>\n\n\n\n<figure class=\"wp-block-gallery has-nested-images columns-default is-cropped wp-block-gallery-1 is-layout-flex wp-block-gallery-is-layout-flex\">\n<figure class=\"wp-block-image size-large\"><img loading=\"lazy\" decoding=\"async\" width=\"683\" height=\"1024\" data-id=\"834\" src=\"http:\/\/ronkelcomite.be\/wp-content\/uploads\/2021\/04\/P1120808-gravier-683x1024.jpg\" alt=\"\" class=\"wp-image-834\" srcset=\"https:\/\/ronkelcomite.be\/wp-content\/uploads\/2021\/04\/P1120808-gravier-683x1024.jpg 683w, https:\/\/ronkelcomite.be\/wp-content\/uploads\/2021\/04\/P1120808-gravier-200x300.jpg 200w, https:\/\/ronkelcomite.be\/wp-content\/uploads\/2021\/04\/P1120808-gravier-768x1152.jpg 768w, https:\/\/ronkelcomite.be\/wp-content\/uploads\/2021\/04\/P1120808-gravier-1024x1536.jpg 1024w, https:\/\/ronkelcomite.be\/wp-content\/uploads\/2021\/04\/P1120808-gravier-rotated.jpg 1080w\" sizes=\"auto, (max-width: 683px) 100vw, 683px\" \/><figcaption class=\"wp-element-caption\">11\/2019<\/figcaption><\/figure>\n\n\n\n<figure class=\"wp-block-image size-large\"><img loading=\"lazy\" decoding=\"async\" width=\"768\" height=\"1024\" data-id=\"808\" src=\"http:\/\/ronkelcomite.be\/wp-content\/uploads\/2021\/03\/20200208_121937-gravier-5-768x1024.jpg\" alt=\"\" class=\"wp-image-808\" srcset=\"https:\/\/ronkelcomite.be\/wp-content\/uploads\/2021\/03\/20200208_121937-gravier-5-768x1024.jpg 768w, https:\/\/ronkelcomite.be\/wp-content\/uploads\/2021\/03\/20200208_121937-gravier-5-225x300.jpg 225w, https:\/\/ronkelcomite.be\/wp-content\/uploads\/2021\/03\/20200208_121937-gravier-5-rotated.jpg 1080w\" sizes=\"auto, (max-width: 768px) 100vw, 768px\" \/><figcaption class=\"wp-element-caption\">02\/2020<\/figcaption><\/figure>\n\n\n\n<figure class=\"wp-block-image size-large\"><img loading=\"lazy\" decoding=\"async\" width=\"683\" height=\"1024\" data-id=\"412\" src=\"http:\/\/ronkelcomite.be\/wp-content\/uploads\/2021\/02\/P1150393-gravier-683x1024.jpg\" alt=\"\" class=\"wp-image-412\" srcset=\"https:\/\/ronkelcomite.be\/wp-content\/uploads\/2021\/02\/P1150393-gravier-683x1024.jpg 683w, https:\/\/ronkelcomite.be\/wp-content\/uploads\/2021\/02\/P1150393-gravier-200x300.jpg 200w, https:\/\/ronkelcomite.be\/wp-content\/uploads\/2021\/02\/P1150393-gravier-768x1152.jpg 768w, https:\/\/ronkelcomite.be\/wp-content\/uploads\/2021\/02\/P1150393-gravier-1024x1536.jpg 1024w, https:\/\/ronkelcomite.be\/wp-content\/uploads\/2021\/02\/P1150393-gravier-rotated.jpg 1080w\" sizes=\"auto, (max-width: 683px) 100vw, 683px\" \/><figcaption class=\"wp-element-caption\">02\/2021<\/figcaption><\/figure>\n<\/figure>\n\n\n\n<p class=\"has-text-align-center\">Les tr\u00e8s longues et fortes pluies qui sont tomb\u00e9es ces derni\u00e8res semaines ont fortement abim\u00e9 le chemin du Ronkel. <br>Une \u00e9quipe de 8 Ronkelois a \u00e9pandu 1.400 kilos de graviers ce matin du 06 janvier 2024&#8230;sous la pluie.<\/p>\n\n\n\n<figure class=\"wp-block-gallery has-nested-images columns-default is-cropped wp-block-gallery-2 is-layout-flex wp-block-gallery-is-layout-flex\">\n<figure class=\"wp-block-image size-large\"><img loading=\"lazy\" decoding=\"async\" width=\"1024\" height=\"683\" data-id=\"3173\" src=\"http:\/\/ronkelcomite.be\/wp-content\/uploads\/2024\/01\/P1220173-Large-1024x683.jpg\" alt=\"\" class=\"wp-image-3173\" srcset=\"https:\/\/ronkelcomite.be\/wp-content\/uploads\/2024\/01\/P1220173-Large-1024x683.jpg 1024w, https:\/\/ronkelcomite.be\/wp-content\/uploads\/2024\/01\/P1220173-Large-300x200.jpg 300w, https:\/\/ronkelcomite.be\/wp-content\/uploads\/2024\/01\/P1220173-Large-768x512.jpg 768w, https:\/\/ronkelcomite.be\/wp-content\/uploads\/2024\/01\/P1220173-Large-1536x1024.jpg 1536w, https:\/\/ronkelcomite.be\/wp-content\/uploads\/2024\/01\/P1220173-Large.jpg 1620w\" sizes=\"auto, (max-width: 1024px) 100vw, 1024px\" \/><\/figure>\n\n\n\n<figure class=\"wp-block-image size-large\"><img loading=\"lazy\" decoding=\"async\" width=\"1024\" height=\"683\" data-id=\"3174\" src=\"http:\/\/ronkelcomite.be\/wp-content\/uploads\/2024\/01\/P1220167-Large-1024x683.jpg\" alt=\"\" class=\"wp-image-3174\" srcset=\"https:\/\/ronkelcomite.be\/wp-content\/uploads\/2024\/01\/P1220167-Large-1024x683.jpg 1024w, https:\/\/ronkelcomite.be\/wp-content\/uploads\/2024\/01\/P1220167-Large-300x200.jpg 300w, https:\/\/ronkelcomite.be\/wp-content\/uploads\/2024\/01\/P1220167-Large-768x512.jpg 768w, https:\/\/ronkelcomite.be\/wp-content\/uploads\/2024\/01\/P1220167-Large-1536x1024.jpg 1536w, https:\/\/ronkelcomite.be\/wp-content\/uploads\/2024\/01\/P1220167-Large.jpg 1620w\" sizes=\"auto, (max-width: 1024px) 100vw, 1024px\" \/><\/figure>\n\n\n\n<figure class=\"wp-block-image size-large\"><img loading=\"lazy\" decoding=\"async\" width=\"1024\" height=\"683\" data-id=\"3175\" src=\"http:\/\/ronkelcomite.be\/wp-content\/uploads\/2024\/01\/P1220172-Large-1024x683.jpg\" alt=\"\" class=\"wp-image-3175\" srcset=\"https:\/\/ronkelcomite.be\/wp-content\/uploads\/2024\/01\/P1220172-Large-1024x683.jpg 1024w, https:\/\/ronkelcomite.be\/wp-content\/uploads\/2024\/01\/P1220172-Large-300x200.jpg 300w, https:\/\/ronkelcomite.be\/wp-content\/uploads\/2024\/01\/P1220172-Large-768x512.jpg 768w, https:\/\/ronkelcomite.be\/wp-content\/uploads\/2024\/01\/P1220172-Large-1536x1024.jpg 1536w, https:\/\/ronkelcomite.be\/wp-content\/uploads\/2024\/01\/P1220172-Large.jpg 1620w\" sizes=\"auto, (max-width: 1024px) 100vw, 1024px\" \/><\/figure>\n<\/figure>\n\n\n\n<figure class=\"wp-block-image size-large\"><img loading=\"lazy\" decoding=\"async\" width=\"1024\" height=\"683\" src=\"http:\/\/ronkelcomite.be\/wp-content\/uploads\/2024\/01\/P1220175-Large-1-1024x683.jpg\" alt=\"\" class=\"wp-image-3252\" srcset=\"https:\/\/ronkelcomite.be\/wp-content\/uploads\/2024\/01\/P1220175-Large-1-1024x683.jpg 1024w, https:\/\/ronkelcomite.be\/wp-content\/uploads\/2024\/01\/P1220175-Large-1-300x200.jpg 300w, https:\/\/ronkelcomite.be\/wp-content\/uploads\/2024\/01\/P1220175-Large-1-768x512.jpg 768w, https:\/\/ronkelcomite.be\/wp-content\/uploads\/2024\/01\/P1220175-Large-1-1536x1024.jpg 1536w, https:\/\/ronkelcomite.be\/wp-content\/uploads\/2024\/01\/P1220175-Large-1.jpg 1620w\" sizes=\"auto, (max-width: 1024px) 100vw, 1024px\" \/><\/figure>\n\n\n\n<p id=\"2024gravier\">Nous sommes toujours en 2024. Le chemin a \u00e9t\u00e9 abim\u00e9 par de longues pluies d&rsquo;une part et les travaux de r\u00e9colte d&rsquo;autre part. Nous avons travaill\u00e9s en 3 \u00e9tapes depuis le 1er d\u00e9cembre pour niveler le chemin et \u00e9pandre 2360 KG de gravier. Pour y arriver, nous avons pu compter sur une \u00e9quipe interculturelle et interg\u00e9n\u00e9rationnelle de 14 voisins  \u00e2g\u00e9s de 5 \u00e0 80 ans<\/p>\n\n\n\n<figure class=\"wp-block-gallery has-nested-images columns-default is-cropped wp-block-gallery-3 is-layout-flex wp-block-gallery-is-layout-flex\">\n<figure class=\"wp-block-image size-large\"><img loading=\"lazy\" decoding=\"async\" width=\"683\" height=\"1024\" data-id=\"3687\" src=\"http:\/\/ronkelcomite.be\/wp-content\/uploads\/2024\/12\/P1240977-1-683x1024.jpg\" alt=\"\" class=\"wp-image-3687\" srcset=\"https:\/\/ronkelcomite.be\/wp-content\/uploads\/2024\/12\/P1240977-1-683x1024.jpg 683w, https:\/\/ronkelcomite.be\/wp-content\/uploads\/2024\/12\/P1240977-1-200x300.jpg 200w, https:\/\/ronkelcomite.be\/wp-content\/uploads\/2024\/12\/P1240977-1-768x1152.jpg 768w, https:\/\/ronkelcomite.be\/wp-content\/uploads\/2024\/12\/P1240977-1-1024x1536.jpg 1024w, https:\/\/ronkelcomite.be\/wp-content\/uploads\/2024\/12\/P1240977-1-rotated.jpg 1080w\" sizes=\"auto, (max-width: 683px) 100vw, 683px\" \/><\/figure>\n\n\n\n<figure class=\"wp-block-image size-large\"><img loading=\"lazy\" decoding=\"async\" width=\"768\" height=\"1024\" data-id=\"3688\" src=\"http:\/\/ronkelcomite.be\/wp-content\/uploads\/2024\/12\/20241130_141822-redim-OK-1-768x1024.jpg\" alt=\"\" class=\"wp-image-3688\" srcset=\"https:\/\/ronkelcomite.be\/wp-content\/uploads\/2024\/12\/20241130_141822-redim-OK-1-768x1024.jpg 768w, https:\/\/ronkelcomite.be\/wp-content\/uploads\/2024\/12\/20241130_141822-redim-OK-1-225x300.jpg 225w, https:\/\/ronkelcomite.be\/wp-content\/uploads\/2024\/12\/20241130_141822-redim-OK-1-1152x1536.jpg 1152w, https:\/\/ronkelcomite.be\/wp-content\/uploads\/2024\/12\/20241130_141822-redim-OK-1-rotated.jpg 1215w\" sizes=\"auto, (max-width: 768px) 100vw, 768px\" \/><\/figure>\n\n\n\n<figure class=\"wp-block-image size-large\"><img loading=\"lazy\" decoding=\"async\" width=\"683\" height=\"1024\" data-id=\"3686\" src=\"http:\/\/ronkelcomite.be\/wp-content\/uploads\/2024\/12\/P1240974-683x1024.jpg\" alt=\"\" class=\"wp-image-3686\" srcset=\"https:\/\/ronkelcomite.be\/wp-content\/uploads\/2024\/12\/P1240974-683x1024.jpg 683w, https:\/\/ronkelcomite.be\/wp-content\/uploads\/2024\/12\/P1240974-200x300.jpg 200w, https:\/\/ronkelcomite.be\/wp-content\/uploads\/2024\/12\/P1240974-768x1152.jpg 768w, https:\/\/ronkelcomite.be\/wp-content\/uploads\/2024\/12\/P1240974-1024x1536.jpg 1024w, https:\/\/ronkelcomite.be\/wp-content\/uploads\/2024\/12\/P1240974-rotated.jpg 1080w\" sizes=\"auto, (max-width: 683px) 100vw, 683px\" \/><\/figure>\n<\/figure>\n\n\n\n<figure class=\"wp-block-gallery has-nested-images columns-default is-cropped wp-block-gallery-4 is-layout-flex wp-block-gallery-is-layout-flex\">\n<figure class=\"wp-block-image size-large\"><img loading=\"lazy\" decoding=\"async\" width=\"1024\" height=\"683\" data-id=\"3689\" src=\"http:\/\/ronkelcomite.be\/wp-content\/uploads\/2024\/12\/P1240972-1024x683.jpg\" alt=\"\" class=\"wp-image-3689\" srcset=\"https:\/\/ronkelcomite.be\/wp-content\/uploads\/2024\/12\/P1240972-1024x683.jpg 1024w, https:\/\/ronkelcomite.be\/wp-content\/uploads\/2024\/12\/P1240972-300x200.jpg 300w, https:\/\/ronkelcomite.be\/wp-content\/uploads\/2024\/12\/P1240972-768x512.jpg 768w, https:\/\/ronkelcomite.be\/wp-content\/uploads\/2024\/12\/P1240972-1536x1024.jpg 1536w, https:\/\/ronkelcomite.be\/wp-content\/uploads\/2024\/12\/P1240972.jpg 1620w\" sizes=\"auto, (max-width: 1024px) 100vw, 1024px\" \/><\/figure>\n\n\n\n<figure class=\"wp-block-image size-large\"><img loading=\"lazy\" decoding=\"async\" width=\"683\" height=\"1024\" data-id=\"3693\" src=\"http:\/\/ronkelcomite.be\/wp-content\/uploads\/2024\/12\/P1240984-683x1024.jpg\" alt=\"\" class=\"wp-image-3693\" srcset=\"https:\/\/ronkelcomite.be\/wp-content\/uploads\/2024\/12\/P1240984-683x1024.jpg 683w, https:\/\/ronkelcomite.be\/wp-content\/uploads\/2024\/12\/P1240984-200x300.jpg 200w, https:\/\/ronkelcomite.be\/wp-content\/uploads\/2024\/12\/P1240984-768x1152.jpg 768w, https:\/\/ronkelcomite.be\/wp-content\/uploads\/2024\/12\/P1240984-1024x1536.jpg 1024w, https:\/\/ronkelcomite.be\/wp-content\/uploads\/2024\/12\/P1240984-rotated.jpg 1080w\" sizes=\"auto, (max-width: 683px) 100vw, 683px\" \/><\/figure>\n<\/figure>\n\n\n\n<figure class=\"wp-block-image size-large\"><img loading=\"lazy\" decoding=\"async\" width=\"1024\" height=\"683\" src=\"http:\/\/ronkelcomite.be\/wp-content\/uploads\/2024\/12\/P1240983-1-1024x683.jpg\" alt=\"\" class=\"wp-image-3694\" srcset=\"https:\/\/ronkelcomite.be\/wp-content\/uploads\/2024\/12\/P1240983-1-1024x683.jpg 1024w, https:\/\/ronkelcomite.be\/wp-content\/uploads\/2024\/12\/P1240983-1-300x200.jpg 300w, https:\/\/ronkelcomite.be\/wp-content\/uploads\/2024\/12\/P1240983-1-768x512.jpg 768w, https:\/\/ronkelcomite.be\/wp-content\/uploads\/2024\/12\/P1240983-1-1536x1024.jpg 1536w, https:\/\/ronkelcomite.be\/wp-content\/uploads\/2024\/12\/P1240983-1.jpg 1620w\" sizes=\"auto, (max-width: 1024px) 100vw, 1024px\" \/><\/figure>\n\n\n\n<figure class=\"wp-block-image size-large\"><img loading=\"lazy\" decoding=\"async\" width=\"1024\" height=\"683\" src=\"http:\/\/ronkelcomite.be\/wp-content\/uploads\/2024\/12\/P1240988-1024x683.jpg\" alt=\"\" class=\"wp-image-3692\" srcset=\"https:\/\/ronkelcomite.be\/wp-content\/uploads\/2024\/12\/P1240988-1024x683.jpg 1024w, https:\/\/ronkelcomite.be\/wp-content\/uploads\/2024\/12\/P1240988-300x200.jpg 300w, https:\/\/ronkelcomite.be\/wp-content\/uploads\/2024\/12\/P1240988-768x512.jpg 768w, https:\/\/ronkelcomite.be\/wp-content\/uploads\/2024\/12\/P1240988-1536x1024.jpg 1536w, https:\/\/ronkelcomite.be\/wp-content\/uploads\/2024\/12\/P1240988.jpg 1620w\" sizes=\"auto, (max-width: 1024px) 100vw, 1024px\" \/><\/figure>\n\n\n\n<p id=\"gravier2026\">Ce 24 janvier 2026, les \u00e9quipes se sont \u00e0 nouveau mobilis\u00e9es afin conserver le chemin du Ronkel et permettre ainsi aux pi\u00e9tons et cyclistes de l&#8217;emprunter par tous les temps. Nous avons eu besoin de 1840 kilos de gravier achet\u00e9s par le RonkelComit\u00e9, ce qui porte le total \u00e0  12 tonnes de gravier d\u00e9j\u00e0 achet\u00e9es et \u00e9pandues dans le chemin du Ronkel.<\/p>\n\n\n\n<figure class=\"wp-block-image size-large\"><img loading=\"lazy\" decoding=\"async\" width=\"1200\" height=\"675\" src=\"https:\/\/ronkelcomite.be\/wp-content\/uploads\/2026\/02\/IMG-20260124-WA0001-1-edited.jpg\" alt=\"\" class=\"wp-image-4181\" srcset=\"https:\/\/ronkelcomite.be\/wp-content\/uploads\/2026\/02\/IMG-20260124-WA0001-1-edited.jpg 1200w, https:\/\/ronkelcomite.be\/wp-content\/uploads\/2026\/02\/IMG-20260124-WA0001-1-edited-300x169.jpg 300w, https:\/\/ronkelcomite.be\/wp-content\/uploads\/2026\/02\/IMG-20260124-WA0001-1-edited-1024x576.jpg 1024w, https:\/\/ronkelcomite.be\/wp-content\/uploads\/2026\/02\/IMG-20260124-WA0001-1-edited-768x432.jpg 768w\" sizes=\"auto, (max-width: 1200px) 100vw, 1200px\" \/><\/figure>\n\n\n\n<figure class=\"wp-block-gallery has-nested-images columns-default is-cropped wp-block-gallery-5 is-layout-flex wp-block-gallery-is-layout-flex\">\n<figure class=\"wp-block-image size-large\"><img loading=\"lazy\" decoding=\"async\" width=\"1600\" height=\"900\" data-id=\"4179\" src=\"https:\/\/ronkelcomite.be\/wp-content\/uploads\/2026\/02\/IMG-20260124-WA0000-edited-1.jpg\" alt=\"\" class=\"wp-image-4179\" srcset=\"https:\/\/ronkelcomite.be\/wp-content\/uploads\/2026\/02\/IMG-20260124-WA0000-edited-1.jpg 1600w, https:\/\/ronkelcomite.be\/wp-content\/uploads\/2026\/02\/IMG-20260124-WA0000-edited-1-300x169.jpg 300w, https:\/\/ronkelcomite.be\/wp-content\/uploads\/2026\/02\/IMG-20260124-WA0000-edited-1-1024x576.jpg 1024w, https:\/\/ronkelcomite.be\/wp-content\/uploads\/2026\/02\/IMG-20260124-WA0000-edited-1-768x432.jpg 768w, https:\/\/ronkelcomite.be\/wp-content\/uploads\/2026\/02\/IMG-20260124-WA0000-edited-1-1536x864.jpg 1536w\" sizes=\"auto, (max-width: 1600px) 100vw, 1600px\" \/><\/figure>\n<\/figure>\n\n\n\n<p><\/p>\n","protected":false},"excerpt":{"rendered":"<p>Ce chemin \u00e9tait g\u00e9n\u00e9ralement impraticable lors de p\u00e9riodes humides. Depuis 2019 les riverains \u00e9pandent du gravier rendant le chemin accessible \u00e0 v\u00e9lo et \u00e0 pied pendant toute l\u2019ann\u00e9e en. Depuis lors, sa fr\u00e9quentation a d\u2019ailleurs explos\u00e9. Les tr\u00e8s longues et<\/p>\n","protected":false},"author":3,"featured_media":0,"parent":98,"menu_order":0,"comment_status":"closed","ping_status":"closed","template":"","meta":{"_uag_custom_page_level_css":"","ngg_post_thumbnail":0,"footnotes":""},"class_list":["post-1027","page","type-page","status-publish","hentry"],"uagb_featured_image_src":{"full":false,"thumbnail":false,"medium":false,"medium_large":false,"large":false,"1536x1536":false,"2048x2048":false,"featured-blog-large":false,"featured-blog-medium":false,"featured":false,"featured-blog-medium-small":false},"uagb_author_info":{"display_name":"Bernadette Jambe","author_link":"https:\/\/ronkelcomite.be\/fr\/author\/bernadette\/"},"uagb_comment_info":0,"uagb_excerpt":"Ce chemin \u00e9tait g\u00e9n\u00e9ralement impraticable lors de p\u00e9riodes humides. Depuis 2019 les riverains \u00e9pandent du gravier rendant le chemin accessible \u00e0 v\u00e9lo et \u00e0 pied pendant toute l\u2019ann\u00e9e en. Depuis lors, sa fr\u00e9quentation a d\u2019ailleurs explos\u00e9. Les tr\u00e8s longues et","_links":{"self":[{"href":"https:\/\/ronkelcomite.be\/fr\/wp-json\/wp\/v2\/pages\/1027","targetHints":{"allow":["GET"]}}],"collection":[{"href":"https:\/\/ronkelcomite.be\/fr\/wp-json\/wp\/v2\/pages"}],"about":[{"href":"https:\/\/ronkelcomite.be\/fr\/wp-json\/wp\/v2\/types\/page"}],"author":[{"embeddable":true,"href":"https:\/\/ronkelcomite.be\/fr\/wp-json\/wp\/v2\/users\/3"}],"replies":[{"embeddable":true,"href":"https:\/\/ronkelcomite.be\/fr\/wp-json\/wp\/v2\/comments?post=1027"}],"version-history":[{"count":31,"href":"https:\/\/ronkelcomite.be\/fr\/wp-json\/wp\/v2\/pages\/1027\/revisions"}],"predecessor-version":[{"id":4188,"href":"https:\/\/ronkelcomite.be\/fr\/wp-json\/wp\/v2\/pages\/1027\/revisions\/4188"}],"up":[{"embeddable":true,"href":"https:\/\/ronkelcomite.be\/fr\/wp-json\/wp\/v2\/pages\/98"}],"wp:attachment":[{"href":"https:\/\/ronkelcomite.be\/fr\/wp-json\/wp\/v2\/media?parent=1027"}],"curies":[{"name":"wp","href":"https:\/\/api.w.org\/{rel}","templated":true}]}}