{"id":1039,"date":"2021-04-06T14:11:40","date_gmt":"2021-04-06T14:11:40","guid":{"rendered":"http:\/\/ronkelcomite.be\/fr\/?page_id=1039"},"modified":"2021-04-09T13:07:20","modified_gmt":"2021-04-09T13:07:20","slug":"chemin-creux-2","status":"publish","type":"page","link":"https:\/\/ronkelcomite.be\/fr\/activiteiten\/chemin-creux-2\/","title":{"rendered":"Chemin creux"},"content":{"rendered":"\n<p>A la demande du comit\u00e9, la commune a proc\u00e9d\u00e9 au pavage du chemin creux afin d\u2019\u00e9viter une \u00e9rosion qui provoquait des inondations des caves de riverains de la rue.\u00a0 Ce chemin creux, vieux de plusieurs centaines d\u2019ann\u00e9es, fait partie du patrimoine du quartier Ronkel.<\/p>\n\n\n\n<figure class=\"wp-block-gallery columns-3 is-cropped wp-block-gallery-1 is-layout-flex wp-block-gallery-is-layout-flex\"><ul class=\"blocks-gallery-grid\"><li class=\"blocks-gallery-item\"><figure><img loading=\"lazy\" decoding=\"async\" width=\"682\" height=\"1024\" src=\"http:\/\/ronkelcomite.be\/wp-content\/uploads\/2021\/02\/IMG_5208-chemin-creux-travaux-682x1024.jpg\" alt=\"\" data-id=\"422\" data-full-url=\"http:\/\/ronkelcomite.be\/wp-content\/uploads\/2021\/02\/IMG_5208-chemin-creux-travaux-rotated.jpg\" data-link=\"http:\/\/ronkelcomite.be\/fr\/img_5208-chemin-creux-travaux\/\" class=\"wp-image-422\" srcset=\"https:\/\/ronkelcomite.be\/wp-content\/uploads\/2021\/02\/IMG_5208-chemin-creux-travaux-682x1024.jpg 682w, https:\/\/ronkelcomite.be\/wp-content\/uploads\/2021\/02\/IMG_5208-chemin-creux-travaux-200x300.jpg 200w, https:\/\/ronkelcomite.be\/wp-content\/uploads\/2021\/02\/IMG_5208-chemin-creux-travaux-768x1153.jpg 768w, https:\/\/ronkelcomite.be\/wp-content\/uploads\/2021\/02\/IMG_5208-chemin-creux-travaux-1023x1536.jpg 1023w, https:\/\/ronkelcomite.be\/wp-content\/uploads\/2021\/02\/IMG_5208-chemin-creux-travaux-rotated.jpg 1080w\" sizes=\"auto, (max-width: 682px) 100vw, 682px\" \/><figcaption class=\"blocks-gallery-item__caption\">06\/2017<\/figcaption><\/figure><\/li><li class=\"blocks-gallery-item\"><figure><img loading=\"lazy\" decoding=\"async\" width=\"682\" height=\"1024\" src=\"http:\/\/ronkelcomite.be\/wp-content\/uploads\/2021\/02\/IMG_5218-chemin-creux-travaux-682x1024.jpg\" alt=\"\" data-id=\"416\" data-full-url=\"http:\/\/ronkelcomite.be\/wp-content\/uploads\/2021\/02\/IMG_5218-chemin-creux-travaux-rotated.jpg\" data-link=\"http:\/\/ronkelcomite.be\/fr\/img_5218-chemin-creux-travaux\/\" class=\"wp-image-416\" srcset=\"https:\/\/ronkelcomite.be\/wp-content\/uploads\/2021\/02\/IMG_5218-chemin-creux-travaux-682x1024.jpg 682w, https:\/\/ronkelcomite.be\/wp-content\/uploads\/2021\/02\/IMG_5218-chemin-creux-travaux-200x300.jpg 200w, https:\/\/ronkelcomite.be\/wp-content\/uploads\/2021\/02\/IMG_5218-chemin-creux-travaux-768x1153.jpg 768w, https:\/\/ronkelcomite.be\/wp-content\/uploads\/2021\/02\/IMG_5218-chemin-creux-travaux-1023x1536.jpg 1023w, https:\/\/ronkelcomite.be\/wp-content\/uploads\/2021\/02\/IMG_5218-chemin-creux-travaux-rotated.jpg 1080w\" sizes=\"auto, (max-width: 682px) 100vw, 682px\" \/><figcaption class=\"blocks-gallery-item__caption\">06\/2017<\/figcaption><\/figure><\/li><li class=\"blocks-gallery-item\"><figure><img loading=\"lazy\" decoding=\"async\" width=\"682\" height=\"1024\" src=\"http:\/\/ronkelcomite.be\/wp-content\/uploads\/2021\/02\/IMG_0317-chemin-creux-travaux-682x1024.jpg\" alt=\"\" data-id=\"419\" data-full-url=\"http:\/\/ronkelcomite.be\/wp-content\/uploads\/2021\/02\/IMG_0317-chemin-creux-travaux-rotated.jpg\" data-link=\"http:\/\/ronkelcomite.be\/fr\/img_0317-chemin-creux-travaux\/\" class=\"wp-image-419\" srcset=\"https:\/\/ronkelcomite.be\/wp-content\/uploads\/2021\/02\/IMG_0317-chemin-creux-travaux-682x1024.jpg 682w, https:\/\/ronkelcomite.be\/wp-content\/uploads\/2021\/02\/IMG_0317-chemin-creux-travaux-200x300.jpg 200w, https:\/\/ronkelcomite.be\/wp-content\/uploads\/2021\/02\/IMG_0317-chemin-creux-travaux-768x1153.jpg 768w, https:\/\/ronkelcomite.be\/wp-content\/uploads\/2021\/02\/IMG_0317-chemin-creux-travaux-1023x1536.jpg 1023w, https:\/\/ronkelcomite.be\/wp-content\/uploads\/2021\/02\/IMG_0317-chemin-creux-travaux-rotated.jpg 1080w\" sizes=\"auto, (max-width: 682px) 100vw, 682px\" \/><figcaption class=\"blocks-gallery-item__caption\">07\/2017<\/figcaption><\/figure><\/li><\/ul><\/figure>\n","protected":false},"excerpt":{"rendered":"<p>A la demande du comit\u00e9, la commune a proc\u00e9d\u00e9 au pavage du chemin creux afin d\u2019\u00e9viter une \u00e9rosion qui provoquait des inondations des caves de riverains de la rue.\u00a0 Ce chemin creux, vieux de plusieurs centaines d\u2019ann\u00e9es, fait partie du<\/p>\n","protected":false},"author":3,"featured_media":0,"parent":98,"menu_order":0,"comment_status":"closed","ping_status":"closed","template":"","meta":{"_uag_custom_page_level_css":"","ngg_post_thumbnail":0,"footnotes":""},"class_list":["post-1039","page","type-page","status-publish","hentry"],"uagb_featured_image_src":{"full":false,"thumbnail":false,"medium":false,"medium_large":false,"large":false,"1536x1536":false,"2048x2048":false,"featured-blog-large":false,"featured-blog-medium":false,"featured":false,"featured-blog-medium-small":false},"uagb_author_info":{"display_name":"Bernadette Jambe","author_link":"https:\/\/ronkelcomite.be\/fr\/author\/bernadette\/"},"uagb_comment_info":0,"uagb_excerpt":"A la demande du comit\u00e9, la commune a proc\u00e9d\u00e9 au pavage du chemin creux afin d\u2019\u00e9viter une \u00e9rosion qui provoquait des inondations des caves de riverains de la rue.\u00a0 Ce chemin creux, vieux de plusieurs centaines d\u2019ann\u00e9es, fait partie du","_links":{"self":[{"href":"https:\/\/ronkelcomite.be\/fr\/wp-json\/wp\/v2\/pages\/1039","targetHints":{"allow":["GET"]}}],"collection":[{"href":"https:\/\/ronkelcomite.be\/fr\/wp-json\/wp\/v2\/pages"}],"about":[{"href":"https:\/\/ronkelcomite.be\/fr\/wp-json\/wp\/v2\/types\/page"}],"author":[{"embeddable":true,"href":"https:\/\/ronkelcomite.be\/fr\/wp-json\/wp\/v2\/users\/3"}],"replies":[{"embeddable":true,"href":"https:\/\/ronkelcomite.be\/fr\/wp-json\/wp\/v2\/comments?post=1039"}],"version-history":[{"count":6,"href":"https:\/\/ronkelcomite.be\/fr\/wp-json\/wp\/v2\/pages\/1039\/revisions"}],"predecessor-version":[{"id":1354,"href":"https:\/\/ronkelcomite.be\/fr\/wp-json\/wp\/v2\/pages\/1039\/revisions\/1354"}],"up":[{"embeddable":true,"href":"https:\/\/ronkelcomite.be\/fr\/wp-json\/wp\/v2\/pages\/98"}],"wp:attachment":[{"href":"https:\/\/ronkelcomite.be\/fr\/wp-json\/wp\/v2\/media?parent=1039"}],"curies":[{"name":"wp","href":"https:\/\/api.w.org\/{rel}","templated":true}]}}