{"id":1490,"date":"2021-05-24T19:48:00","date_gmt":"2021-05-24T19:48:00","guid":{"rendered":"http:\/\/ronkelcomite.be\/nl\/?page_id=1490"},"modified":"2021-07-10T08:32:50","modified_gmt":"2021-07-10T08:32:50","slug":"classificatie","status":"publish","type":"page","link":"https:\/\/ronkelcomite.be\/fr\/quartier-durable\/classificatie\/","title":{"rendered":"Classement"},"content":{"rendered":"\n<p>Afin de pr\u00e9server et mettre en valeur le patrimoine culturel et historique de notre quartier, nous avons introduit une demande de classement avec l\u2019aide de la commune pour la zone autour de la ferme du Ronkelhof. <\/p>\n\n\n\n<p>Cet espace a \u00e9t\u00e9 officiellement class\u00e9 en avril 2011 et est l\u2019un des 11 <a href=\"https:\/\/inventaris.onroerenderfgoed.be\/aanduidingsobjecten\/131\" target=\"_blank\" rel=\"noreferrer noopener\">paysages culturels et historiques class\u00e9s en Flandre<\/a>. <\/p>\n\n\n\n<div class=\"wp-block-columns is-layout-flex wp-container-core-columns-is-layout-28f84493 wp-block-columns-is-layout-flex\">\n<div class=\"wp-block-column is-layout-flow wp-block-column-is-layout-flow\">\n<p>La ferme Ronkelhof, d\u00e9j\u00e0 mentionn\u00e9e en 1321, est \u00e9galement class\u00e9e comme la derni\u00e8re ferme braban\u00e7onne en activit\u00e9 de la r\u00e9gion.<\/p>\n\n\n\n<div class=\"wp-block-image\"><figure class=\"aligncenter size-large\"><a href=\"http:\/\/ronkelcomite.be\/wp-content\/uploads\/2021\/05\/Article-Ronkelhof-1990-1.jpg\" target=\"_blank\" rel=\"noopener\"><img loading=\"lazy\" decoding=\"async\" width=\"768\" height=\"1024\" src=\"http:\/\/ronkelcomite.be\/wp-content\/uploads\/2021\/05\/Article-Ronkelhof-1990-1-768x1024.jpg\" alt=\"\" class=\"wp-image-1496\" srcset=\"https:\/\/ronkelcomite.be\/wp-content\/uploads\/2021\/05\/Article-Ronkelhof-1990-1-768x1024.jpg 768w, https:\/\/ronkelcomite.be\/wp-content\/uploads\/2021\/05\/Article-Ronkelhof-1990-1-225x300.jpg 225w, https:\/\/ronkelcomite.be\/wp-content\/uploads\/2021\/05\/Article-Ronkelhof-1990-1.jpg 1080w\" sizes=\"auto, (max-width: 768px) 100vw, 768px\" \/><\/a><figcaption>Wemmel, Cultuurpatrimonium, gastronomie en toerisme, Christian Andries, 1990<\/figcaption><\/figure><\/div>\n<\/div>\n\n\n\n<div class=\"wp-block-column is-layout-flow wp-block-column-is-layout-flow\">\n<p>Deux autres fermettes \u00e0 proximit\u00e9 sont reconnues d\u2019int\u00e9r\u00eat historique (n\u00b066 et 162)<\/p>\n\n\n\n<figure class=\"wp-block-gallery columns-1 is-cropped wp-block-gallery-1 is-layout-flex wp-block-gallery-is-layout-flex\"><ul class=\"blocks-gallery-grid\"><li class=\"blocks-gallery-item\"><figure><img loading=\"lazy\" decoding=\"async\" width=\"1024\" height=\"768\" src=\"http:\/\/ronkelcomite.be\/wp-content\/uploads\/2021\/07\/20210708_164613-fermette-1024x768.jpg\" alt=\"\" data-id=\"1582\" data-full-url=\"http:\/\/ronkelcomite.be\/wp-content\/uploads\/2021\/07\/20210708_164613-fermette-rotated.jpg\" data-link=\"http:\/\/ronkelcomite.be\/nl\/quartier-durable\/classificatie\/20210708_164613-fermette\/\" class=\"wp-image-1582\" srcset=\"https:\/\/ronkelcomite.be\/wp-content\/uploads\/2021\/07\/20210708_164613-fermette-1024x768.jpg 1024w, https:\/\/ronkelcomite.be\/wp-content\/uploads\/2021\/07\/20210708_164613-fermette-300x225.jpg 300w, https:\/\/ronkelcomite.be\/wp-content\/uploads\/2021\/07\/20210708_164613-fermette-768x576.jpg 768w, https:\/\/ronkelcomite.be\/wp-content\/uploads\/2021\/07\/20210708_164613-fermette-rotated.jpg 1440w\" sizes=\"auto, (max-width: 1024px) 100vw, 1024px\" \/><figcaption class=\"blocks-gallery-item__caption\">n\u00b066<\/figcaption><\/figure><\/li><\/ul><\/figure>\n\n\n\n<figure class=\"wp-block-image size-large\"><img loading=\"lazy\" decoding=\"async\" width=\"1024\" height=\"683\" src=\"http:\/\/ronkelcomite.be\/wp-content\/uploads\/2021\/07\/IMG_26331-1024x683.jpg\" alt=\"\" class=\"wp-image-1605\" srcset=\"https:\/\/ronkelcomite.be\/wp-content\/uploads\/2021\/07\/IMG_26331-1024x683.jpg 1024w, https:\/\/ronkelcomite.be\/wp-content\/uploads\/2021\/07\/IMG_26331-300x200.jpg 300w, https:\/\/ronkelcomite.be\/wp-content\/uploads\/2021\/07\/IMG_26331-768x512.jpg 768w, https:\/\/ronkelcomite.be\/wp-content\/uploads\/2021\/07\/IMG_26331-1536x1024.jpg 1536w, https:\/\/ronkelcomite.be\/wp-content\/uploads\/2021\/07\/IMG_26331.jpg 1620w\" sizes=\"auto, (max-width: 1024px) 100vw, 1024px\" \/><figcaption>n\u00b0162<\/figcaption><\/figure>\n<\/div>\n<\/div>\n\n\n\n<p><\/p>\n","protected":false},"excerpt":{"rendered":"<p>Afin de pr\u00e9server et mettre en valeur le patrimoine culturel et historique de notre quartier, nous avons introduit une demande de classement avec l\u2019aide de la commune pour la zone autour de la ferme du Ronkelhof. Cet espace a \u00e9t\u00e9<\/p>\n","protected":false},"author":3,"featured_media":0,"parent":1542,"menu_order":0,"comment_status":"closed","ping_status":"closed","template":"","meta":{"_uag_custom_page_level_css":"","ngg_post_thumbnail":0,"footnotes":""},"class_list":["post-1490","page","type-page","status-publish","hentry"],"uagb_featured_image_src":{"full":false,"thumbnail":false,"medium":false,"medium_large":false,"large":false,"1536x1536":false,"2048x2048":false,"featured-blog-large":false,"featured-blog-medium":false,"featured":false,"featured-blog-medium-small":false},"uagb_author_info":{"display_name":"Bernadette Jambe","author_link":"https:\/\/ronkelcomite.be\/fr\/author\/bernadette\/"},"uagb_comment_info":0,"uagb_excerpt":"Afin de pr\u00e9server et mettre en valeur le patrimoine culturel et historique de notre quartier, nous avons introduit une demande de classement avec l\u2019aide de la commune pour la zone autour de la ferme du Ronkelhof. Cet espace a \u00e9t\u00e9","_links":{"self":[{"href":"https:\/\/ronkelcomite.be\/fr\/wp-json\/wp\/v2\/pages\/1490","targetHints":{"allow":["GET"]}}],"collection":[{"href":"https:\/\/ronkelcomite.be\/fr\/wp-json\/wp\/v2\/pages"}],"about":[{"href":"https:\/\/ronkelcomite.be\/fr\/wp-json\/wp\/v2\/types\/page"}],"author":[{"embeddable":true,"href":"https:\/\/ronkelcomite.be\/fr\/wp-json\/wp\/v2\/users\/3"}],"replies":[{"embeddable":true,"href":"https:\/\/ronkelcomite.be\/fr\/wp-json\/wp\/v2\/comments?post=1490"}],"version-history":[{"count":11,"href":"https:\/\/ronkelcomite.be\/fr\/wp-json\/wp\/v2\/pages\/1490\/revisions"}],"predecessor-version":[{"id":1638,"href":"https:\/\/ronkelcomite.be\/fr\/wp-json\/wp\/v2\/pages\/1490\/revisions\/1638"}],"up":[{"embeddable":true,"href":"https:\/\/ronkelcomite.be\/fr\/wp-json\/wp\/v2\/pages\/1542"}],"wp:attachment":[{"href":"https:\/\/ronkelcomite.be\/fr\/wp-json\/wp\/v2\/media?parent=1490"}],"curies":[{"name":"wp","href":"https:\/\/api.w.org\/{rel}","templated":true}]}}