{"id":1502,"date":"2021-05-24T20:25:42","date_gmt":"2021-05-24T20:25:42","guid":{"rendered":"http:\/\/ronkelcomite.be\/fr\/?page_id=1502"},"modified":"2023-05-12T20:28:52","modified_gmt":"2023-05-12T20:28:52","slug":"ring","status":"publish","type":"page","link":"https:\/\/ronkelcomite.be\/fr\/quartier-durable\/ring\/","title":{"rendered":"Ring"},"content":{"rendered":"\n<p>Depuis de tr\u00e8s nombreuses ann\u00e9es, le ring \u00e0 hauteur de Wemmel pose de gros probl\u00e8mes. Des travaux y \u00e9taient r\u00e9guli\u00e8rement annonc\u00e9s. En 2018, un projet m\u00e9galomane a \u00e9t\u00e9 soumis \u00e0 enqu\u00eate publique, proposant un \u00e9largissement jusqu\u2019\u00e0 7 voies de circulation dans chaque sens. L\u2019impact pour les wemmelois aurait \u00e9t\u00e9 d\u00e9sastreux. <\/p>\n\n\n\n<p>Le RonkelComit\u00e9 a vivement r\u00e9agi et a investi \u00e9norm\u00e9ment d\u2019\u00e9nergie \u00e0 faire une <a rel=\"noreferrer noopener\" href=\"http:\/\/ronkelcomite.be\/wp-content\/uploads\/2021\/07\/Nota-alternatieven-v3FR-2019-04-02-corr.pdf\" target=\"_blank\">proposition alternative <\/a>qui r\u00e9pondait \u00e0 tous les points de conflits soulev\u00e9s par \u00ab\u00a0Werken aan de Ring\u00a0\u00bb et les communes limitrophes. Cette proposition a \u00e9t\u00e9 longuement discut\u00e9e avec les experts de \u00ab\u00a0Werken aan de Ring\u00a0\u00bb. Nous pensons pouvoir dire qu\u2019ils \u00e9taient fort int\u00e9ress\u00e9s par celle-ci. Pour nous, cela reste la seule option qui r\u00e8glera les diff\u00e9rents probl\u00e8mes rencontr\u00e9s. Cette proposition comprend entre autres l\u2019abaissement et le recouvrement du ring permettant ainsi d\u2019am\u00e9nager les \u00e9changeurs au-dessus du ring. Un scan des plans peut \u00eatre obtenu en contactant Yves Van Parys au 0475\/75 09 43<\/p>\n","protected":false},"excerpt":{"rendered":"<p>Depuis de tr\u00e8s nombreuses ann\u00e9es, le ring \u00e0 hauteur de Wemmel pose de gros probl\u00e8mes. Des travaux y \u00e9taient r\u00e9guli\u00e8rement annonc\u00e9s. En 2018, un projet m\u00e9galomane a \u00e9t\u00e9 soumis \u00e0 enqu\u00eate publique, proposant un \u00e9largissement jusqu\u2019\u00e0 7 voies de circulation<\/p>\n","protected":false},"author":3,"featured_media":0,"parent":1542,"menu_order":0,"comment_status":"closed","ping_status":"closed","template":"","meta":{"_uag_custom_page_level_css":"","ngg_post_thumbnail":0,"footnotes":""},"class_list":["post-1502","page","type-page","status-publish","hentry"],"uagb_featured_image_src":{"full":false,"thumbnail":false,"medium":false,"medium_large":false,"large":false,"1536x1536":false,"2048x2048":false,"featured-blog-large":false,"featured-blog-medium":false,"featured":false,"featured-blog-medium-small":false},"uagb_author_info":{"display_name":"Bernadette Jambe","author_link":"https:\/\/ronkelcomite.be\/fr\/author\/bernadette\/"},"uagb_comment_info":0,"uagb_excerpt":"Depuis de tr\u00e8s nombreuses ann\u00e9es, le ring \u00e0 hauteur de Wemmel pose de gros probl\u00e8mes. Des travaux y \u00e9taient r\u00e9guli\u00e8rement annonc\u00e9s. En 2018, un projet m\u00e9galomane a \u00e9t\u00e9 soumis \u00e0 enqu\u00eate publique, proposant un \u00e9largissement jusqu\u2019\u00e0 7 voies de circulation","_links":{"self":[{"href":"https:\/\/ronkelcomite.be\/fr\/wp-json\/wp\/v2\/pages\/1502","targetHints":{"allow":["GET"]}}],"collection":[{"href":"https:\/\/ronkelcomite.be\/fr\/wp-json\/wp\/v2\/pages"}],"about":[{"href":"https:\/\/ronkelcomite.be\/fr\/wp-json\/wp\/v2\/types\/page"}],"author":[{"embeddable":true,"href":"https:\/\/ronkelcomite.be\/fr\/wp-json\/wp\/v2\/users\/3"}],"replies":[{"embeddable":true,"href":"https:\/\/ronkelcomite.be\/fr\/wp-json\/wp\/v2\/comments?post=1502"}],"version-history":[{"count":7,"href":"https:\/\/ronkelcomite.be\/fr\/wp-json\/wp\/v2\/pages\/1502\/revisions"}],"predecessor-version":[{"id":2854,"href":"https:\/\/ronkelcomite.be\/fr\/wp-json\/wp\/v2\/pages\/1502\/revisions\/2854"}],"up":[{"embeddable":true,"href":"https:\/\/ronkelcomite.be\/fr\/wp-json\/wp\/v2\/pages\/1542"}],"wp:attachment":[{"href":"https:\/\/ronkelcomite.be\/fr\/wp-json\/wp\/v2\/media?parent=1502"}],"curies":[{"name":"wp","href":"https:\/\/api.w.org\/{rel}","templated":true}]}}