{"id":1504,"date":"2021-07-09T19:21:07","date_gmt":"2021-07-09T19:21:07","guid":{"rendered":"http:\/\/ronkelcomite.be\/fr\/?page_id=1504"},"modified":"2021-07-11T17:42:33","modified_gmt":"2021-07-11T17:42:33","slug":"garage-mercedes","status":"publish","type":"page","link":"https:\/\/ronkelcomite.be\/fr\/quartier-durable\/garage-mercedes\/","title":{"rendered":"Garage \u00ab\u00a0Mercedes\u00a0\u00bb"},"content":{"rendered":"\n<p>Fin juin 2020, une enqu\u00eate publique annon\u00e7ait l\u2019intention du concessionnaire Mercedes de la chauss\u00e9e de Bruxelles d\u2019\u00e9tendre son parking sur les terrains agricoles class\u00e9s en cr\u00e9ant une voirie \u00e0 l\u2019arri\u00e8re des maisons. <\/p>\n\n\n\n<p>La mobilisation commune du quartier Ronkel et de la chauss\u00e9e de Bruxelles fut tr\u00e8s importante vu les nuisances d\u00e9j\u00e0 cr\u00e9\u00e9es par cette entreprise (bruit, stationnement irr\u00e9gulier, lumi\u00e8re disproportionn\u00e9e de nuit). <\/p>\n\n\n\n<p>Ensemble, nous avons recueilli plus de 180 <a href=\"http:\/\/ronkelcomite.be\/wp-content\/uploads\/2021\/07\/Demande-Certificat-urbanisme-Mercedes-v5.pdf\">lettres<\/a> d\u2019opposition \u00e0 ce projet. Elles ont \u00e9t\u00e9 d\u00e9pos\u00e9es aupr\u00e8s des autorit\u00e9s r\u00e9gionales.<\/p>\n\n\n\n<p>Cette entreprise est situ\u00e9e en zone d\u2019habitat et d\u00e9j\u00e0 une partie du parking actuel est en zone agricole et n\u2019aurait donc jamais d\u00fb pouvoir s\u2019installer \u00e0 cet endroit.<\/p>\n\n\n\n<p>N&rsquo;ayant aucune nouvelle, ni de la commune ni de la r\u00e9gion, nous avons envoy\u00e9 un courrier d\u00e9but juillet 2021 au service \u00ab\u00a0Omgeving\u00a0\u00bb de la r\u00e9gion. Dans leur r\u00e9ponse, ils nous informent qu&rsquo;aucune d\u00e9cision n&rsquo;a encore \u00e9t\u00e9 prise mais que des<a href=\"http:\/\/ronkelcomite.be\/wp-content\/uploads\/2021\/07\/Mail-Gmail-aanvraag-van-een-planologisch-attest-voor-Mercedes-Benz-Wemmel.pdf\" target=\"_blank\" rel=\"noreferrer noopener\"> n\u00e9gociations ont lieu entre la R\u00e9gion, la Commune et Mercedes<\/a>. De quoi s&rsquo;agit-il exactement ? Nous restons tr\u00e8s vigilants et mobilis\u00e9s.<\/p>\n","protected":false},"excerpt":{"rendered":"<p>Fin juin 2020, une enqu\u00eate publique annon\u00e7ait l\u2019intention du concessionnaire Mercedes de la chauss\u00e9e de Bruxelles d\u2019\u00e9tendre son parking sur les terrains agricoles class\u00e9s en cr\u00e9ant une voirie \u00e0 l\u2019arri\u00e8re des maisons. La mobilisation commune du quartier Ronkel et de<\/p>\n","protected":false},"author":3,"featured_media":0,"parent":1542,"menu_order":0,"comment_status":"closed","ping_status":"closed","template":"","meta":{"_uag_custom_page_level_css":"","ngg_post_thumbnail":0,"footnotes":""},"class_list":["post-1504","page","type-page","status-publish","hentry"],"uagb_featured_image_src":{"full":false,"thumbnail":false,"medium":false,"medium_large":false,"large":false,"1536x1536":false,"2048x2048":false,"featured-blog-large":false,"featured-blog-medium":false,"featured":false,"featured-blog-medium-small":false},"uagb_author_info":{"display_name":"Bernadette Jambe","author_link":"https:\/\/ronkelcomite.be\/fr\/author\/bernadette\/"},"uagb_comment_info":0,"uagb_excerpt":"Fin juin 2020, une enqu\u00eate publique annon\u00e7ait l\u2019intention du concessionnaire Mercedes de la chauss\u00e9e de Bruxelles d\u2019\u00e9tendre son parking sur les terrains agricoles class\u00e9s en cr\u00e9ant une voirie \u00e0 l\u2019arri\u00e8re des maisons. La mobilisation commune du quartier Ronkel et de","_links":{"self":[{"href":"https:\/\/ronkelcomite.be\/fr\/wp-json\/wp\/v2\/pages\/1504","targetHints":{"allow":["GET"]}}],"collection":[{"href":"https:\/\/ronkelcomite.be\/fr\/wp-json\/wp\/v2\/pages"}],"about":[{"href":"https:\/\/ronkelcomite.be\/fr\/wp-json\/wp\/v2\/types\/page"}],"author":[{"embeddable":true,"href":"https:\/\/ronkelcomite.be\/fr\/wp-json\/wp\/v2\/users\/3"}],"replies":[{"embeddable":true,"href":"https:\/\/ronkelcomite.be\/fr\/wp-json\/wp\/v2\/comments?post=1504"}],"version-history":[{"count":6,"href":"https:\/\/ronkelcomite.be\/fr\/wp-json\/wp\/v2\/pages\/1504\/revisions"}],"predecessor-version":[{"id":1669,"href":"https:\/\/ronkelcomite.be\/fr\/wp-json\/wp\/v2\/pages\/1504\/revisions\/1669"}],"up":[{"embeddable":true,"href":"https:\/\/ronkelcomite.be\/fr\/wp-json\/wp\/v2\/pages\/1542"}],"wp:attachment":[{"href":"https:\/\/ronkelcomite.be\/fr\/wp-json\/wp\/v2\/media?parent=1504"}],"curies":[{"name":"wp","href":"https:\/\/api.w.org\/{rel}","templated":true}]}}