{"id":1505,"date":"2021-05-24T20:28:57","date_gmt":"2021-05-24T20:28:57","guid":{"rendered":"http:\/\/ronkelcomite.be\/fr\/?page_id=1505"},"modified":"2021-07-10T08:22:24","modified_gmt":"2021-07-10T08:22:24","slug":"paysage-nourricier-voedsel-landschap","status":"publish","type":"page","link":"https:\/\/ronkelcomite.be\/fr\/quartier-durable\/paysage-nourricier-voedsel-landschap\/","title":{"rendered":"Paysage nourricier (voedsel landschap)"},"content":{"rendered":"\n<p>Le <a href=\"https:\/\/www.innovatiesteunpunt.be\/nl\/projecten\/voedsellandschap-verkenning-en-participatietraject\">Vlaams Land Maatschappij<\/a> souhaite d\u00e9velopper des zones r\u00e9serv\u00e9es \u00e0 la culture de denr\u00e9es alimentaire en circuit court. L\u2019un des crit\u00e8res est que ce projet soit soutenu par les riverains. Or, notre comit\u00e9 de quartier d\u00e9veloppe depuis un certain temps la promotion de produits locaux. <\/p>\n\n\n\n<p>En mars 2021, deux zones sont encore en lice en Flandre. Le but est de conserver des terrains agricoles \u00e0 proximit\u00e9 des villes qui permettrait d\u2019y cultiver des denr\u00e9es alimentaires en circuit court. Ces terrains deviennent rares et sont la plupart du temps utilis\u00e9s pour des cultures \u00e0 destination de firmes agro-alimentaires pour l\u2019\u00e9levage et la grande distribution.<\/p>\n\n\n\n<p>Le projet autour du Ronkelhof et du Hooghof est d\u00e9crit \u00e0 partir de 10:20 dans la <a rel=\"noreferrer noopener\" href=\"https:\/\/www.youtube.com\/watch?v=IZr75yM9FLg\" target=\"_blank\">video utube<\/a><\/p>\n\n\n\n<figure class=\"wp-block-image size-large\"><a href=\"https:\/\/www.innovatiesteunpunt.be\/nl\/projecten\/voedsellandschap-verkenning-en-participatietraject\" target=\"_blank\" rel=\"noopener\"><img loading=\"lazy\" decoding=\"async\" width=\"1024\" height=\"702\" src=\"http:\/\/ronkelcomite.be\/wp-content\/uploads\/2021\/07\/voedsel-landschap-1-1024x702.png\" alt=\"\" class=\"wp-image-1601\" srcset=\"https:\/\/ronkelcomite.be\/wp-content\/uploads\/2021\/07\/voedsel-landschap-1-1024x702.png 1024w, https:\/\/ronkelcomite.be\/wp-content\/uploads\/2021\/07\/voedsel-landschap-1-300x206.png 300w, https:\/\/ronkelcomite.be\/wp-content\/uploads\/2021\/07\/voedsel-landschap-1-768x527.png 768w, https:\/\/ronkelcomite.be\/wp-content\/uploads\/2021\/07\/voedsel-landschap-1.png 1142w\" sizes=\"auto, (max-width: 1024px) 100vw, 1024px\" \/><\/a><\/figure>\n\n\n\n<p><\/p>\n","protected":false},"excerpt":{"rendered":"<p>Le Vlaams Land Maatschappij souhaite d\u00e9velopper des zones r\u00e9serv\u00e9es \u00e0 la culture de denr\u00e9es alimentaire en circuit court. L\u2019un des crit\u00e8res est que ce projet soit soutenu par les riverains. Or, notre comit\u00e9 de quartier d\u00e9veloppe depuis un certain temps<\/p>\n","protected":false},"author":3,"featured_media":0,"parent":1542,"menu_order":0,"comment_status":"closed","ping_status":"closed","template":"","meta":{"_uag_custom_page_level_css":"","ngg_post_thumbnail":0,"footnotes":""},"class_list":["post-1505","page","type-page","status-publish","hentry"],"uagb_featured_image_src":{"full":false,"thumbnail":false,"medium":false,"medium_large":false,"large":false,"1536x1536":false,"2048x2048":false,"featured-blog-large":false,"featured-blog-medium":false,"featured":false,"featured-blog-medium-small":false},"uagb_author_info":{"display_name":"Bernadette Jambe","author_link":"https:\/\/ronkelcomite.be\/fr\/author\/bernadette\/"},"uagb_comment_info":0,"uagb_excerpt":"Le Vlaams Land Maatschappij souhaite d\u00e9velopper des zones r\u00e9serv\u00e9es \u00e0 la culture de denr\u00e9es alimentaire en circuit court. L\u2019un des crit\u00e8res est que ce projet soit soutenu par les riverains. Or, notre comit\u00e9 de quartier d\u00e9veloppe depuis un certain temps","_links":{"self":[{"href":"https:\/\/ronkelcomite.be\/fr\/wp-json\/wp\/v2\/pages\/1505","targetHints":{"allow":["GET"]}}],"collection":[{"href":"https:\/\/ronkelcomite.be\/fr\/wp-json\/wp\/v2\/pages"}],"about":[{"href":"https:\/\/ronkelcomite.be\/fr\/wp-json\/wp\/v2\/types\/page"}],"author":[{"embeddable":true,"href":"https:\/\/ronkelcomite.be\/fr\/wp-json\/wp\/v2\/users\/3"}],"replies":[{"embeddable":true,"href":"https:\/\/ronkelcomite.be\/fr\/wp-json\/wp\/v2\/comments?post=1505"}],"version-history":[{"count":8,"href":"https:\/\/ronkelcomite.be\/fr\/wp-json\/wp\/v2\/pages\/1505\/revisions"}],"predecessor-version":[{"id":1631,"href":"https:\/\/ronkelcomite.be\/fr\/wp-json\/wp\/v2\/pages\/1505\/revisions\/1631"}],"up":[{"embeddable":true,"href":"https:\/\/ronkelcomite.be\/fr\/wp-json\/wp\/v2\/pages\/1542"}],"wp:attachment":[{"href":"https:\/\/ronkelcomite.be\/fr\/wp-json\/wp\/v2\/media?parent=1505"}],"curies":[{"name":"wp","href":"https:\/\/api.w.org\/{rel}","templated":true}]}}