{"id":1507,"date":"2021-05-24T20:29:54","date_gmt":"2021-05-24T20:29:54","guid":{"rendered":"http:\/\/ronkelcomite.be\/fr\/?page_id=1507"},"modified":"2023-01-19T21:18:19","modified_gmt":"2023-01-19T21:18:19","slug":"plan-de-mobilite","status":"publish","type":"page","link":"https:\/\/ronkelcomite.be\/fr\/plan-de-mobilite\/","title":{"rendered":"Plan de mobilit\u00e9"},"content":{"rendered":"\n<p class=\"has-vivid-cyan-blue-color has-text-color\"><strong>La douche froide en 2021<\/strong><\/p>\n\n\n\n<p>C\u2019est avec \u00e9moi que les ronkelois et les habitants de la chauss\u00e9e de Bruxelles ont d\u00e9couvert l\u2019enqu\u00eate mobilit\u00e9 lanc\u00e9e par la commune en <strong>mars 2021<\/strong>, particuli\u00e8rement le point concernant l\u2019\u00e9ventuelle expropriation de maisons situ\u00e9es sur la chauss\u00e9e de Bruxelles et le projet de nouvelle bretelle d\u2019autoroute traversant la zone class\u00e9e du quartier Ronkel, supprimant ainsi plus de 10 ha de terres agricoles. <\/p>\n\n\n\n<p>Notre comit\u00e9 a donc r\u00e9agi en envoyant une<a rel=\"noreferrer noopener\" href=\"http:\/\/ronkelcomite.be\/wp-content\/uploads\/2021\/07\/lettre-Plan-de-mobilite.pdf\" target=\"_blank\"> lettre \u00e0 la commune<\/a> afin d\u2019expliquer les raisons pour lesquelles nous pensons que ce projet est irr\u00e9aliste et ne s\u2019attaque pas du tout au fond du probl\u00e8me. Il ne fait que le d\u00e9placer en montant les riverains des diff\u00e9rents quartiers les uns contre les autres.<\/p>\n\n\n\n<p class=\"has-vivid-cyan-blue-color has-text-color\"><strong>Bonne ann\u00e9e 2023&nbsp;!<\/strong><\/p>\n\n\n\n<p>Apr\u00e8s de nombreuses prises de positions du RonkelComit\u00e9 lors des diverses s\u00e9ances d\u2019informations, nous pouvons vous annoncer une bonne nouvelle&nbsp;: le Conseil communal de Wemmel du <strong>15 d\u00e9cembre 2022 <\/strong>approuve les plans de gestion et d&rsquo;actions mobilit\u00e9 de Wemmel.<\/p>\n\n\n\n<p>Ce plan abandonne le projet de construire un acc\u00e8s \u00e0 l\u2019autoroute via les terrains agricoles class\u00e9s autour du Ronkelhof.<\/p>\n\n\n\n<figure class=\"wp-block-image size-large\"><img loading=\"lazy\" decoding=\"async\" width=\"1024\" height=\"683\" src=\"http:\/\/ronkelcomite.be\/wp-content\/uploads\/2023\/01\/P1170820-1024x683.jpg\" alt=\"\" class=\"wp-image-2556\" srcset=\"https:\/\/ronkelcomite.be\/wp-content\/uploads\/2023\/01\/P1170820-1024x683.jpg 1024w, https:\/\/ronkelcomite.be\/wp-content\/uploads\/2023\/01\/P1170820-300x200.jpg 300w, https:\/\/ronkelcomite.be\/wp-content\/uploads\/2023\/01\/P1170820-768x512.jpg 768w, https:\/\/ronkelcomite.be\/wp-content\/uploads\/2023\/01\/P1170820-1536x1024.jpg 1536w, https:\/\/ronkelcomite.be\/wp-content\/uploads\/2023\/01\/P1170820.jpg 1620w\" sizes=\"auto, (max-width: 1024px) 100vw, 1024px\" \/><\/figure>\n","protected":false},"excerpt":{"rendered":"<p>La douche froide en 2021 C\u2019est avec \u00e9moi que les ronkelois et les habitants de la chauss\u00e9e de Bruxelles ont d\u00e9couvert l\u2019enqu\u00eate mobilit\u00e9 lanc\u00e9e par la commune en mars 2021, particuli\u00e8rement le point concernant l\u2019\u00e9ventuelle expropriation de maisons situ\u00e9es sur<\/p>\n","protected":false},"author":3,"featured_media":0,"parent":0,"menu_order":0,"comment_status":"closed","ping_status":"closed","template":"","meta":{"_uag_custom_page_level_css":"","ngg_post_thumbnail":0,"footnotes":""},"class_list":["post-1507","page","type-page","status-publish","hentry"],"uagb_featured_image_src":{"full":false,"thumbnail":false,"medium":false,"medium_large":false,"large":false,"1536x1536":false,"2048x2048":false,"featured-blog-large":false,"featured-blog-medium":false,"featured":false,"featured-blog-medium-small":false},"uagb_author_info":{"display_name":"Bernadette Jambe","author_link":"https:\/\/ronkelcomite.be\/fr\/author\/bernadette\/"},"uagb_comment_info":0,"uagb_excerpt":"La douche froide en 2021 C\u2019est avec \u00e9moi que les ronkelois et les habitants de la chauss\u00e9e de Bruxelles ont d\u00e9couvert l\u2019enqu\u00eate mobilit\u00e9 lanc\u00e9e par la commune en mars 2021, particuli\u00e8rement le point concernant l\u2019\u00e9ventuelle expropriation de maisons situ\u00e9es sur","_links":{"self":[{"href":"https:\/\/ronkelcomite.be\/fr\/wp-json\/wp\/v2\/pages\/1507","targetHints":{"allow":["GET"]}}],"collection":[{"href":"https:\/\/ronkelcomite.be\/fr\/wp-json\/wp\/v2\/pages"}],"about":[{"href":"https:\/\/ronkelcomite.be\/fr\/wp-json\/wp\/v2\/types\/page"}],"author":[{"embeddable":true,"href":"https:\/\/ronkelcomite.be\/fr\/wp-json\/wp\/v2\/users\/3"}],"replies":[{"embeddable":true,"href":"https:\/\/ronkelcomite.be\/fr\/wp-json\/wp\/v2\/comments?post=1507"}],"version-history":[{"count":12,"href":"https:\/\/ronkelcomite.be\/fr\/wp-json\/wp\/v2\/pages\/1507\/revisions"}],"predecessor-version":[{"id":2561,"href":"https:\/\/ronkelcomite.be\/fr\/wp-json\/wp\/v2\/pages\/1507\/revisions\/2561"}],"wp:attachment":[{"href":"https:\/\/ronkelcomite.be\/fr\/wp-json\/wp\/v2\/media?parent=1507"}],"curies":[{"name":"wp","href":"https:\/\/api.w.org\/{rel}","templated":true}]}}