{"id":1542,"date":"2021-07-09T19:55:46","date_gmt":"2021-07-09T19:55:46","guid":{"rendered":"http:\/\/ronkelcomite.be\/fr\/?page_id=1542"},"modified":"2021-07-10T08:42:42","modified_gmt":"2021-07-10T08:42:42","slug":"quartier-durable","status":"publish","type":"page","link":"https:\/\/ronkelcomite.be\/fr\/quartier-durable\/","title":{"rendered":"Quartier durable"},"content":{"rendered":"\n<p>La pr\u00e9servation du caract\u00e8re rural de notre quartier est centrale pour nous. Nous sommes donc tr\u00e8s attentifs et r\u00e9actifs lorsque des projets de nature \u00e0 le pr\u00e9server ou le menacer sont mis \u00e0 l\u2019ordre du jour.<\/p>\n\n\n\n<div class=\"wp-block-columns is-layout-flex wp-container-core-columns-is-layout-28f84493 wp-block-columns-is-layout-flex\">\n<div class=\"wp-block-column is-layout-flow wp-block-column-is-layout-flow\">\n<div class=\"wp-block-uagb-call-to-action uagb-cta__outer-wrap uagb-block-f13e1276\"><a href=\"http:\/\/ronkelcomite.be\/fr\/plan-de-mobilite\/\" class=\"uagb-cta__block-link-wrap uagb-cta__link-to-all\" target=\"_blank\" rel=\"noopener noreferrer\"><\/a><div class=\"uagb-cta__content-wrap uagb-cta__block uagb-cta__icon-position-right uagb-cta__content-right uagb-cta__content-stacked-tablet uagb-cta__button-valign-middle uagb-cta__button-type-none \"><div class=\"uagb-cta__left-right-wrap\"><div class=\"uagb-cta__content\"><div class=\"uagb-cta__title-wrap\"><h3 class=\"uagb-cta__title\">Plan de secteur (Structuurplan)<\/h3><\/div><div class=\"uagb-cta-text-wrap\"><p class=\"uagb-cta__desc\"><br>Du 3 mai au 31 juillet 2010, le plan communal de structure en mati\u00e8re d\u2019urbanisme a \u00e9t\u00e9 soumis \u00e0 enqu\u00eate publique. &#8230;<\/p><\/div><\/div><div class=\"uagb-cta__link-wrapper uagb-cta__block-link-style\"><\/div><\/div><\/div><\/div>\n\n\n\n<figure class=\"wp-block-image size-large\"><a href=\"http:\/\/ronkelcomite.be\/fr\/plan-de-mobilite\/\"><img loading=\"lazy\" decoding=\"async\" width=\"1024\" height=\"702\" src=\"http:\/\/ronkelcomite.be\/wp-content\/uploads\/2021\/07\/structuurplan-1024x702.png\" alt=\"\" class=\"wp-image-1585\" srcset=\"https:\/\/ronkelcomite.be\/wp-content\/uploads\/2021\/07\/structuurplan-1024x702.png 1024w, https:\/\/ronkelcomite.be\/wp-content\/uploads\/2021\/07\/structuurplan-300x206.png 300w, https:\/\/ronkelcomite.be\/wp-content\/uploads\/2021\/07\/structuurplan-768x527.png 768w, https:\/\/ronkelcomite.be\/wp-content\/uploads\/2021\/07\/structuurplan.png 1142w\" sizes=\"auto, (max-width: 1024px) 100vw, 1024px\" \/><\/a><\/figure>\n<\/div>\n\n\n\n<div class=\"wp-block-column is-layout-flow wp-block-column-is-layout-flow\">\n<div class=\"wp-block-uagb-call-to-action uagb-cta__outer-wrap uagb-block-2b30b53b\"><a href=\"http:\/\/ronkelcomite.be\/fr\/quartier-durable\/classificatie\/\" class=\"uagb-cta__block-link-wrap uagb-cta__link-to-all\" target=\"_blank\" rel=\"noopener noreferrer\"><\/a><div class=\"uagb-cta__content-wrap uagb-cta__block uagb-cta__icon-position-right uagb-cta__content-right uagb-cta__content-stacked-tablet uagb-cta__button-valign-middle uagb-cta__button-type-none \"><div class=\"uagb-cta__left-right-wrap\"><div class=\"uagb-cta__content\"><div class=\"uagb-cta__title-wrap\"><h3 class=\"uagb-cta__title\">Classement<\/h3><\/div><div class=\"uagb-cta-text-wrap\"><p class=\"uagb-cta__desc\"><br>Afin de pr\u00e9server et mettre en valeur le patrimoine culturel et historique de notre quartier, nous avons introduit une demande de classement&#8230;<\/p><\/div><\/div><div class=\"uagb-cta__link-wrapper uagb-cta__block-link-style\"><\/div><\/div><\/div><\/div>\n\n\n\n<div class=\"wp-block-image\"><figure class=\"aligncenter size-large is-resized\"><a href=\"http:\/\/ronkelcomite.be\/fr\/quartier-durable\/classificatie\/\"><img loading=\"lazy\" decoding=\"async\" src=\"http:\/\/ronkelcomite.be\/wp-content\/uploads\/2021\/07\/Logo-Bordje-Beschermd-Cultuurhistorisch-landschap.jpg\" alt=\"\" class=\"wp-image-1546\" width=\"134\" height=\"196\" srcset=\"https:\/\/ronkelcomite.be\/wp-content\/uploads\/2021\/07\/Logo-Bordje-Beschermd-Cultuurhistorisch-landschap.jpg 268w, https:\/\/ronkelcomite.be\/wp-content\/uploads\/2021\/07\/Logo-Bordje-Beschermd-Cultuurhistorisch-landschap-206x300.jpg 206w\" sizes=\"auto, (max-width: 134px) 100vw, 134px\" \/><\/a><\/figure><\/div>\n<\/div>\n\n\n\n<div class=\"wp-block-column is-layout-flow wp-block-column-is-layout-flow\">\n<div class=\"wp-block-uagb-call-to-action uagb-cta__outer-wrap uagb-block-5220fb3b\"><a href=\"http:\/\/ronkelcomite.be\/fr\/quartier-durable\/ring\/\" class=\"uagb-cta__block-link-wrap uagb-cta__link-to-all\" target=\"\" rel=\"noopener noreferrer\"><\/a><div class=\"uagb-cta__content-wrap uagb-cta__block uagb-cta__icon-position-right uagb-cta__content-right uagb-cta__content-stacked-tablet uagb-cta__button-valign-middle uagb-cta__button-type-none \"><div class=\"uagb-cta__left-right-wrap\"><div class=\"uagb-cta__content\"><div class=\"uagb-cta__title-wrap\"><h3 class=\"uagb-cta__title\">Ring<\/h3><\/div><div class=\"uagb-cta-text-wrap\"><p class=\"uagb-cta__desc\"><br>Depuis de tr\u00e8s nombreuses ann\u00e9es, le ring \u00e0 hauteur de Wemmel pose de gros probl\u00e8mes&#8230;<\/p><\/div><\/div><div class=\"uagb-cta__link-wrapper uagb-cta__block-link-style\"><\/div><\/div><\/div><\/div>\n\n\n\n<figure class=\"wp-block-image size-large\"><a href=\"http:\/\/ronkelcomite.be\/fr\/quartier-durable\/ring\/\"><img loading=\"lazy\" decoding=\"async\" width=\"1024\" height=\"577\" src=\"http:\/\/ronkelcomite.be\/wp-content\/uploads\/2021\/07\/B9718848526Z.1_20190310152645_000GK1D54IV6.1-0-1024x577.jpg\" alt=\"\" class=\"wp-image-1544\" srcset=\"https:\/\/ronkelcomite.be\/wp-content\/uploads\/2021\/07\/B9718848526Z.1_20190310152645_000GK1D54IV6.1-0-1024x577.jpg 1024w, https:\/\/ronkelcomite.be\/wp-content\/uploads\/2021\/07\/B9718848526Z.1_20190310152645_000GK1D54IV6.1-0-300x169.jpg 300w, https:\/\/ronkelcomite.be\/wp-content\/uploads\/2021\/07\/B9718848526Z.1_20190310152645_000GK1D54IV6.1-0-768x432.jpg 768w, https:\/\/ronkelcomite.be\/wp-content\/uploads\/2021\/07\/B9718848526Z.1_20190310152645_000GK1D54IV6.1-0-1536x865.jpg 1536w, https:\/\/ronkelcomite.be\/wp-content\/uploads\/2021\/07\/B9718848526Z.1_20190310152645_000GK1D54IV6.1-0.jpg 1918w\" sizes=\"auto, (max-width: 1024px) 100vw, 1024px\" \/><\/a><\/figure>\n<\/div>\n<\/div>\n\n\n\n<div class=\"wp-block-columns is-layout-flex wp-container-core-columns-is-layout-28f84493 wp-block-columns-is-layout-flex\">\n<div class=\"wp-block-column is-layout-flow wp-block-column-is-layout-flow\">\n<div class=\"wp-block-uagb-call-to-action uagb-cta__outer-wrap uagb-block-8a70039f\"><a href=\"http:\/\/ronkelcomite.be\/fr\/quartier-durable\/garage-mercedes\/\" class=\"uagb-cta__block-link-wrap uagb-cta__link-to-all\" target=\"_blank\" rel=\"noopener noreferrer\"><\/a><div class=\"uagb-cta__content-wrap uagb-cta__block uagb-cta__icon-position-right uagb-cta__content-right uagb-cta__content-stacked-tablet uagb-cta__button-valign-middle uagb-cta__button-type-none \"><div class=\"uagb-cta__left-right-wrap\"><div class=\"uagb-cta__content\"><div class=\"uagb-cta__title-wrap\"><h3 class=\"uagb-cta__title\">Mercedes<\/h3><\/div><div class=\"uagb-cta-text-wrap\"><p class=\"uagb-cta__desc\">Fin juin 2020, une enqu\u00eate publique annon\u00e7ait l\u2019intention du concessionnaire Mercedes de la chauss\u00e9e de Bruxelles d\u2019\u00e9tendre son parking sur les terrains agricoles class\u00e9s&#8230;<\/p><\/div><\/div><div class=\"uagb-cta__link-wrapper uagb-cta__block-link-style\"><\/div><\/div><\/div><\/div>\n\n\n\n<figure class=\"wp-block-image size-large\"><a href=\"http:\/\/ronkelcomite.be\/fr\/quartier-durable\/garage-mercedes\/\"><img loading=\"lazy\" decoding=\"async\" width=\"1002\" height=\"673\" src=\"http:\/\/ronkelcomite.be\/wp-content\/uploads\/2021\/07\/Mercedes-2-1.png\" alt=\"\" class=\"wp-image-1559\" srcset=\"https:\/\/ronkelcomite.be\/wp-content\/uploads\/2021\/07\/Mercedes-2-1.png 1002w, https:\/\/ronkelcomite.be\/wp-content\/uploads\/2021\/07\/Mercedes-2-1-300x201.png 300w, https:\/\/ronkelcomite.be\/wp-content\/uploads\/2021\/07\/Mercedes-2-1-768x516.png 768w\" sizes=\"auto, (max-width: 1002px) 100vw, 1002px\" \/><\/a><\/figure>\n<\/div>\n\n\n\n<div class=\"wp-block-column is-layout-flow wp-block-column-is-layout-flow\">\n<div class=\"wp-block-uagb-call-to-action uagb-cta__outer-wrap uagb-block-54c1a4e5\"><a href=\"http:\/\/ronkelcomite.be\/fr\/quartier-durable\/paysage-nourricier-voedsel-landschap\/\" class=\"uagb-cta__block-link-wrap uagb-cta__link-to-all\" target=\"_blank\" rel=\"noopener noreferrer\"><\/a><div class=\"uagb-cta__content-wrap uagb-cta__block uagb-cta__icon-position-right uagb-cta__content-right uagb-cta__content-stacked-tablet uagb-cta__button-valign-middle uagb-cta__button-type-none \"><div class=\"uagb-cta__left-right-wrap\"><div class=\"uagb-cta__content\"><div class=\"uagb-cta__title-wrap\"><h3 class=\"uagb-cta__title\">Paysage nourricier <\/h3><\/div><div class=\"uagb-cta-text-wrap\"><p class=\"uagb-cta__desc\">Le Vlaams Land Maatschappij souhaite d\u00e9velopper des zones r\u00e9serv\u00e9es \u00e0 la culture de denr\u00e9es alimentaire en circuit court&#8230;.<br><\/p><\/div><\/div><div class=\"uagb-cta__link-wrapper uagb-cta__block-link-style\"><\/div><\/div><\/div><\/div>\n\n\n\n<figure class=\"wp-block-image size-large\"><a href=\"http:\/\/ronkelcomite.be\/fr\/quartier-durable\/paysage-nourricier-voedsel-landschap\/\" target=\"_blank\" rel=\"noopener\"><img loading=\"lazy\" decoding=\"async\" width=\"1024\" height=\"683\" src=\"http:\/\/ronkelcomite.be\/wp-content\/uploads\/2021\/07\/P1160122-1-1024x683.jpg\" alt=\"\" class=\"wp-image-1608\" srcset=\"https:\/\/ronkelcomite.be\/wp-content\/uploads\/2021\/07\/P1160122-1-1024x683.jpg 1024w, https:\/\/ronkelcomite.be\/wp-content\/uploads\/2021\/07\/P1160122-1-300x200.jpg 300w, https:\/\/ronkelcomite.be\/wp-content\/uploads\/2021\/07\/P1160122-1-768x512.jpg 768w, https:\/\/ronkelcomite.be\/wp-content\/uploads\/2021\/07\/P1160122-1-1536x1024.jpg 1536w, https:\/\/ronkelcomite.be\/wp-content\/uploads\/2021\/07\/P1160122-1.jpg 1620w\" sizes=\"auto, (max-width: 1024px) 100vw, 1024px\" \/><\/a><\/figure>\n<\/div>\n\n\n\n<div class=\"wp-block-column is-layout-flow wp-block-column-is-layout-flow\">\n<div class=\"wp-block-uagb-call-to-action uagb-cta__outer-wrap uagb-block-490e3b31\"><a href=\"http:\/\/ronkelcomite.be\/fr\/plan-de-mobilite\/\" class=\"uagb-cta__block-link-wrap uagb-cta__link-to-all\" target=\"_blank\" rel=\"noopener noreferrer\"><\/a><div class=\"uagb-cta__content-wrap uagb-cta__block uagb-cta__icon-position-right uagb-cta__content-right uagb-cta__content-stacked-tablet uagb-cta__button-valign-middle uagb-cta__button-type-none \"><div class=\"uagb-cta__left-right-wrap\"><div class=\"uagb-cta__content\"><div class=\"uagb-cta__title-wrap\"><h3 class=\"uagb-cta__title\">Plan de mobilit\u00e9<\/h3><\/div><div class=\"uagb-cta-text-wrap\"><p class=\"uagb-cta__desc\">C\u2019est avec \u00e9moi que les ronkelois et les habitants de la chauss\u00e9e de Bruxelles ont d\u00e9couvert l\u2019enqu\u00eate mobilit\u00e9 lanc\u00e9e par la commune en mars 2021, &#8230;<br><\/p><\/div><\/div><div class=\"uagb-cta__link-wrapper uagb-cta__block-link-style\"><\/div><\/div><\/div><\/div>\n\n\n\n<figure class=\"wp-block-image size-large\"><a href=\"http:\/\/ronkelcomite.be\/fr\/plan-de-mobilite\/\"><img loading=\"lazy\" decoding=\"async\" width=\"1024\" height=\"536\" src=\"http:\/\/ronkelcomite.be\/wp-content\/uploads\/2021\/07\/plan-mobilite-1024x536.png\" alt=\"\" class=\"wp-image-1586\" srcset=\"https:\/\/ronkelcomite.be\/wp-content\/uploads\/2021\/07\/plan-mobilite-1024x536.png 1024w, https:\/\/ronkelcomite.be\/wp-content\/uploads\/2021\/07\/plan-mobilite-300x157.png 300w, https:\/\/ronkelcomite.be\/wp-content\/uploads\/2021\/07\/plan-mobilite-768x402.png 768w, https:\/\/ronkelcomite.be\/wp-content\/uploads\/2021\/07\/plan-mobilite.png 1321w\" sizes=\"auto, (max-width: 1024px) 100vw, 1024px\" \/><\/a><\/figure>\n<\/div>\n<\/div>\n","protected":false},"excerpt":{"rendered":"<p>La pr\u00e9servation du caract\u00e8re rural de notre quartier est centrale pour nous. Nous sommes donc tr\u00e8s attentifs et r\u00e9actifs lorsque des projets de nature \u00e0 le pr\u00e9server ou le menacer sont mis \u00e0 l\u2019ordre du jour.<\/p>\n","protected":false},"author":3,"featured_media":0,"parent":0,"menu_order":0,"comment_status":"closed","ping_status":"closed","template":"","meta":{"_uag_custom_page_level_css":"","ngg_post_thumbnail":0,"footnotes":""},"class_list":["post-1542","page","type-page","status-publish","hentry"],"uagb_featured_image_src":{"full":false,"thumbnail":false,"medium":false,"medium_large":false,"large":false,"1536x1536":false,"2048x2048":false,"featured-blog-large":false,"featured-blog-medium":false,"featured":false,"featured-blog-medium-small":false},"uagb_author_info":{"display_name":"Bernadette Jambe","author_link":"https:\/\/ronkelcomite.be\/fr\/author\/bernadette\/"},"uagb_comment_info":0,"uagb_excerpt":"La pr\u00e9servation du caract\u00e8re rural de notre quartier est centrale pour nous. Nous sommes donc tr\u00e8s attentifs et r\u00e9actifs lorsque des projets de nature \u00e0 le pr\u00e9server ou le menacer sont mis \u00e0 l\u2019ordre du jour.","_links":{"self":[{"href":"https:\/\/ronkelcomite.be\/fr\/wp-json\/wp\/v2\/pages\/1542","targetHints":{"allow":["GET"]}}],"collection":[{"href":"https:\/\/ronkelcomite.be\/fr\/wp-json\/wp\/v2\/pages"}],"about":[{"href":"https:\/\/ronkelcomite.be\/fr\/wp-json\/wp\/v2\/types\/page"}],"author":[{"embeddable":true,"href":"https:\/\/ronkelcomite.be\/fr\/wp-json\/wp\/v2\/users\/3"}],"replies":[{"embeddable":true,"href":"https:\/\/ronkelcomite.be\/fr\/wp-json\/wp\/v2\/comments?post=1542"}],"version-history":[{"count":31,"href":"https:\/\/ronkelcomite.be\/fr\/wp-json\/wp\/v2\/pages\/1542\/revisions"}],"predecessor-version":[{"id":1647,"href":"https:\/\/ronkelcomite.be\/fr\/wp-json\/wp\/v2\/pages\/1542\/revisions\/1647"}],"wp:attachment":[{"href":"https:\/\/ronkelcomite.be\/fr\/wp-json\/wp\/v2\/media?parent=1542"}],"curies":[{"name":"wp","href":"https:\/\/api.w.org\/{rel}","templated":true}]}}