{"id":1826,"date":"2021-11-28T09:40:44","date_gmt":"2021-11-28T09:40:44","guid":{"rendered":"http:\/\/ronkelcomite.be\/nl\/?page_id=1826"},"modified":"2023-02-11T11:06:09","modified_gmt":"2023-02-11T11:06:09","slug":"1826-2","status":"publish","type":"page","link":"https:\/\/ronkelcomite.be\/fr\/1826-2\/","title":{"rendered":"News"},"content":{"rendered":"\n<div class=\"wp-block-query is-layout-flow wp-block-query-is-layout-flow\"><ul class=\"wp-block-post-template is-layout-flow wp-block-post-template-is-layout-flow\"><li class=\"wp-block-post post-4292 post type-post status-publish format-standard hentry category-uncategorized\">\n<h2 class=\"wp-block-post-title\">2026\/04\/28 : Ce que dit la presse \u00e0 propos du rachat du Ronkelhof\u00a0<\/h2>\n\n<div class=\"wp-block-post-date\"><time datetime=\"2026-04-28T14:10:50+00:00\">avril 28, 2026<\/time><\/div>\n\n<div class=\"wp-block-post-excerpt\"><p class=\"wp-block-post-excerpt__excerpt\"><\/p><p class=\"wp-block-post-excerpt__more-text\"><a class=\"wp-block-post-excerpt__more-link\" href=\"https:\/\/ronkelcomite.be\/fr\/2026\/04\/28\/2026-04-28-wat-de-pers-zegt-over-de-aankoop-van-het-ronkelhof\/\">en savoir plus<\/a><\/p><\/div>\n<\/li><li class=\"wp-block-post post-4253 post type-post status-publish format-standard hentry category-uncategorized\">\n<h2 class=\"wp-block-post-title\">2026 04 23 : Le Ronkelhof est sauv\u00e9 !<\/h2>\n\n<div class=\"wp-block-post-date\"><time datetime=\"2026-04-24T13:58:30+00:00\">avril 24, 2026<\/time><\/div>\n\n<div class=\"wp-block-post-excerpt\"><p class=\"wp-block-post-excerpt__excerpt\">Merci aux autorit\u00e9s communales et aux conseillers communaux tous partis confondus Ce 23 avril, le conseil communal s&rsquo;est prononc\u00e9 par 20 voix \u00ab\u00a0pour\u00a0\u00bb et 2 absentions afin d&rsquo;acter le rachat du Ronkelhof en collaboration avec ERF et la R\u00e9gion. Ce<\/p><p class=\"wp-block-post-excerpt__more-text\"><a class=\"wp-block-post-excerpt__more-link\" href=\"https:\/\/ronkelcomite.be\/fr\/2026\/04\/24\/2026-04-23-het-ronkelhof-is-gered\/\">en savoir plus<\/a><\/p><\/div>\n<\/li><li class=\"wp-block-post post-4236 post type-post status-publish format-standard hentry category-uncategorized\">\n<h2 class=\"wp-block-post-title\">2026\/04\/16 : Conseil communal d\u00e9cisif ce 23 avril pour l\u2019avenir du Ronkehof<\/h2>\n\n<div class=\"wp-block-post-date\"><time datetime=\"2026-04-16T19:55:16+00:00\">avril 16, 2026<\/time><\/div>\n\n<div class=\"wp-block-post-excerpt\"><p class=\"wp-block-post-excerpt__excerpt\">La d\u00e9cision \u00e0 prendre concernant l&rsquo;accord de principe sur l&rsquo;achat du site Ronkelhof est \u00e0 l&rsquo;ordre du jour du Conseil communal de ce 23 avril \u00e0 20h. Il en est de m\u00eame pour nos questions citoyennes Ce 15 avril, ERF<\/p><p class=\"wp-block-post-excerpt__more-text\"><a class=\"wp-block-post-excerpt__more-link\" href=\"https:\/\/ronkelcomite.be\/fr\/2026\/04\/16\/2026-04-16-beslissende-gemeenteraadsvergadering-op-23-april-over-de-toekomst-van-het-ronkelhof\/\">en savoir plus<\/a><\/p><\/div>\n<\/li><li class=\"wp-block-post post-4226 post type-post status-publish format-standard hentry category-uncategorized\">\n<h2 class=\"wp-block-post-title\">2026\/04\/02 : La question citoyenne est introduite<\/h2>\n\n<div class=\"wp-block-post-date\"><time datetime=\"2026-04-03T14:51:18+00:00\">avril 3, 2026<\/time><\/div>\n\n<div class=\"wp-block-post-excerpt\"><p class=\"wp-block-post-excerpt__excerpt\">Merci \u00e0 tous, gr\u00e2ce \u00e0 votre implication massive et rapide nous avons r\u00e9uni plus de 300 signatures en \u00e0 peine quelques jours. Nous avons introduit notre demande de questions citoyennes au Conseil communal ce 02 avril. Elles devraient \u00eatre pos\u00e9es<\/p><p class=\"wp-block-post-excerpt__more-text\"><a class=\"wp-block-post-excerpt__more-link\" href=\"https:\/\/ronkelcomite.be\/fr\/2026\/04\/03\/2026-04-02-la-question-citoyenne-est-introduite\/\">en savoir plus<\/a><\/p><\/div>\n<\/li><li class=\"wp-block-post post-4204 post type-post status-publish format-standard hentry category-uncategorized\">\n<h2 class=\"wp-block-post-title\">2026\/03\/27 : L&rsquo;avenir du Ronkelhof est en train de se jouer<\/h2>\n\n<div class=\"wp-block-post-date\"><time datetime=\"2026-03-27T20:47:05+00:00\">mars 27, 2026<\/time><\/div>\n\n<div class=\"wp-block-post-excerpt\"><p class=\"wp-block-post-excerpt__excerpt\">Le 22 janvier 2026, le Coll\u00e8ge a approuv\u00e9 \u00ab\u00a0la participation \u00e0 l&rsquo;achat et aux travaux urgents de conservation du Ronkelhof\u00a0\u00bb. Cette d\u00e9cision doit \u00eatre confirm\u00e9e par le Conseil Communal ce 23 avril. Il n&rsquo;est pas certain qu&rsquo;il y ait une<\/p><p class=\"wp-block-post-excerpt__more-text\"><a class=\"wp-block-post-excerpt__more-link\" href=\"https:\/\/ronkelcomite.be\/fr\/2026\/03\/27\/2026-03-27-lavenir-du-ronkel\/\">en savoir plus<\/a><\/p><\/div>\n<\/li><li class=\"wp-block-post post-4189 post type-post status-publish format-standard hentry category-uncategorized\">\n<h2 class=\"wp-block-post-title\">2026\/01\/24 : Une couche de gravier pour le chemin du Ronkel<\/h2>\n\n<div class=\"wp-block-post-date\"><time datetime=\"2026-02-14T12:32:12+00:00\">f\u00e9vrier 14, 2026<\/time><\/div>\n\n<div class=\"wp-block-post-excerpt\"><p class=\"wp-block-post-excerpt__excerpt\"><\/p><p class=\"wp-block-post-excerpt__more-text\"><a class=\"wp-block-post-excerpt__more-link\" href=\"https:\/\/ronkelcomite.be\/fr\/2026\/02\/14\/2026-01-24-une-couche-de-gravier-pour-le-chemin-ronkel\/\">en savoir plus<\/a><\/p><\/div>\n<\/li><\/ul>\n\n<nav class=\"wp-block-query-pagination is-layout-flex wp-block-query-pagination-is-layout-flex\" aria-label=\"Pagination\">\n\n\n<div class=\"wp-block-query-pagination-numbers\"><span aria-current=\"page\" class=\"page-numbers current\">1<\/span>\n<a class=\"page-numbers\" href=\"?query-46-page=2\">2<\/a>\n<a class=\"page-numbers\" href=\"?query-46-page=3\">3<\/a>\n<span class=\"page-numbers dots\">&hellip;<\/span>\n<a class=\"page-numbers\" href=\"?query-46-page=14\">14<\/a><\/div>\n\n<a href=\"\/fr\/wp-json\/wp\/v2\/pages\/1826?query-46-page=2\" class=\"wp-block-query-pagination-next\">Page suivante<\/a>\n<\/nav>\n\n<\/div>\n\n\n\n<div class=\"wp-block-columns is-layout-flex wp-container-core-columns-is-layout-28f84493 wp-block-columns-is-layout-flex\">\n<div class=\"wp-block-column is-layout-flow wp-block-column-is-layout-flow\" style=\"flex-basis:100%\"><\/div>\n<\/div>\n","protected":false},"excerpt":{"rendered":"","protected":false},"author":4,"featured_media":0,"parent":0,"menu_order":0,"comment_status":"closed","ping_status":"closed","template":"","meta":{"_uag_custom_page_level_css":"","ngg_post_thumbnail":0,"footnotes":""},"class_list":["post-1826","page","type-page","status-publish","hentry"],"uagb_featured_image_src":{"full":false,"thumbnail":false,"medium":false,"medium_large":false,"large":false,"1536x1536":false,"2048x2048":false,"featured-blog-large":false,"featured-blog-medium":false,"featured":false,"featured-blog-medium-small":false},"uagb_author_info":{"display_name":"Khalid Dadi","author_link":"https:\/\/ronkelcomite.be\/fr\/author\/khalid\/"},"uagb_comment_info":0,"uagb_excerpt":null,"_links":{"self":[{"href":"https:\/\/ronkelcomite.be\/fr\/wp-json\/wp\/v2\/pages\/1826","targetHints":{"allow":["GET"]}}],"collection":[{"href":"https:\/\/ronkelcomite.be\/fr\/wp-json\/wp\/v2\/pages"}],"about":[{"href":"https:\/\/ronkelcomite.be\/fr\/wp-json\/wp\/v2\/types\/page"}],"author":[{"embeddable":true,"href":"https:\/\/ronkelcomite.be\/fr\/wp-json\/wp\/v2\/users\/4"}],"replies":[{"embeddable":true,"href":"https:\/\/ronkelcomite.be\/fr\/wp-json\/wp\/v2\/comments?post=1826"}],"version-history":[{"count":26,"href":"https:\/\/ronkelcomite.be\/fr\/wp-json\/wp\/v2\/pages\/1826\/revisions"}],"predecessor-version":[{"id":2626,"href":"https:\/\/ronkelcomite.be\/fr\/wp-json\/wp\/v2\/pages\/1826\/revisions\/2626"}],"wp:attachment":[{"href":"https:\/\/ronkelcomite.be\/fr\/wp-json\/wp\/v2\/media?parent=1826"}],"curies":[{"name":"wp","href":"https:\/\/api.w.org\/{rel}","templated":true}]}}