{"id":2992,"date":"2023-08-03T08:00:28","date_gmt":"2023-08-03T08:00:28","guid":{"rendered":"http:\/\/ronkelcomite.be\/fr\/?page_id=2992"},"modified":"2023-08-03T08:00:30","modified_gmt":"2023-08-03T08:00:30","slug":"couloevre-a-collier","status":"publish","type":"page","link":"https:\/\/ronkelcomite.be\/fr\/quartier-durable\/couloevre-a-collier\/","title":{"rendered":"Couleuvre \u00e0 collier"},"content":{"rendered":"\n<div class=\"wp-block-cover aligncenter\"><span aria-hidden=\"true\" class=\"wp-block-cover__background has-background-dim\"><\/span><img loading=\"lazy\" decoding=\"async\" width=\"1024\" height=\"683\" class=\"wp-block-cover__image-background wp-image-3003\" alt=\"\" src=\"http:\/\/ronkelcomite.be\/wp-content\/uploads\/2023\/08\/Ringslang-Ronkel-1024x683.jpg\" data-object-fit=\"cover\" srcset=\"https:\/\/ronkelcomite.be\/wp-content\/uploads\/2023\/08\/Ringslang-Ronkel-1024x683.jpg 1024w, https:\/\/ronkelcomite.be\/wp-content\/uploads\/2023\/08\/Ringslang-Ronkel-300x200.jpg 300w, https:\/\/ronkelcomite.be\/wp-content\/uploads\/2023\/08\/Ringslang-Ronkel-768x512.jpg 768w, https:\/\/ronkelcomite.be\/wp-content\/uploads\/2023\/08\/Ringslang-Ronkel-1536x1024.jpg 1536w, https:\/\/ronkelcomite.be\/wp-content\/uploads\/2023\/08\/Ringslang-Ronkel.jpg 1620w\" sizes=\"auto, (max-width: 1024px) 100vw, 1024px\" \/><div class=\"wp-block-cover__inner-container is-layout-flow wp-block-cover-is-layout-flow\">\n<p class=\"has-text-align-left has-small-font-size\" style=\"font-style:normal;font-weight:400\">24\/07\/2022 Ronkel<\/p>\n<\/div><\/div>\n\n\n\n<div class=\"wp-block-columns is-layout-flex wp-container-core-columns-is-layout-28f84493 wp-block-columns-is-layout-flex\">\n<div class=\"wp-block-column is-layout-flow wp-block-column-is-layout-flow\">\n<p>A l&rsquo;\u00e9t\u00e9 2021, pour la premi\u00e8re fois, une couleuvre \u00e0 collier a \u00e9t\u00e9 observ\u00e9e et photographi\u00e9e dans notre rue (RONKEL). En 2022, par trois fois, nous avons pu l\u2019observer \u00e0 3 endroits diff\u00e9rents dans notre quartier. M\u00eame si cela peut effrayer quand on se trouve nez \u00e0 nez avec cet animal, il faut savoir qu\u2019il est totalement inoffensif et plut\u00f4t peureux. Ce serpent non v\u00e9n\u00e9neux se nourrit principalement de crapauds, grenouilles, tritons et souris. Il n\u2019attaque jamais d\u2019autres animaux et aura toujours tendance \u00e0 les fuir.<br>Les couleuvres doivent se r\u00e9chauffer pour \u00eatre actives et se cachent pour cette raison dans un endroit ensoleill\u00e9 au milieu de pierres ou sous une b\u00e2che ou une t\u00f4le bien expos\u00e9e au soleil. Elles aiment les tas de compost qui d\u00e9gagent une certaine chaleur. Elles peuvent s\u2019y r\u00e9fugier et m\u00eame y trouver de la nourriture. C\u2019est aussi leur endroit privil\u00e9gi\u00e9 pour pondre leurs \u0153ufs. C\u2019est un animal utile, et pour cela il est prot\u00e9g\u00e9, ce qui est positif pour la pr\u00e9servation de notre quartier et montre la qualit\u00e9 de notre environnement.<br>Si vous rencontrez une couleuvre \u00e0 collier, n\u2019ayez aucune crainte. Laissez-la bien tranquille ou, vous pouvez, d\u00e9licatement, \u00e0 l\u2019aide d\u2019un b\u00e2ton, la faire partir.<\/p>\n<\/div>\n\n\n\n<div class=\"wp-block-column is-layout-flow wp-block-column-is-layout-flow\">\n<figure class=\"wp-block-image size-full is-resized\"><img loading=\"lazy\" decoding=\"async\" src=\"http:\/\/ronkelcomite.be\/wp-content\/uploads\/2023\/08\/IMG-20210901-couleuvre-a-collier-2.jpg\" alt=\"\" class=\"wp-image-2995\" width=\"336\" height=\"592\" srcset=\"https:\/\/ronkelcomite.be\/wp-content\/uploads\/2023\/08\/IMG-20210901-couleuvre-a-collier-2.jpg 219w, https:\/\/ronkelcomite.be\/wp-content\/uploads\/2023\/08\/IMG-20210901-couleuvre-a-collier-2-171x300.jpg 171w\" sizes=\"auto, (max-width: 336px) 100vw, 336px\" \/><\/figure>\n<\/div>\n<\/div>\n\n\n\n<p>Un voisin, passionn\u00e9 par la faune locale, leur a confectionn\u00e9 un habitat adapt\u00e9, notamment afin qu&rsquo;elle puisse y pondre ses \u0153ufs. Ceci a \u00e9t\u00e9 r\u00e9alis\u00e9 sur les conseils donn\u00e9s sur place par un professeur en biologie,  sp\u00e9cialiste des serpents, de la KU-Leuven.<\/p>\n\n\n\n<figure class=\"wp-block-gallery has-nested-images columns-default is-cropped wp-block-gallery-1 is-layout-flex wp-block-gallery-is-layout-flex\">\n<figure class=\"wp-block-image size-large\"><img loading=\"lazy\" decoding=\"async\" width=\"1024\" height=\"683\" data-id=\"2998\" src=\"http:\/\/ronkelcomite.be\/wp-content\/uploads\/2023\/08\/P1180350-1024x683.jpg\" alt=\"\" class=\"wp-image-2998\" srcset=\"https:\/\/ronkelcomite.be\/wp-content\/uploads\/2023\/08\/P1180350-1024x683.jpg 1024w, https:\/\/ronkelcomite.be\/wp-content\/uploads\/2023\/08\/P1180350-300x200.jpg 300w, https:\/\/ronkelcomite.be\/wp-content\/uploads\/2023\/08\/P1180350-768x512.jpg 768w, https:\/\/ronkelcomite.be\/wp-content\/uploads\/2023\/08\/P1180350-1536x1024.jpg 1536w, https:\/\/ronkelcomite.be\/wp-content\/uploads\/2023\/08\/P1180350.jpg 1620w\" sizes=\"auto, (max-width: 1024px) 100vw, 1024px\" \/><figcaption class=\"wp-element-caption\">24\/07\/2022 Ronkel<\/figcaption><\/figure>\n\n\n\n<figure class=\"wp-block-image size-large\"><img loading=\"lazy\" decoding=\"async\" width=\"1024\" height=\"683\" data-id=\"2999\" src=\"http:\/\/ronkelcomite.be\/wp-content\/uploads\/2023\/08\/P1180410-1024x683.jpg\" alt=\"\" class=\"wp-image-2999\" srcset=\"https:\/\/ronkelcomite.be\/wp-content\/uploads\/2023\/08\/P1180410-1024x683.jpg 1024w, https:\/\/ronkelcomite.be\/wp-content\/uploads\/2023\/08\/P1180410-300x200.jpg 300w, https:\/\/ronkelcomite.be\/wp-content\/uploads\/2023\/08\/P1180410-768x512.jpg 768w, https:\/\/ronkelcomite.be\/wp-content\/uploads\/2023\/08\/P1180410-1536x1024.jpg 1536w, https:\/\/ronkelcomite.be\/wp-content\/uploads\/2023\/08\/P1180410.jpg 1620w\" sizes=\"auto, (max-width: 1024px) 100vw, 1024px\" \/><figcaption class=\"wp-element-caption\">24\/07\/2022 Ronkel<\/figcaption><\/figure>\n<\/figure>\n\n\n\n<p>Un reportage int\u00e9ressant a \u00e9t\u00e9 diffus\u00e9 sur ring TV concernant la pr\u00e9sence de la couleuvre \u00e0 collier \u00e0 Jette dans la zone des Marais de Jette-Ganshoren (commencer la lecture \u00e0 la minute 06:00) : h<a href=\"\/\/www.ringtv.be\/video\/de-ban-van-de-ring-aflevering-8\" target=\"_blank\" rel=\"noreferrer noopener\">ttps:\/\/www.ringtv.be\/video\/de-ban-van-de-ring-aflevering-8<\/a><\/p>\n\n\n\n<p><\/p>\n","protected":false},"excerpt":{"rendered":"<p>A l&rsquo;\u00e9t\u00e9 2021, pour la premi\u00e8re fois, une couleuvre \u00e0 collier a \u00e9t\u00e9 observ\u00e9e et photographi\u00e9e dans notre rue (RONKEL). En 2022, par trois fois, nous avons pu l\u2019observer \u00e0 3 endroits diff\u00e9rents dans notre quartier. M\u00eame si cela peut<\/p>\n","protected":false},"author":3,"featured_media":0,"parent":1542,"menu_order":0,"comment_status":"closed","ping_status":"closed","template":"","meta":{"_uag_custom_page_level_css":"","ngg_post_thumbnail":0,"footnotes":""},"class_list":["post-2992","page","type-page","status-publish","hentry"],"uagb_featured_image_src":{"full":false,"thumbnail":false,"medium":false,"medium_large":false,"large":false,"1536x1536":false,"2048x2048":false,"featured-blog-large":false,"featured-blog-medium":false,"featured":false,"featured-blog-medium-small":false},"uagb_author_info":{"display_name":"Bernadette Jambe","author_link":"https:\/\/ronkelcomite.be\/fr\/author\/bernadette\/"},"uagb_comment_info":0,"uagb_excerpt":"A l&rsquo;\u00e9t\u00e9 2021, pour la premi\u00e8re fois, une couleuvre \u00e0 collier a \u00e9t\u00e9 observ\u00e9e et photographi\u00e9e dans notre rue (RONKEL). En 2022, par trois fois, nous avons pu l\u2019observer \u00e0 3 endroits diff\u00e9rents dans notre quartier. M\u00eame si cela peut","_links":{"self":[{"href":"https:\/\/ronkelcomite.be\/fr\/wp-json\/wp\/v2\/pages\/2992","targetHints":{"allow":["GET"]}}],"collection":[{"href":"https:\/\/ronkelcomite.be\/fr\/wp-json\/wp\/v2\/pages"}],"about":[{"href":"https:\/\/ronkelcomite.be\/fr\/wp-json\/wp\/v2\/types\/page"}],"author":[{"embeddable":true,"href":"https:\/\/ronkelcomite.be\/fr\/wp-json\/wp\/v2\/users\/3"}],"replies":[{"embeddable":true,"href":"https:\/\/ronkelcomite.be\/fr\/wp-json\/wp\/v2\/comments?post=2992"}],"version-history":[{"count":14,"href":"https:\/\/ronkelcomite.be\/fr\/wp-json\/wp\/v2\/pages\/2992\/revisions"}],"predecessor-version":[{"id":3014,"href":"https:\/\/ronkelcomite.be\/fr\/wp-json\/wp\/v2\/pages\/2992\/revisions\/3014"}],"up":[{"embeddable":true,"href":"https:\/\/ronkelcomite.be\/fr\/wp-json\/wp\/v2\/pages\/1542"}],"wp:attachment":[{"href":"https:\/\/ronkelcomite.be\/fr\/wp-json\/wp\/v2\/media?parent=2992"}],"curies":[{"name":"wp","href":"https:\/\/api.w.org\/{rel}","templated":true}]}}