{"id":404,"date":"2021-02-21T21:49:32","date_gmt":"2021-02-21T21:49:32","guid":{"rendered":"http:\/\/ronkelcomite.be\/fr\/?page_id=404"},"modified":"2024-07-22T20:08:11","modified_gmt":"2024-07-22T20:08:11","slug":"zumba-de-rue","status":"publish","type":"page","link":"https:\/\/ronkelcomite.be\/fr\/activiteiten\/zumba-de-rue\/","title":{"rendered":"Zumba de rue"},"content":{"rendered":"\n<div class=\"wp-block-uagb-advanced-heading uagb-block-60223f3e\"><h2 class=\"uagb-heading-text\">Zumba de rue<\/h2><div class=\"uagb-separator\"><\/div><p class=\"uagb-desc-text\">Tout a commenc\u00e9 avec le confinement et les applaudissements. Notre quartier regorge de h\u00e9ros&nbsp;: infirmi\u00e8res, ambulanciers et policiers. Nous avons pris l\u2019habitude de les applaudir et de continuer avec quelques pas de danse.  Ainsi est n\u00e9 notre rendez-vous quotidien, qui est devenu hebdomadaire depuis, et ce, par tous les temps&nbsp;: canicule, pluie et m\u00eame sous la neige. Ce rendez-vous s\u2019est m\u00eame parfois transform\u00e9 en bal masqu\u00e9.<\/p><\/div>\n\n\n\n<p><\/p>\n\n\n\n<figure class=\"wp-block-gallery has-nested-images columns-2 is-cropped wp-block-gallery-1 is-layout-flex wp-block-gallery-is-layout-flex\">\n<figure class=\"wp-block-image size-large\"><a href=\"http:\/\/ronkelcomite.be\/wp-content\/uploads\/2021\/04\/P1130558-zumba-1-edited.jpg\"><img loading=\"lazy\" decoding=\"async\" width=\"1024\" height=\"639\" data-id=\"922\" src=\"http:\/\/ronkelcomite.be\/wp-content\/uploads\/2021\/04\/P1130558-zumba-1-edited-1024x639.jpg\" alt=\"\" class=\"wp-image-922\" srcset=\"https:\/\/ronkelcomite.be\/wp-content\/uploads\/2021\/04\/P1130558-zumba-1-edited-1024x639.jpg 1024w, https:\/\/ronkelcomite.be\/wp-content\/uploads\/2021\/04\/P1130558-zumba-1-edited-300x187.jpg 300w, https:\/\/ronkelcomite.be\/wp-content\/uploads\/2021\/04\/P1130558-zumba-1-edited-768x479.jpg 768w, https:\/\/ronkelcomite.be\/wp-content\/uploads\/2021\/04\/P1130558-zumba-1-edited-1536x959.jpg 1536w, https:\/\/ronkelcomite.be\/wp-content\/uploads\/2021\/04\/P1130558-zumba-1-edited.jpg 1620w\" sizes=\"auto, (max-width: 1024px) 100vw, 1024px\" \/><\/a><figcaption class=\"wp-element-caption\">04\/2020<\/figcaption><\/figure>\n\n\n\n<figure class=\"wp-block-image size-large\"><a href=\"http:\/\/ronkelcomite.be\/wp-content\/uploads\/2021\/03\/P1130541-zumba-6.jpg\"><img loading=\"lazy\" decoding=\"async\" width=\"1024\" height=\"683\" data-id=\"785\" src=\"http:\/\/ronkelcomite.be\/wp-content\/uploads\/2021\/03\/P1130541-zumba-6-1024x683.jpg\" alt=\"\" class=\"wp-image-785\" srcset=\"https:\/\/ronkelcomite.be\/wp-content\/uploads\/2021\/03\/P1130541-zumba-6-1024x683.jpg 1024w, https:\/\/ronkelcomite.be\/wp-content\/uploads\/2021\/03\/P1130541-zumba-6-300x200.jpg 300w, https:\/\/ronkelcomite.be\/wp-content\/uploads\/2021\/03\/P1130541-zumba-6-768x512.jpg 768w, https:\/\/ronkelcomite.be\/wp-content\/uploads\/2021\/03\/P1130541-zumba-6-1536x1024.jpg 1536w, https:\/\/ronkelcomite.be\/wp-content\/uploads\/2021\/03\/P1130541-zumba-6.jpg 1620w\" sizes=\"auto, (max-width: 1024px) 100vw, 1024px\" \/><\/a><figcaption class=\"wp-element-caption\">04\/2020<\/figcaption><\/figure>\n\n\n\n<figure class=\"wp-block-image size-large\"><a href=\"http:\/\/ronkelcomite.be\/wp-content\/uploads\/2021\/03\/20200419_202021-zumba-5.jpg\"><img loading=\"lazy\" decoding=\"async\" width=\"1024\" height=\"768\" data-id=\"773\" src=\"http:\/\/ronkelcomite.be\/wp-content\/uploads\/2021\/03\/20200419_202021-zumba-5-1024x768.jpg\" alt=\"\" class=\"wp-image-773\" srcset=\"https:\/\/ronkelcomite.be\/wp-content\/uploads\/2021\/03\/20200419_202021-zumba-5-1024x768.jpg 1024w, https:\/\/ronkelcomite.be\/wp-content\/uploads\/2021\/03\/20200419_202021-zumba-5-300x225.jpg 300w, https:\/\/ronkelcomite.be\/wp-content\/uploads\/2021\/03\/20200419_202021-zumba-5-768x576.jpg 768w, https:\/\/ronkelcomite.be\/wp-content\/uploads\/2021\/03\/20200419_202021-zumba-5.jpg 1440w\" sizes=\"auto, (max-width: 1024px) 100vw, 1024px\" \/><\/a><figcaption class=\"wp-element-caption\">04\/2020<\/figcaption><\/figure>\n\n\n\n<figure class=\"wp-block-image size-large\"><a href=\"http:\/\/ronkelcomite.be\/wp-content\/uploads\/2021\/04\/2021-IMG-20210210-WA0004-zumba-neige.jpg\"><img loading=\"lazy\" decoding=\"async\" width=\"1024\" height=\"768\" data-id=\"816\" src=\"http:\/\/ronkelcomite.be\/wp-content\/uploads\/2021\/04\/2021-IMG-20210210-WA0004-zumba-neige-1024x768.jpg\" alt=\"\" class=\"wp-image-816\" srcset=\"https:\/\/ronkelcomite.be\/wp-content\/uploads\/2021\/04\/2021-IMG-20210210-WA0004-zumba-neige-1024x768.jpg 1024w, https:\/\/ronkelcomite.be\/wp-content\/uploads\/2021\/04\/2021-IMG-20210210-WA0004-zumba-neige-300x225.jpg 300w, https:\/\/ronkelcomite.be\/wp-content\/uploads\/2021\/04\/2021-IMG-20210210-WA0004-zumba-neige-768x576.jpg 768w, https:\/\/ronkelcomite.be\/wp-content\/uploads\/2021\/04\/2021-IMG-20210210-WA0004-zumba-neige.jpg 1440w\" sizes=\"auto, (max-width: 1024px) 100vw, 1024px\" \/><\/a><figcaption class=\"wp-element-caption\">02\/2021<\/figcaption><\/figure>\n\n\n\n<figure class=\"wp-block-image size-large\"><a href=\"http:\/\/ronkelcomite.be\/wp-content\/uploads\/2021\/04\/P1130587-zumba-rotated.jpg\"><img loading=\"lazy\" decoding=\"async\" width=\"683\" height=\"1024\" data-id=\"952\" src=\"http:\/\/ronkelcomite.be\/wp-content\/uploads\/2021\/04\/P1130587-zumba-683x1024.jpg\" alt=\"\" class=\"wp-image-952\" srcset=\"https:\/\/ronkelcomite.be\/wp-content\/uploads\/2021\/04\/P1130587-zumba-683x1024.jpg 683w, https:\/\/ronkelcomite.be\/wp-content\/uploads\/2021\/04\/P1130587-zumba-200x300.jpg 200w, https:\/\/ronkelcomite.be\/wp-content\/uploads\/2021\/04\/P1130587-zumba-768x1152.jpg 768w, https:\/\/ronkelcomite.be\/wp-content\/uploads\/2021\/04\/P1130587-zumba-1024x1536.jpg 1024w, https:\/\/ronkelcomite.be\/wp-content\/uploads\/2021\/04\/P1130587-zumba-rotated.jpg 1080w\" sizes=\"auto, (max-width: 683px) 100vw, 683px\" \/><\/a><figcaption class=\"wp-element-caption\">04\/2020<\/figcaption><\/figure>\n\n\n\n<figure class=\"wp-block-image size-large\"><a href=\"http:\/\/ronkelcomite.be\/wp-content\/uploads\/2021\/04\/P1130538-zumba-rotated.jpg\"><img loading=\"lazy\" decoding=\"async\" width=\"683\" height=\"1024\" data-id=\"1176\" src=\"http:\/\/ronkelcomite.be\/wp-content\/uploads\/2021\/04\/P1130538-zumba-683x1024.jpg\" alt=\"\" class=\"wp-image-1176\" srcset=\"https:\/\/ronkelcomite.be\/wp-content\/uploads\/2021\/04\/P1130538-zumba-683x1024.jpg 683w, https:\/\/ronkelcomite.be\/wp-content\/uploads\/2021\/04\/P1130538-zumba-200x300.jpg 200w, https:\/\/ronkelcomite.be\/wp-content\/uploads\/2021\/04\/P1130538-zumba-768x1152.jpg 768w, https:\/\/ronkelcomite.be\/wp-content\/uploads\/2021\/04\/P1130538-zumba-1024x1536.jpg 1024w, https:\/\/ronkelcomite.be\/wp-content\/uploads\/2021\/04\/P1130538-zumba-rotated.jpg 1080w\" sizes=\"auto, (max-width: 683px) 100vw, 683px\" \/><\/a><figcaption class=\"wp-element-caption\">04\/2020<\/figcaption><\/figure>\n<\/figure>\n\n\n\n<figure class=\"wp-block-image size-large\" id=\"21juillet2024\"><a href=\"http:\/\/ronkelcomite.be\/wp-content\/uploads\/2024\/07\/WhatsApp-Image-2024-07-22-at-20.28.531.jpeg\"><img loading=\"lazy\" decoding=\"async\" width=\"1024\" height=\"683\" src=\"http:\/\/ronkelcomite.be\/wp-content\/uploads\/2024\/07\/WhatsApp-Image-2024-07-22-at-20.28.531-1024x683.jpeg\" alt=\"\" class=\"wp-image-3593\" srcset=\"https:\/\/ronkelcomite.be\/wp-content\/uploads\/2024\/07\/WhatsApp-Image-2024-07-22-at-20.28.531-1024x683.jpeg 1024w, https:\/\/ronkelcomite.be\/wp-content\/uploads\/2024\/07\/WhatsApp-Image-2024-07-22-at-20.28.531-300x200.jpeg 300w, https:\/\/ronkelcomite.be\/wp-content\/uploads\/2024\/07\/WhatsApp-Image-2024-07-22-at-20.28.531-768x512.jpeg 768w, https:\/\/ronkelcomite.be\/wp-content\/uploads\/2024\/07\/WhatsApp-Image-2024-07-22-at-20.28.531-1536x1024.jpeg 1536w, https:\/\/ronkelcomite.be\/wp-content\/uploads\/2024\/07\/WhatsApp-Image-2024-07-22-at-20.28.531.jpeg 2048w\" sizes=\"auto, (max-width: 1024px) 100vw, 1024px\" \/><\/a><figcaption class=\"wp-element-caption\">21\/07\/2024<\/figcaption><\/figure>\n","protected":false},"excerpt":{"rendered":"<p>Zumba de rue Tout a commenc\u00e9 avec le confinement et les applaudissements. Notre quartier regorge de h\u00e9ros&nbsp;: infirmi\u00e8res, ambulanciers et policiers. Nous avons pris l\u2019habitude de les applaudir et de continuer avec quelques pas de danse. Ainsi est n\u00e9 notre<\/p>\n","protected":false},"author":3,"featured_media":0,"parent":98,"menu_order":0,"comment_status":"closed","ping_status":"closed","template":"","meta":{"_uag_custom_page_level_css":"","ngg_post_thumbnail":0,"footnotes":""},"class_list":["post-404","page","type-page","status-publish","hentry"],"uagb_featured_image_src":{"full":false,"thumbnail":false,"medium":false,"medium_large":false,"large":false,"1536x1536":false,"2048x2048":false,"featured-blog-large":false,"featured-blog-medium":false,"featured":false,"featured-blog-medium-small":false},"uagb_author_info":{"display_name":"Bernadette Jambe","author_link":"https:\/\/ronkelcomite.be\/fr\/author\/bernadette\/"},"uagb_comment_info":0,"uagb_excerpt":"Zumba de rue Tout a commenc\u00e9 avec le confinement et les applaudissements. Notre quartier regorge de h\u00e9ros&nbsp;: infirmi\u00e8res, ambulanciers et policiers. Nous avons pris l\u2019habitude de les applaudir et de continuer avec quelques pas de danse. Ainsi est n\u00e9 notre","_links":{"self":[{"href":"https:\/\/ronkelcomite.be\/fr\/wp-json\/wp\/v2\/pages\/404","targetHints":{"allow":["GET"]}}],"collection":[{"href":"https:\/\/ronkelcomite.be\/fr\/wp-json\/wp\/v2\/pages"}],"about":[{"href":"https:\/\/ronkelcomite.be\/fr\/wp-json\/wp\/v2\/types\/page"}],"author":[{"embeddable":true,"href":"https:\/\/ronkelcomite.be\/fr\/wp-json\/wp\/v2\/users\/3"}],"replies":[{"embeddable":true,"href":"https:\/\/ronkelcomite.be\/fr\/wp-json\/wp\/v2\/comments?post=404"}],"version-history":[{"count":33,"href":"https:\/\/ronkelcomite.be\/fr\/wp-json\/wp\/v2\/pages\/404\/revisions"}],"predecessor-version":[{"id":3606,"href":"https:\/\/ronkelcomite.be\/fr\/wp-json\/wp\/v2\/pages\/404\/revisions\/3606"}],"up":[{"embeddable":true,"href":"https:\/\/ronkelcomite.be\/fr\/wp-json\/wp\/v2\/pages\/98"}],"wp:attachment":[{"href":"https:\/\/ronkelcomite.be\/fr\/wp-json\/wp\/v2\/media?parent=404"}],"curies":[{"name":"wp","href":"https:\/\/api.w.org\/{rel}","templated":true}]}}