{"id":7,"date":"2020-03-13T09:09:30","date_gmt":"2020-03-13T09:09:30","guid":{"rendered":"http:\/\/ronkelcomite.be\/?page_id=7"},"modified":"2026-04-28T14:19:44","modified_gmt":"2026-04-28T14:19:44","slug":"over-ons","status":"publish","type":"page","link":"https:\/\/ronkelcomite.be\/fr\/over-ons\/","title":{"rendered":"Notre projet"},"content":{"rendered":"\n<p>Le quartier \u00ab&nbsp;Ronkel&nbsp;\u00bb est situ\u00e9 \u00e0 Wemmel en bout de rue du m\u00eame nom, au-del\u00e0 de l\u2019\u00e9tang Balcaen. Cette rue sans issue comprend une trentaine d\u2019habitations dont une <em>ferme braban\u00e7onne<\/em> en carr\u00e9 du 18<sup>\u00e8me<\/sup> si\u00e8cle, \u2018Het Ronkelhof\u2019. C\u2019est la seule ferme de ce type encore en activit\u00e9 dans la r\u00e9gion. Nous pouvons \u00e9galement y voir 2 anciennes fermettes typiques du <em>\u00ab&nbsp;Pajottenland&nbsp;\u00bb<\/em> &nbsp;ainsi que 3 alignements de maisons plus citadines qui donnent une ambiance architecturale toute particuli\u00e8re.<\/p>\n\n\n\n<p>Depuis 2007, nous, les habitants, y organisons de nombreuses activit\u00e9s pour renforcer la coh\u00e9sion sociale telles que pique-niques ou f\u00eates de quartier.<\/p>\n\n\n\n<p>Le <em>RonkelComit\u00e9<\/em> a \u00e9t\u00e9 cr\u00e9\u00e9 le 23 f\u00e9vrier 2018, et a re\u00e7u un large soutien, bien au-del\u00e0 de notre quartier.<\/p>\n\n\n\n<figure class=\"wp-block-image aligncenter size-large is-resized\"><img loading=\"lazy\" decoding=\"async\" width=\"1024\" height=\"683\" src=\"http:\/\/ronkelcomite.be\/wp-content\/uploads\/2021\/04\/2021-P1150325-ferme-1024x683.jpg\" alt=\"\" class=\"wp-image-1311\" srcset=\"https:\/\/ronkelcomite.be\/wp-content\/uploads\/2021\/04\/2021-P1150325-ferme-1024x683.jpg 1024w, https:\/\/ronkelcomite.be\/wp-content\/uploads\/2021\/04\/2021-P1150325-ferme-300x200.jpg 300w, https:\/\/ronkelcomite.be\/wp-content\/uploads\/2021\/04\/2021-P1150325-ferme-768x512.jpg 768w, https:\/\/ronkelcomite.be\/wp-content\/uploads\/2021\/04\/2021-P1150325-ferme-1536x1024.jpg 1536w, https:\/\/ronkelcomite.be\/wp-content\/uploads\/2021\/04\/2021-P1150325-ferme.jpg 1620w\" sizes=\"auto, (max-width: 1024px) 100vw, 1024px\" \/><\/figure>\n\n\n\n<p>Nous sommes \u00e9galement tr\u00e8s soucieux de notre environnement en y menant des actions de nettoyage ou en sensibilisant la population sur les dangers qui p\u00e8sent sur notre quartier.<\/p>\n\n\n\n<p>\u00c9tant situ\u00e9 en zone agricole \u00e0 haute valeur paysag\u00e8re et historique, raison pour laquelle ce site a \u00e9t\u00e9 class\u00e9, nous voulons redonner vie \u00e0 la ferme <em>Ronkelhof<\/em> en y organisant des animations li\u00e9es \u00e0 l\u2019activit\u00e9 agricole du lieu (cuisson du pain dans le vieux four \u00e0 bois, apiculture, poulailler collectif, moutons, entretien des abords, \u2026).<\/p>\n\n\n\n<p>Nous souhaitons \u00e9voluer vers une plus grande production alimentaire locale \u00e9coresponsable. L\u2019objectif est d\u2019y cr\u00e9er une coop\u00e9rative avec vente de produits locaux.<\/p>\n\n\n\n<p>Nous souhaitons faire de notre quartier un lieu o\u00f9 il fait bon vivre, pour son environnement et pour sa convivialit\u00e9. Et c&rsquo;est ensemble que nous y arriverons !<\/p>\n\n\n\n<p class=\"has-text-align-left has-pale-cyan-blue-background-color has-background has-medium-font-size\" id=\"objectifsFR\" style=\"line-height:1.6\">Le Ronkelcomit\u00e9 s&rsquo;est fix\u00e9 <strong>4 objectifs indissociables<\/strong> :<br>&#8211; La <strong>coh\u00e9sion sociale<\/strong> entre les riverains du quartier et des environs<br>&#8211; La protection et la valorisation de son <strong>environnement<\/strong><br>&#8211; La protection et la valorisation de son <strong>patrimoine immobilier, paysager, culturel et historique<\/strong><br>&#8211; La promotion d\u2019une <strong>agriculture responsable<\/strong> <strong>en circuit court<\/strong> (\u00ab&nbsp;<em>voedsellandschap&nbsp;\u00bb<\/em>)<br><\/p>\n\n\n\n<p><strong>Ce 23 avril 2026<\/strong>, le conseil communal s\u2019est prononc\u00e9 par 20 voix \u00ab&nbsp;pour&nbsp;\u00bb et 2 absentions afin d\u2019acter le rachat du Ronkelhof en collaboration avec ERF et la R\u00e9gion. <br>Merci aux autorit\u00e9s communales et aux conseillers communaux tous partis confondus.<\/p>\n\n\n\n<div class=\"wp-block-uagb-image uagb-block-0d4efc90 wp-block-uagb-image--layout-default wp-block-uagb-image--effect-static wp-block-uagb-image--align-none\"><figure class=\"wp-block-uagb-image__figure\"><img decoding=\"async\" srcset=\"https:\/\/ronkelcomite.be\/wp-content\/uploads\/2026\/04\/20-8-1024x683.jpg ,https:\/\/ronkelcomite.be\/wp-content\/uploads\/2026\/04\/20-8.jpg 780w, https:\/\/ronkelcomite.be\/wp-content\/uploads\/2026\/04\/20-8.jpg 360w\" sizes=\"auto, (max-width: 480px) 150px\" src=\"https:\/\/ronkelcomite.be\/wp-content\/uploads\/2026\/04\/20-8-1024x683.jpg\" alt=\"\" class=\"uag-image-4254\" width=\"1024\" height=\"683\" title=\"20 (8)\" loading=\"lazy\" role=\"img\"\/><\/figure><\/div>\n\n\n\n<p>Ce fut \u00e9galement l\u2019occasion pour la majorit\u00e9 de r\u00e9pondre aux <a href=\"https:\/\/ronkelcomite.be\/fr\/2026\/03\/27\/2026-03-27-lavenir-du-ronkel\/\" target=\"_blank\" rel=\"noreferrer noopener\">questions citoyennes que nous avons pos\u00e9es<\/a> : la commune confirme qu\u2019elle compte s\u2019inscrire pleinement dans le respect des prescriptions du classement du 20 mars 2012, et donc des <a href=\"https:\/\/ronkelcomite.be\/fr\/over-ons\/#objectifsFR\" target=\"_blank\" rel=\"noreferrer noopener\">quatre objectifs port\u00e9s par le RonkelComit\u00e9<\/a>.<br>Elle nous assure \u00e9galement de son intention d\u2019inclure les citoyens, notamment \u00e0 travers le RonkelComit\u00e9, dans la r\u00e9flexion quant \u00e0 l\u2019usage qui sera fait de la ferme au fur et \u00e0 mesure de sa r\u00e9novation. Elle pourra compter sur notre action constructive et positive.<br>Ce sera un long chemin, qu\u2019il conviendra de parcourir sur plusieurs ann\u00e9es. Nous nous y engageons avec enthousiasme et d\u00e9termination.<\/p>\n\n\n\n<div class=\"wp-block-columns is-layout-flex wp-container-core-columns-is-layout-28f84493 wp-block-columns-is-layout-flex\">\n<div class=\"wp-block-column is-layout-flow wp-block-column-is-layout-flow\">\n<figure class=\"wp-block-image size-large\"><img loading=\"lazy\" decoding=\"async\" width=\"1024\" height=\"683\" src=\"https:\/\/ronkelcomite.be\/wp-content\/uploads\/2026\/04\/20-1-1-1024x683.jpg\" alt=\"\" class=\"wp-image-4258\" srcset=\"https:\/\/ronkelcomite.be\/wp-content\/uploads\/2026\/04\/20-1-1-1024x683.jpg 1024w, https:\/\/ronkelcomite.be\/wp-content\/uploads\/2026\/04\/20-1-1-300x200.jpg 300w, https:\/\/ronkelcomite.be\/wp-content\/uploads\/2026\/04\/20-1-1-768x512.jpg 768w, https:\/\/ronkelcomite.be\/wp-content\/uploads\/2026\/04\/20-1-1.jpg 1152w\" sizes=\"auto, (max-width: 1024px) 100vw, 1024px\" \/><\/figure>\n<\/div>\n\n\n\n<div class=\"wp-block-column is-layout-flow wp-block-column-is-layout-flow\">\n<figure class=\"wp-block-image aligncenter size-large\"><img loading=\"lazy\" decoding=\"async\" width=\"768\" height=\"512\" src=\"https:\/\/ronkelcomite.be\/wp-content\/uploads\/2026\/04\/20-4-1-edited.jpg\" alt=\"\" class=\"wp-image-4261\" srcset=\"https:\/\/ronkelcomite.be\/wp-content\/uploads\/2026\/04\/20-4-1-edited.jpg 768w, https:\/\/ronkelcomite.be\/wp-content\/uploads\/2026\/04\/20-4-1-edited-300x200.jpg 300w\" sizes=\"auto, (max-width: 768px) 100vw, 768px\" \/><\/figure>\n<\/div>\n<\/div>\n\n\n\n<div class=\"wp-block-columns is-layout-flex wp-container-core-columns-is-layout-28f84493 wp-block-columns-is-layout-flex\">\n<div class=\"wp-block-column is-layout-flow wp-block-column-is-layout-flow\">\n<ul class=\"wp-block-list\">\n<li>Juste apr\u00e8s le Conseil, bien s\u00fbr apr\u00e8s avoir f\u00eat\u00e9 ce moment historique, nous avons commenc\u00e9 \u00e0 brainstormer sur les premi\u00e8res actions \u00e0 mettre en oeuvre.<\/li>\n<\/ul>\n<\/div>\n\n\n\n<div class=\"wp-block-column is-layout-flow wp-block-column-is-layout-flow\">\n<ul class=\"wp-block-list\">\n<li>Avant le conseil, nous avons \u00e9galement rappel\u00e9 le r\u00e8gles \u00e0 respecter afin que l&rsquo;intervention se d\u00e9roule  au mieux et dans le prescrit des r\u00e8gles.<\/li>\n<\/ul>\n<\/div>\n<\/div>\n\n\n\n<p id=\"presseFR\"><strong>Ce que dit la presse \u00e0 propos du rachat du Ronkelhof :<\/strong> <\/p>\n\n\n\n<ul class=\"wp-block-list\">\n<li><strong>VRT <\/strong>: <a href=\"https:\/\/www.vrt.be\/vrtnws\/nl\/2026\/04\/28\/ronkelhof-wemmel-erfgoed-pachthof-open-ruimte-vlaamse-noordrand\/\">https:\/\/www.vrt.be\/vrtnws\/nl\/2026\/04\/28\/ronkelhof-wemmel-erfgoed-pachthof-open-ruimte-vlaamse-noordrand\/<\/a><br><\/li>\n\n\n\n<li><strong>Vlaams-Brabant<\/strong> : <a href=\"https:\/\/www.vrt.be\/vrtnws\/nl\/2026\/04\/28\/ronkelhof-wemmel-erfgoed-pachthof-open-ruimte-vlaamse-noordrand\/\">https:\/\/www.vrt.be\/vrtnws\/nl\/2026\/04\/28\/ronkelhof-wemmel-erfgoed-pachthof-open-ruimte-vlaamse-noordrand\/<\/a><br><\/li>\n\n\n\n<li><strong>Ring TV <\/strong>: <a href=\"https:\/\/www.ringtv.be\/cultuur-samenleving-groen\/erfgoedstichting-en-gemeente-kopen-historisch-ronkelhof-wemmel-landbouw\">https:\/\/www.ringtv.be\/cultuur-samenleving-groen\/erfgoedstichting-en-gemeente-kopen-historisch-ronkelhof-wemmel-landbouw<\/a><br><\/li>\n\n\n\n<li><strong>HLN<\/strong> : <a href=\"https:\/\/www.hln.be\/wemmel\/historisch-ronkelhof-krijgt-nieuwe-toekomst-gemeente-wemmel-en-erf-vlaams-brabant-kopen-laatste-pachthof~a3e446a7\/?slug_rd=1\">https:\/\/www.hln.be\/wemmel\/historisch-ronkelhof-krijgt-nieuwe-toekomst-gemeente-wemmel-en-erf-vlaams-brabant-kopen-laatste-pachthof~a3e446a7\/?slug_rd=1<\/a><\/li>\n<\/ul>\n\n\n\n<p><\/p>\n\n\n\n<p><\/p>\n","protected":false},"excerpt":{"rendered":"<p>Le quartier \u00ab&nbsp;Ronkel&nbsp;\u00bb est situ\u00e9 \u00e0 Wemmel en bout de rue du m\u00eame nom, au-del\u00e0 de l\u2019\u00e9tang Balcaen. Cette rue sans issue comprend une trentaine d\u2019habitations dont une ferme braban\u00e7onne en carr\u00e9 du 18\u00e8me si\u00e8cle, \u2018Het Ronkelhof\u2019. C\u2019est la seule<\/p>\n","protected":false},"author":1,"featured_media":0,"parent":0,"menu_order":0,"comment_status":"closed","ping_status":"closed","template":"","meta":{"_uag_custom_page_level_css":"","ngg_post_thumbnail":0,"footnotes":""},"class_list":["post-7","page","type-page","status-publish","hentry"],"uagb_featured_image_src":{"full":false,"thumbnail":false,"medium":false,"medium_large":false,"large":false,"1536x1536":false,"2048x2048":false,"featured-blog-large":false,"featured-blog-medium":false,"featured":false,"featured-blog-medium-small":false},"uagb_author_info":{"display_name":"Martin Van Parys","author_link":"https:\/\/ronkelcomite.be\/fr\/author\/admin\/"},"uagb_comment_info":0,"uagb_excerpt":"Le quartier \u00ab&nbsp;Ronkel&nbsp;\u00bb est situ\u00e9 \u00e0 Wemmel en bout de rue du m\u00eame nom, au-del\u00e0 de l\u2019\u00e9tang Balcaen. Cette rue sans issue comprend une trentaine d\u2019habitations dont une ferme braban\u00e7onne en carr\u00e9 du 18\u00e8me si\u00e8cle, \u2018Het Ronkelhof\u2019. C\u2019est la seule","_links":{"self":[{"href":"https:\/\/ronkelcomite.be\/fr\/wp-json\/wp\/v2\/pages\/7","targetHints":{"allow":["GET"]}}],"collection":[{"href":"https:\/\/ronkelcomite.be\/fr\/wp-json\/wp\/v2\/pages"}],"about":[{"href":"https:\/\/ronkelcomite.be\/fr\/wp-json\/wp\/v2\/types\/page"}],"author":[{"embeddable":true,"href":"https:\/\/ronkelcomite.be\/fr\/wp-json\/wp\/v2\/users\/1"}],"replies":[{"embeddable":true,"href":"https:\/\/ronkelcomite.be\/fr\/wp-json\/wp\/v2\/comments?post=7"}],"version-history":[{"count":34,"href":"https:\/\/ronkelcomite.be\/fr\/wp-json\/wp\/v2\/pages\/7\/revisions"}],"predecessor-version":[{"id":4303,"href":"https:\/\/ronkelcomite.be\/fr\/wp-json\/wp\/v2\/pages\/7\/revisions\/4303"}],"wp:attachment":[{"href":"https:\/\/ronkelcomite.be\/fr\/wp-json\/wp\/v2\/media?parent=7"}],"curies":[{"name":"wp","href":"https:\/\/api.w.org\/{rel}","templated":true}]}}