{"id":820,"date":"2021-04-05T13:09:30","date_gmt":"2021-04-05T13:09:30","guid":{"rendered":"http:\/\/ronkelcomite.be\/fr\/?page_id=820"},"modified":"2025-04-10T19:36:32","modified_gmt":"2025-04-10T19:36:32","slug":"haies","status":"publish","type":"page","link":"https:\/\/ronkelcomite.be\/fr\/activiteiten\/haies\/","title":{"rendered":"Haies"},"content":{"rendered":"\n<p>Annuellement, il est n\u00e9cessaire de tailler les centaines de m\u00e8tres de haies qui entourent les prairies dans la Ronkel. De nombreux riverains apportent leur aide. Ces haies sont taill\u00e9es de mani\u00e8re \u00e0 conserver une floraison pour un apport en nourriture pour les insectes et les oiseaux. L\u2019autre but est de maintenir le paysage ouvert.<\/p>\n\n\n\n<figure class=\"wp-block-gallery has-nested-images columns-default is-cropped wp-block-gallery-1 is-layout-flex wp-block-gallery-is-layout-flex\">\n<figure class=\"wp-block-image size-large\"><img loading=\"lazy\" decoding=\"async\" width=\"1024\" height=\"683\" data-id=\"379\" src=\"http:\/\/ronkelcomite.be\/wp-content\/uploads\/2021\/02\/2018-03-25-ramassage-haie-taillee-1024x683.jpg\" alt=\"\" class=\"wp-image-379\" srcset=\"https:\/\/ronkelcomite.be\/wp-content\/uploads\/2021\/02\/2018-03-25-ramassage-haie-taillee-1024x683.jpg 1024w, https:\/\/ronkelcomite.be\/wp-content\/uploads\/2021\/02\/2018-03-25-ramassage-haie-taillee-300x200.jpg 300w, https:\/\/ronkelcomite.be\/wp-content\/uploads\/2021\/02\/2018-03-25-ramassage-haie-taillee-768x512.jpg 768w, https:\/\/ronkelcomite.be\/wp-content\/uploads\/2021\/02\/2018-03-25-ramassage-haie-taillee-1536x1024.jpg 1536w, https:\/\/ronkelcomite.be\/wp-content\/uploads\/2021\/02\/2018-03-25-ramassage-haie-taillee.jpg 1620w\" sizes=\"auto, (max-width: 1024px) 100vw, 1024px\" \/><figcaption class=\"wp-element-caption\">03\/2018<\/figcaption><\/figure>\n\n\n\n<figure class=\"wp-block-image size-large\"><img loading=\"lazy\" decoding=\"async\" width=\"1024\" height=\"683\" data-id=\"356\" src=\"http:\/\/ronkelcomite.be\/wp-content\/uploads\/2021\/02\/P1050386-1024x683.jpg\" alt=\"2018 06 P1050386 haies\" class=\"wp-image-356\" srcset=\"https:\/\/ronkelcomite.be\/wp-content\/uploads\/2021\/02\/P1050386-1024x683.jpg 1024w, https:\/\/ronkelcomite.be\/wp-content\/uploads\/2021\/02\/P1050386-300x200.jpg 300w, https:\/\/ronkelcomite.be\/wp-content\/uploads\/2021\/02\/P1050386-768x512.jpg 768w, https:\/\/ronkelcomite.be\/wp-content\/uploads\/2021\/02\/P1050386-1536x1024.jpg 1536w, https:\/\/ronkelcomite.be\/wp-content\/uploads\/2021\/02\/P1050386.jpg 1620w\" sizes=\"auto, (max-width: 1024px) 100vw, 1024px\" \/><figcaption class=\"wp-element-caption\">06\/2018<\/figcaption><\/figure>\n\n\n\n<figure class=\"wp-block-image size-large\"><img loading=\"lazy\" decoding=\"async\" width=\"1024\" height=\"683\" data-id=\"836\" src=\"http:\/\/ronkelcomite.be\/wp-content\/uploads\/2021\/04\/P1090353-taille-1024x683.jpg\" alt=\"\" class=\"wp-image-836\" srcset=\"https:\/\/ronkelcomite.be\/wp-content\/uploads\/2021\/04\/P1090353-taille-1024x683.jpg 1024w, https:\/\/ronkelcomite.be\/wp-content\/uploads\/2021\/04\/P1090353-taille-300x200.jpg 300w, https:\/\/ronkelcomite.be\/wp-content\/uploads\/2021\/04\/P1090353-taille-768x512.jpg 768w, https:\/\/ronkelcomite.be\/wp-content\/uploads\/2021\/04\/P1090353-taille-1536x1024.jpg 1536w, https:\/\/ronkelcomite.be\/wp-content\/uploads\/2021\/04\/P1090353-taille.jpg 1620w\" sizes=\"auto, (max-width: 1024px) 100vw, 1024px\" \/><figcaption class=\"wp-element-caption\">03\/2019<\/figcaption><\/figure>\n\n\n\n<figure class=\"wp-block-image size-large\"><img loading=\"lazy\" decoding=\"async\" width=\"683\" height=\"1024\" data-id=\"835\" src=\"http:\/\/ronkelcomite.be\/wp-content\/uploads\/2021\/04\/P1090315-taille-683x1024.jpg\" alt=\"\" class=\"wp-image-835\" srcset=\"https:\/\/ronkelcomite.be\/wp-content\/uploads\/2021\/04\/P1090315-taille-683x1024.jpg 683w, https:\/\/ronkelcomite.be\/wp-content\/uploads\/2021\/04\/P1090315-taille-200x300.jpg 200w, https:\/\/ronkelcomite.be\/wp-content\/uploads\/2021\/04\/P1090315-taille-768x1152.jpg 768w, https:\/\/ronkelcomite.be\/wp-content\/uploads\/2021\/04\/P1090315-taille-1024x1536.jpg 1024w, https:\/\/ronkelcomite.be\/wp-content\/uploads\/2021\/04\/P1090315-taille-rotated.jpg 1080w\" sizes=\"auto, (max-width: 683px) 100vw, 683px\" \/><figcaption class=\"wp-element-caption\">03\/2019<\/figcaption><\/figure>\n\n\n\n<figure class=\"wp-block-image size-large\"><img loading=\"lazy\" decoding=\"async\" width=\"1024\" height=\"768\" data-id=\"809\" src=\"http:\/\/ronkelcomite.be\/wp-content\/uploads\/2021\/03\/20200222_122628-haie-5-1024x768.jpg\" alt=\"\" class=\"wp-image-809\" srcset=\"https:\/\/ronkelcomite.be\/wp-content\/uploads\/2021\/03\/20200222_122628-haie-5-1024x768.jpg 1024w, https:\/\/ronkelcomite.be\/wp-content\/uploads\/2021\/03\/20200222_122628-haie-5-300x225.jpg 300w, https:\/\/ronkelcomite.be\/wp-content\/uploads\/2021\/03\/20200222_122628-haie-5-768x576.jpg 768w, https:\/\/ronkelcomite.be\/wp-content\/uploads\/2021\/03\/20200222_122628-haie-5.jpg 1440w\" sizes=\"auto, (max-width: 1024px) 100vw, 1024px\" \/><figcaption class=\"wp-element-caption\">02\/2020<\/figcaption><\/figure>\n<\/figure>\n\n\n\n<figure class=\"wp-block-gallery has-nested-images columns-4 is-cropped wp-block-gallery-2 is-layout-flex wp-block-gallery-is-layout-flex\">\n<figure class=\"wp-block-image size-large\"><img loading=\"lazy\" decoding=\"async\" width=\"683\" height=\"1024\" data-id=\"2576\" src=\"http:\/\/ronkelcomite.be\/wp-content\/uploads\/2023\/02\/P1150792-1-683x1024.jpg\" alt=\"\" class=\"wp-image-2576\" srcset=\"https:\/\/ronkelcomite.be\/wp-content\/uploads\/2023\/02\/P1150792-1-683x1024.jpg 683w, https:\/\/ronkelcomite.be\/wp-content\/uploads\/2023\/02\/P1150792-1-200x300.jpg 200w, https:\/\/ronkelcomite.be\/wp-content\/uploads\/2023\/02\/P1150792-1-768x1152.jpg 768w, https:\/\/ronkelcomite.be\/wp-content\/uploads\/2023\/02\/P1150792-1-1024x1536.jpg 1024w, https:\/\/ronkelcomite.be\/wp-content\/uploads\/2023\/02\/P1150792-1-rotated.jpg 1080w\" sizes=\"auto, (max-width: 683px) 100vw, 683px\" \/><figcaption class=\"wp-element-caption\">06\/2021<\/figcaption><\/figure>\n\n\n\n<figure class=\"wp-block-image size-large\"><img loading=\"lazy\" decoding=\"async\" width=\"683\" height=\"1024\" data-id=\"2577\" src=\"http:\/\/ronkelcomite.be\/wp-content\/uploads\/2023\/02\/P1150797-1-683x1024.jpg\" alt=\"\" class=\"wp-image-2577\" srcset=\"https:\/\/ronkelcomite.be\/wp-content\/uploads\/2023\/02\/P1150797-1-683x1024.jpg 683w, https:\/\/ronkelcomite.be\/wp-content\/uploads\/2023\/02\/P1150797-1-200x300.jpg 200w, https:\/\/ronkelcomite.be\/wp-content\/uploads\/2023\/02\/P1150797-1-768x1152.jpg 768w, https:\/\/ronkelcomite.be\/wp-content\/uploads\/2023\/02\/P1150797-1-1024x1536.jpg 1024w, https:\/\/ronkelcomite.be\/wp-content\/uploads\/2023\/02\/P1150797-1-rotated.jpg 1080w\" sizes=\"auto, (max-width: 683px) 100vw, 683px\" \/><figcaption class=\"wp-element-caption\">06\/2021<\/figcaption><\/figure>\n\n\n\n<figure class=\"wp-block-image size-large\"><img loading=\"lazy\" decoding=\"async\" width=\"683\" height=\"1024\" data-id=\"2579\" src=\"http:\/\/ronkelcomite.be\/wp-content\/uploads\/2023\/02\/P1160818-Grand-1-683x1024.jpg\" alt=\"\" class=\"wp-image-2579\" srcset=\"https:\/\/ronkelcomite.be\/wp-content\/uploads\/2023\/02\/P1160818-Grand-1-683x1024.jpg 683w, https:\/\/ronkelcomite.be\/wp-content\/uploads\/2023\/02\/P1160818-Grand-1-200x300.jpg 200w, https:\/\/ronkelcomite.be\/wp-content\/uploads\/2023\/02\/P1160818-Grand-1-768x1152.jpg 768w, https:\/\/ronkelcomite.be\/wp-content\/uploads\/2023\/02\/P1160818-Grand-1-1024x1536.jpg 1024w, https:\/\/ronkelcomite.be\/wp-content\/uploads\/2023\/02\/P1160818-Grand-1-rotated.jpg 1080w\" sizes=\"auto, (max-width: 683px) 100vw, 683px\" \/><figcaption class=\"wp-element-caption\">11\/2021<\/figcaption><\/figure>\n\n\n\n<figure class=\"wp-block-image size-large\"><img loading=\"lazy\" decoding=\"async\" width=\"683\" height=\"1024\" data-id=\"2578\" src=\"http:\/\/ronkelcomite.be\/wp-content\/uploads\/2023\/02\/P1160819-Grand-1-683x1024.jpg\" alt=\"\" class=\"wp-image-2578\" srcset=\"https:\/\/ronkelcomite.be\/wp-content\/uploads\/2023\/02\/P1160819-Grand-1-683x1024.jpg 683w, https:\/\/ronkelcomite.be\/wp-content\/uploads\/2023\/02\/P1160819-Grand-1-200x300.jpg 200w, https:\/\/ronkelcomite.be\/wp-content\/uploads\/2023\/02\/P1160819-Grand-1-768x1152.jpg 768w, https:\/\/ronkelcomite.be\/wp-content\/uploads\/2023\/02\/P1160819-Grand-1-1024x1536.jpg 1024w, https:\/\/ronkelcomite.be\/wp-content\/uploads\/2023\/02\/P1160819-Grand-1-rotated.jpg 1080w\" sizes=\"auto, (max-width: 683px) 100vw, 683px\" \/><figcaption class=\"wp-element-caption\">11\/2021<\/figcaption><\/figure>\n<\/figure>\n\n\n\n<figure class=\"wp-block-gallery has-nested-images columns-default is-cropped wp-block-gallery-3 is-layout-flex wp-block-gallery-is-layout-flex\">\n<figure class=\"wp-block-image size-large\"><img loading=\"lazy\" decoding=\"async\" width=\"1024\" height=\"683\" data-id=\"2580\" src=\"http:\/\/ronkelcomite.be\/wp-content\/uploads\/2023\/02\/P1160812-Grand-2-1024x683.jpg\" alt=\"\" class=\"wp-image-2580\" srcset=\"https:\/\/ronkelcomite.be\/wp-content\/uploads\/2023\/02\/P1160812-Grand-2-1024x683.jpg 1024w, https:\/\/ronkelcomite.be\/wp-content\/uploads\/2023\/02\/P1160812-Grand-2-300x200.jpg 300w, https:\/\/ronkelcomite.be\/wp-content\/uploads\/2023\/02\/P1160812-Grand-2-768x512.jpg 768w, https:\/\/ronkelcomite.be\/wp-content\/uploads\/2023\/02\/P1160812-Grand-2-1536x1024.jpg 1536w, https:\/\/ronkelcomite.be\/wp-content\/uploads\/2023\/02\/P1160812-Grand-2.jpg 1620w\" sizes=\"auto, (max-width: 1024px) 100vw, 1024px\" \/><figcaption class=\"wp-element-caption\">11\/2021<\/figcaption><\/figure>\n<\/figure>\n\n\n\n<figure class=\"wp-block-gallery has-nested-images columns-default is-cropped wp-block-gallery-4 is-layout-flex wp-block-gallery-is-layout-flex\" id=\"a_haies2023\">\n<figure class=\"wp-block-image size-large\"><img loading=\"lazy\" decoding=\"async\" width=\"683\" height=\"1024\" data-id=\"2583\" src=\"http:\/\/ronkelcomite.be\/wp-content\/uploads\/2023\/02\/P1190671-1-683x1024.jpg\" alt=\"\" class=\"wp-image-2583\" srcset=\"https:\/\/ronkelcomite.be\/wp-content\/uploads\/2023\/02\/P1190671-1-683x1024.jpg 683w, https:\/\/ronkelcomite.be\/wp-content\/uploads\/2023\/02\/P1190671-1-200x300.jpg 200w, https:\/\/ronkelcomite.be\/wp-content\/uploads\/2023\/02\/P1190671-1-768x1152.jpg 768w, https:\/\/ronkelcomite.be\/wp-content\/uploads\/2023\/02\/P1190671-1-1024x1536.jpg 1024w, https:\/\/ronkelcomite.be\/wp-content\/uploads\/2023\/02\/P1190671-1-rotated.jpg 1080w\" sizes=\"auto, (max-width: 683px) 100vw, 683px\" \/><figcaption class=\"wp-element-caption\">01\/2023<\/figcaption><\/figure>\n\n\n\n<figure class=\"wp-block-image size-large\"><img loading=\"lazy\" decoding=\"async\" width=\"683\" height=\"1024\" data-id=\"2582\" src=\"http:\/\/ronkelcomite.be\/wp-content\/uploads\/2023\/02\/P1190683-1-683x1024.jpg\" alt=\"\" class=\"wp-image-2582\" srcset=\"https:\/\/ronkelcomite.be\/wp-content\/uploads\/2023\/02\/P1190683-1-683x1024.jpg 683w, https:\/\/ronkelcomite.be\/wp-content\/uploads\/2023\/02\/P1190683-1-200x300.jpg 200w, https:\/\/ronkelcomite.be\/wp-content\/uploads\/2023\/02\/P1190683-1-768x1152.jpg 768w, https:\/\/ronkelcomite.be\/wp-content\/uploads\/2023\/02\/P1190683-1-1024x1536.jpg 1024w, https:\/\/ronkelcomite.be\/wp-content\/uploads\/2023\/02\/P1190683-1-rotated.jpg 1080w\" sizes=\"auto, (max-width: 683px) 100vw, 683px\" \/><figcaption class=\"wp-element-caption\">01\/2023<\/figcaption><\/figure>\n\n\n\n<figure class=\"wp-block-image size-large\"><img loading=\"lazy\" decoding=\"async\" width=\"683\" height=\"1024\" data-id=\"2581\" src=\"http:\/\/ronkelcomite.be\/wp-content\/uploads\/2023\/02\/P1190675-1-683x1024.jpg\" alt=\"\" class=\"wp-image-2581\" srcset=\"https:\/\/ronkelcomite.be\/wp-content\/uploads\/2023\/02\/P1190675-1-683x1024.jpg 683w, https:\/\/ronkelcomite.be\/wp-content\/uploads\/2023\/02\/P1190675-1-200x300.jpg 200w, https:\/\/ronkelcomite.be\/wp-content\/uploads\/2023\/02\/P1190675-1-768x1152.jpg 768w, https:\/\/ronkelcomite.be\/wp-content\/uploads\/2023\/02\/P1190675-1-1024x1536.jpg 1024w, https:\/\/ronkelcomite.be\/wp-content\/uploads\/2023\/02\/P1190675-1-rotated.jpg 1080w\" sizes=\"auto, (max-width: 683px) 100vw, 683px\" \/><figcaption class=\"wp-element-caption\">01\/2023<\/figcaption><\/figure>\n<\/figure>\n\n\n\n<figure class=\"wp-block-gallery has-nested-images columns-default is-cropped wp-block-gallery-5 is-layout-flex wp-block-gallery-is-layout-flex\">\n<figure class=\"wp-block-image size-large\"><img loading=\"lazy\" decoding=\"async\" width=\"1024\" height=\"683\" data-id=\"2584\" src=\"http:\/\/ronkelcomite.be\/wp-content\/uploads\/2023\/02\/P1190660-1-1024x683.jpg\" alt=\"\" class=\"wp-image-2584\" srcset=\"https:\/\/ronkelcomite.be\/wp-content\/uploads\/2023\/02\/P1190660-1-1024x683.jpg 1024w, https:\/\/ronkelcomite.be\/wp-content\/uploads\/2023\/02\/P1190660-1-300x200.jpg 300w, https:\/\/ronkelcomite.be\/wp-content\/uploads\/2023\/02\/P1190660-1-768x512.jpg 768w, https:\/\/ronkelcomite.be\/wp-content\/uploads\/2023\/02\/P1190660-1-1536x1024.jpg 1536w, https:\/\/ronkelcomite.be\/wp-content\/uploads\/2023\/02\/P1190660-1.jpg 1620w\" sizes=\"auto, (max-width: 1024px) 100vw, 1024px\" \/><figcaption class=\"wp-element-caption\">01\/2023<\/figcaption><\/figure>\n<\/figure>\n\n\n\n<div class=\"wp-block-media-text has-media-on-the-right is-stacked-on-mobile\" style=\"grid-template-columns:auto 38%\" id=\"2025haie\"><div class=\"wp-block-media-text__content\">\n<p><\/p>\n\n\n\n<p>Ce 29 mars 2025, nous avons taill\u00e9 la haie de la prairie face \u00e0 la ferme. <\/p>\n\n\n\n<p>Pourquoi faisons-nous cela alors que cet entretien devrait \u00eatre r\u00e9alis\u00e9 par le propri\u00e9taire&nbsp;? &nbsp;Il est important \u00e0 nos yeux de conserver d\u2019une part la biodiversit\u00e9 du lieu et d\u2019autre part son esth\u00e9tique. Si la haie \u00e9tait taill\u00e9e avec un gyrobroyeur, voici&nbsp; \u00e0 quoi elle pourrait ressembler<\/p>\n<\/div><figure class=\"wp-block-media-text__media\"><img loading=\"lazy\" decoding=\"async\" width=\"1024\" height=\"768\" src=\"http:\/\/ronkelcomite.be\/wp-content\/uploads\/2025\/04\/degats_broyeur-1024x768.jpg\" alt=\"\" class=\"wp-image-3826 size-full\" srcset=\"https:\/\/ronkelcomite.be\/wp-content\/uploads\/2025\/04\/degats_broyeur-1024x768.jpg 1024w, https:\/\/ronkelcomite.be\/wp-content\/uploads\/2025\/04\/degats_broyeur-300x225.jpg 300w, https:\/\/ronkelcomite.be\/wp-content\/uploads\/2025\/04\/degats_broyeur-768x576.jpg 768w, https:\/\/ronkelcomite.be\/wp-content\/uploads\/2025\/04\/degats_broyeur-1536x1152.jpg 1536w, https:\/\/ronkelcomite.be\/wp-content\/uploads\/2025\/04\/degats_broyeur.jpg 1864w\" sizes=\"auto, (max-width: 1024px) 100vw, 1024px\" \/><\/figure><\/div>\n\n\n\n<div class=\"wp-block-media-text has-media-on-the-right is-stacked-on-mobile is-vertically-aligned-center\" style=\"grid-template-columns:auto 38%\"><div class=\"wp-block-media-text__content\">\n<p>Par ailleurs ce type de taille blesse les arbres et peut mener \u00e0 leur destruction comme sur la photo ci-dessus (<a href=\"https:\/\/www.promhaies.net\/news\/massacre-au-broyeur,9816\/\">https:\/\/www.promhaies.net\/news\/massacre-au-broyeur,9816\/<\/a>). Nous pr\u00e9f\u00e9rerons nettement cette vue.<\/p>\n<\/div><figure class=\"wp-block-media-text__media\"><img loading=\"lazy\" decoding=\"async\" width=\"1024\" height=\"683\" src=\"http:\/\/ronkelcomite.be\/wp-content\/uploads\/2025\/04\/P1250662-1024x683.jpg\" alt=\"\" class=\"wp-image-3827 size-full\" srcset=\"https:\/\/ronkelcomite.be\/wp-content\/uploads\/2025\/04\/P1250662-1024x683.jpg 1024w, https:\/\/ronkelcomite.be\/wp-content\/uploads\/2025\/04\/P1250662-300x200.jpg 300w, https:\/\/ronkelcomite.be\/wp-content\/uploads\/2025\/04\/P1250662-768x512.jpg 768w, https:\/\/ronkelcomite.be\/wp-content\/uploads\/2025\/04\/P1250662-1536x1024.jpg 1536w, https:\/\/ronkelcomite.be\/wp-content\/uploads\/2025\/04\/P1250662.jpg 1620w\" sizes=\"auto, (max-width: 1024px) 100vw, 1024px\" \/><\/figure><\/div>\n\n\n\n<p><br>C\u2019est pourquoi nous avons convenu en bonne intelligence avec le propri\u00e9taire de tailler nous-m\u00eame la haie. Bien s\u00fbr cela demande une mobilisation des bonnes volont\u00e9s&nbsp;et de l\u2019\u00e9nergie : &nbsp;tailler, ramasser, d\u00e9placer, broyer et composter.&nbsp;<\/p>\n\n\n\n<figure class=\"wp-block-gallery has-nested-images columns-default is-cropped wp-block-gallery-6 is-layout-flex wp-block-gallery-is-layout-flex\">\n<figure class=\"wp-block-image size-large\"><a href=\"http:\/\/ronkelcomite.be\/wp-content\/uploads\/2025\/04\/20250329_111723-2-scaled.jpg\"><img loading=\"lazy\" decoding=\"async\" width=\"1024\" height=\"768\" data-id=\"3841\" src=\"http:\/\/ronkelcomite.be\/wp-content\/uploads\/2025\/04\/20250329_111723-2-1024x768.jpg\" alt=\"\" class=\"wp-image-3841\" srcset=\"https:\/\/ronkelcomite.be\/wp-content\/uploads\/2025\/04\/20250329_111723-2-1024x768.jpg 1024w, https:\/\/ronkelcomite.be\/wp-content\/uploads\/2025\/04\/20250329_111723-2-300x225.jpg 300w, https:\/\/ronkelcomite.be\/wp-content\/uploads\/2025\/04\/20250329_111723-2-768x576.jpg 768w, https:\/\/ronkelcomite.be\/wp-content\/uploads\/2025\/04\/20250329_111723-2-1536x1152.jpg 1536w, https:\/\/ronkelcomite.be\/wp-content\/uploads\/2025\/04\/20250329_111723-2-2048x1536.jpg 2048w\" sizes=\"auto, (max-width: 1024px) 100vw, 1024px\" \/><\/a><\/figure>\n\n\n\n<figure class=\"wp-block-image size-large\"><a href=\"http:\/\/ronkelcomite.be\/wp-content\/uploads\/2025\/04\/20250329_113232-1-rotated.jpg\"><img loading=\"lazy\" decoding=\"async\" width=\"768\" height=\"1024\" data-id=\"3836\" src=\"http:\/\/ronkelcomite.be\/wp-content\/uploads\/2025\/04\/20250329_113232-1-768x1024.jpg\" alt=\"\" class=\"wp-image-3836\" srcset=\"https:\/\/ronkelcomite.be\/wp-content\/uploads\/2025\/04\/20250329_113232-1-768x1024.jpg 768w, https:\/\/ronkelcomite.be\/wp-content\/uploads\/2025\/04\/20250329_113232-1-225x300.jpg 225w, https:\/\/ronkelcomite.be\/wp-content\/uploads\/2025\/04\/20250329_113232-1-rotated.jpg 1080w\" sizes=\"auto, (max-width: 768px) 100vw, 768px\" \/><\/a><\/figure>\n\n\n\n<figure class=\"wp-block-image size-large\"><a href=\"http:\/\/ronkelcomite.be\/wp-content\/uploads\/2025\/04\/20250329_113528-1-rotated.jpg\"><img loading=\"lazy\" decoding=\"async\" width=\"768\" height=\"1024\" data-id=\"3838\" src=\"http:\/\/ronkelcomite.be\/wp-content\/uploads\/2025\/04\/20250329_113528-1-768x1024.jpg\" alt=\"\" class=\"wp-image-3838\" srcset=\"https:\/\/ronkelcomite.be\/wp-content\/uploads\/2025\/04\/20250329_113528-1-768x1024.jpg 768w, https:\/\/ronkelcomite.be\/wp-content\/uploads\/2025\/04\/20250329_113528-1-225x300.jpg 225w, https:\/\/ronkelcomite.be\/wp-content\/uploads\/2025\/04\/20250329_113528-1-rotated.jpg 1080w\" sizes=\"auto, (max-width: 768px) 100vw, 768px\" \/><\/a><\/figure>\n\n\n\n<figure class=\"wp-block-image size-large\"><a href=\"http:\/\/ronkelcomite.be\/wp-content\/uploads\/2025\/04\/20250329_114616-scaled.jpg\"><img loading=\"lazy\" decoding=\"async\" width=\"1024\" height=\"768\" data-id=\"3839\" src=\"http:\/\/ronkelcomite.be\/wp-content\/uploads\/2025\/04\/20250329_114616-1024x768.jpg\" alt=\"\" class=\"wp-image-3839\" srcset=\"https:\/\/ronkelcomite.be\/wp-content\/uploads\/2025\/04\/20250329_114616-1024x768.jpg 1024w, https:\/\/ronkelcomite.be\/wp-content\/uploads\/2025\/04\/20250329_114616-300x225.jpg 300w, https:\/\/ronkelcomite.be\/wp-content\/uploads\/2025\/04\/20250329_114616-768x576.jpg 768w, https:\/\/ronkelcomite.be\/wp-content\/uploads\/2025\/04\/20250329_114616-1536x1152.jpg 1536w, https:\/\/ronkelcomite.be\/wp-content\/uploads\/2025\/04\/20250329_114616-2048x1536.jpg 2048w\" sizes=\"auto, (max-width: 1024px) 100vw, 1024px\" \/><\/a><\/figure>\n\n\n\n<figure class=\"wp-block-image size-large\"><a href=\"http:\/\/ronkelcomite.be\/wp-content\/uploads\/2025\/04\/20250329_125117-3-scaled.jpg\"><img loading=\"lazy\" decoding=\"async\" width=\"1024\" height=\"768\" data-id=\"3843\" src=\"http:\/\/ronkelcomite.be\/wp-content\/uploads\/2025\/04\/20250329_125117-3-1024x768.jpg\" alt=\"\" class=\"wp-image-3843\" srcset=\"https:\/\/ronkelcomite.be\/wp-content\/uploads\/2025\/04\/20250329_125117-3-1024x768.jpg 1024w, https:\/\/ronkelcomite.be\/wp-content\/uploads\/2025\/04\/20250329_125117-3-300x225.jpg 300w, https:\/\/ronkelcomite.be\/wp-content\/uploads\/2025\/04\/20250329_125117-3-768x576.jpg 768w, https:\/\/ronkelcomite.be\/wp-content\/uploads\/2025\/04\/20250329_125117-3-1536x1152.jpg 1536w, https:\/\/ronkelcomite.be\/wp-content\/uploads\/2025\/04\/20250329_125117-3-2048x1536.jpg 2048w\" sizes=\"auto, (max-width: 1024px) 100vw, 1024px\" \/><\/a><\/figure>\n\n\n\n<figure class=\"wp-block-image size-large\"><a href=\"http:\/\/ronkelcomite.be\/wp-content\/uploads\/2025\/04\/WhatsApp-Image-2025-04-10-at-21.29.41-2.jpeg\"><img loading=\"lazy\" decoding=\"async\" width=\"768\" height=\"1024\" data-id=\"3876\" src=\"http:\/\/ronkelcomite.be\/wp-content\/uploads\/2025\/04\/WhatsApp-Image-2025-04-10-at-21.29.41-2-768x1024.jpeg\" alt=\"\" class=\"wp-image-3876\" srcset=\"https:\/\/ronkelcomite.be\/wp-content\/uploads\/2025\/04\/WhatsApp-Image-2025-04-10-at-21.29.41-2-768x1024.jpeg 768w, https:\/\/ronkelcomite.be\/wp-content\/uploads\/2025\/04\/WhatsApp-Image-2025-04-10-at-21.29.41-2-225x300.jpeg 225w, https:\/\/ronkelcomite.be\/wp-content\/uploads\/2025\/04\/WhatsApp-Image-2025-04-10-at-21.29.41-2.jpeg 810w\" sizes=\"auto, (max-width: 768px) 100vw, 768px\" \/><\/a><\/figure>\n<\/figure>\n","protected":false},"excerpt":{"rendered":"<p>Annuellement, il est n\u00e9cessaire de tailler les centaines de m\u00e8tres de haies qui entourent les prairies dans la Ronkel. De nombreux riverains apportent leur aide. Ces haies sont taill\u00e9es de mani\u00e8re \u00e0 conserver une floraison pour un apport en nourriture<\/p>\n","protected":false},"author":3,"featured_media":0,"parent":98,"menu_order":0,"comment_status":"closed","ping_status":"closed","template":"","meta":{"_uag_custom_page_level_css":"","ngg_post_thumbnail":0,"footnotes":""},"class_list":["post-820","page","type-page","status-publish","hentry"],"uagb_featured_image_src":{"full":false,"thumbnail":false,"medium":false,"medium_large":false,"large":false,"1536x1536":false,"2048x2048":false,"featured-blog-large":false,"featured-blog-medium":false,"featured":false,"featured-blog-medium-small":false},"uagb_author_info":{"display_name":"Bernadette Jambe","author_link":"https:\/\/ronkelcomite.be\/fr\/author\/bernadette\/"},"uagb_comment_info":0,"uagb_excerpt":"Annuellement, il est n\u00e9cessaire de tailler les centaines de m\u00e8tres de haies qui entourent les prairies dans la Ronkel. De nombreux riverains apportent leur aide. Ces haies sont taill\u00e9es de mani\u00e8re \u00e0 conserver une floraison pour un apport en nourriture","_links":{"self":[{"href":"https:\/\/ronkelcomite.be\/fr\/wp-json\/wp\/v2\/pages\/820","targetHints":{"allow":["GET"]}}],"collection":[{"href":"https:\/\/ronkelcomite.be\/fr\/wp-json\/wp\/v2\/pages"}],"about":[{"href":"https:\/\/ronkelcomite.be\/fr\/wp-json\/wp\/v2\/types\/page"}],"author":[{"embeddable":true,"href":"https:\/\/ronkelcomite.be\/fr\/wp-json\/wp\/v2\/users\/3"}],"replies":[{"embeddable":true,"href":"https:\/\/ronkelcomite.be\/fr\/wp-json\/wp\/v2\/comments?post=820"}],"version-history":[{"count":36,"href":"https:\/\/ronkelcomite.be\/fr\/wp-json\/wp\/v2\/pages\/820\/revisions"}],"predecessor-version":[{"id":3877,"href":"https:\/\/ronkelcomite.be\/fr\/wp-json\/wp\/v2\/pages\/820\/revisions\/3877"}],"up":[{"embeddable":true,"href":"https:\/\/ronkelcomite.be\/fr\/wp-json\/wp\/v2\/pages\/98"}],"wp:attachment":[{"href":"https:\/\/ronkelcomite.be\/fr\/wp-json\/wp\/v2\/media?parent=820"}],"curies":[{"name":"wp","href":"https:\/\/api.w.org\/{rel}","templated":true}]}}