{"id":842,"date":"2021-04-05T09:42:41","date_gmt":"2021-04-05T09:42:41","guid":{"rendered":"http:\/\/ronkelcomite.be\/nl\/?page_id=842"},"modified":"2022-03-28T17:15:17","modified_gmt":"2022-03-28T17:15:17","slug":"ramassage-des-detritus-2","status":"publish","type":"page","link":"https:\/\/ronkelcomite.be\/fr\/activiteiten\/ramassage-des-detritus-2\/","title":{"rendered":"Ramassage des d\u00e9tritus"},"content":{"rendered":"\n<p>Nous avons particip\u00e9 aux actions propos\u00e9es par la commune concernant le ramassage des d\u00e9tritus sur la voie publique. Nous avons commenc\u00e9 en 2009. A cette \u00e9poque, nous remplissions des brouettes enti\u00e8res. Depuis quelques ann\u00e9es, nous voyons une nette diminution du volume de d\u00e9chets jet\u00e9s. Notre quartier reste propre car nous sommes nombreux \u00e0 ramasser r\u00e9guli\u00e8rement les quelques d\u00e9chets que l\u2019on rencontre encore.<\/p>\n\n\n\n<div class=\"wp-block-group is-layout-flow wp-block-group-is-layout-flow\">\n<figure class=\"wp-block-gallery alignfull has-nested-images columns-2 is-cropped wp-block-gallery-1 is-layout-flex wp-block-gallery-is-layout-flex\">\n<figure class=\"wp-block-image size-large\"><img loading=\"lazy\" decoding=\"async\" width=\"1024\" height=\"768\" data-id=\"374\" src=\"http:\/\/ronkelcomite.be\/wp-content\/uploads\/2021\/02\/2009-03-07-Wemmel-proper-1024x768.jpg\" alt=\"\" class=\"wp-image-374\" srcset=\"https:\/\/ronkelcomite.be\/wp-content\/uploads\/2021\/02\/2009-03-07-Wemmel-proper-1024x768.jpg 1024w, https:\/\/ronkelcomite.be\/wp-content\/uploads\/2021\/02\/2009-03-07-Wemmel-proper-300x225.jpg 300w, https:\/\/ronkelcomite.be\/wp-content\/uploads\/2021\/02\/2009-03-07-Wemmel-proper-768x576.jpg 768w, https:\/\/ronkelcomite.be\/wp-content\/uploads\/2021\/02\/2009-03-07-Wemmel-proper.jpg 1440w\" sizes=\"auto, (max-width: 1024px) 100vw, 1024px\" \/><figcaption>03\/2009<\/figcaption><\/figure>\n\n\n\n<figure class=\"wp-block-image size-large\"><img loading=\"lazy\" decoding=\"async\" width=\"1024\" height=\"683\" data-id=\"395\" src=\"http:\/\/ronkelcomite.be\/wp-content\/uploads\/2021\/02\/2011-03-26-Wemmel-proper-1-1024x683.jpg\" alt=\"\" class=\"wp-image-395\" srcset=\"https:\/\/ronkelcomite.be\/wp-content\/uploads\/2021\/02\/2011-03-26-Wemmel-proper-1-1024x683.jpg 1024w, https:\/\/ronkelcomite.be\/wp-content\/uploads\/2021\/02\/2011-03-26-Wemmel-proper-1-300x200.jpg 300w, https:\/\/ronkelcomite.be\/wp-content\/uploads\/2021\/02\/2011-03-26-Wemmel-proper-1-768x512.jpg 768w, https:\/\/ronkelcomite.be\/wp-content\/uploads\/2021\/02\/2011-03-26-Wemmel-proper-1-1536x1024.jpg 1536w, https:\/\/ronkelcomite.be\/wp-content\/uploads\/2021\/02\/2011-03-26-Wemmel-proper-1.jpg 1620w\" sizes=\"auto, (max-width: 1024px) 100vw, 1024px\" \/><figcaption>03\/2011<\/figcaption><\/figure>\n\n\n\n<figure class=\"wp-block-image size-large\"><img loading=\"lazy\" decoding=\"async\" width=\"1024\" height=\"683\" data-id=\"841\" src=\"http:\/\/ronkelcomite.be\/wp-content\/uploads\/2021\/04\/P1090358-detritus-1024x683.jpg\" alt=\"\" class=\"wp-image-841\" srcset=\"https:\/\/ronkelcomite.be\/wp-content\/uploads\/2021\/04\/P1090358-detritus-1024x683.jpg 1024w, https:\/\/ronkelcomite.be\/wp-content\/uploads\/2021\/04\/P1090358-detritus-300x200.jpg 300w, https:\/\/ronkelcomite.be\/wp-content\/uploads\/2021\/04\/P1090358-detritus-768x512.jpg 768w, https:\/\/ronkelcomite.be\/wp-content\/uploads\/2021\/04\/P1090358-detritus-1536x1024.jpg 1536w, https:\/\/ronkelcomite.be\/wp-content\/uploads\/2021\/04\/P1090358-detritus.jpg 1620w\" sizes=\"auto, (max-width: 1024px) 100vw, 1024px\" \/><figcaption>03\/2019<\/figcaption><\/figure>\n\n\n\n<figure class=\"wp-block-image size-large\"><img loading=\"lazy\" decoding=\"async\" width=\"1024\" height=\"683\" data-id=\"840\" src=\"http:\/\/ronkelcomite.be\/wp-content\/uploads\/2021\/04\/P1090356-detritus-1024x683.jpg\" alt=\"\" class=\"wp-image-840\" srcset=\"https:\/\/ronkelcomite.be\/wp-content\/uploads\/2021\/04\/P1090356-detritus-1024x683.jpg 1024w, https:\/\/ronkelcomite.be\/wp-content\/uploads\/2021\/04\/P1090356-detritus-300x200.jpg 300w, https:\/\/ronkelcomite.be\/wp-content\/uploads\/2021\/04\/P1090356-detritus-768x512.jpg 768w, https:\/\/ronkelcomite.be\/wp-content\/uploads\/2021\/04\/P1090356-detritus-1536x1024.jpg 1536w, https:\/\/ronkelcomite.be\/wp-content\/uploads\/2021\/04\/P1090356-detritus.jpg 1620w\" sizes=\"auto, (max-width: 1024px) 100vw, 1024px\" \/><figcaption>03\/2019<\/figcaption><\/figure>\n<\/figure>\n<\/div>\n\n\n\n<figure class=\"wp-block-image size-large\"><img loading=\"lazy\" decoding=\"async\" width=\"1024\" height=\"683\" src=\"http:\/\/ronkelcomite.be\/wp-content\/uploads\/2022\/03\/P1170839-1-1024x683.jpg\" alt=\"\" class=\"wp-image-2050\" srcset=\"https:\/\/ronkelcomite.be\/wp-content\/uploads\/2022\/03\/P1170839-1-1024x683.jpg 1024w, https:\/\/ronkelcomite.be\/wp-content\/uploads\/2022\/03\/P1170839-1-300x200.jpg 300w, https:\/\/ronkelcomite.be\/wp-content\/uploads\/2022\/03\/P1170839-1-768x512.jpg 768w, https:\/\/ronkelcomite.be\/wp-content\/uploads\/2022\/03\/P1170839-1-1536x1024.jpg 1536w, https:\/\/ronkelcomite.be\/wp-content\/uploads\/2022\/03\/P1170839-1.jpg 1620w\" sizes=\"auto, (max-width: 1024px) 100vw, 1024px\" \/><figcaption>03\/2022<\/figcaption><\/figure>\n","protected":false},"excerpt":{"rendered":"<p>Nous avons particip\u00e9 aux actions propos\u00e9es par la commune concernant le ramassage des d\u00e9tritus sur la voie publique. Nous avons commenc\u00e9 en 2009. A cette \u00e9poque, nous remplissions des brouettes enti\u00e8res. Depuis quelques ann\u00e9es, nous voyons une nette diminution du<\/p>\n","protected":false},"author":3,"featured_media":0,"parent":98,"menu_order":0,"comment_status":"closed","ping_status":"closed","template":"","meta":{"_uag_custom_page_level_css":"","ngg_post_thumbnail":0,"footnotes":""},"class_list":["post-842","page","type-page","status-publish","hentry"],"uagb_featured_image_src":{"full":false,"thumbnail":false,"medium":false,"medium_large":false,"large":false,"1536x1536":false,"2048x2048":false,"featured-blog-large":false,"featured-blog-medium":false,"featured":false,"featured-blog-medium-small":false},"uagb_author_info":{"display_name":"Bernadette Jambe","author_link":"https:\/\/ronkelcomite.be\/fr\/author\/bernadette\/"},"uagb_comment_info":0,"uagb_excerpt":"Nous avons particip\u00e9 aux actions propos\u00e9es par la commune concernant le ramassage des d\u00e9tritus sur la voie publique. Nous avons commenc\u00e9 en 2009. A cette \u00e9poque, nous remplissions des brouettes enti\u00e8res. Depuis quelques ann\u00e9es, nous voyons une nette diminution du","_links":{"self":[{"href":"https:\/\/ronkelcomite.be\/fr\/wp-json\/wp\/v2\/pages\/842","targetHints":{"allow":["GET"]}}],"collection":[{"href":"https:\/\/ronkelcomite.be\/fr\/wp-json\/wp\/v2\/pages"}],"about":[{"href":"https:\/\/ronkelcomite.be\/fr\/wp-json\/wp\/v2\/types\/page"}],"author":[{"embeddable":true,"href":"https:\/\/ronkelcomite.be\/fr\/wp-json\/wp\/v2\/users\/3"}],"replies":[{"embeddable":true,"href":"https:\/\/ronkelcomite.be\/fr\/wp-json\/wp\/v2\/comments?post=842"}],"version-history":[{"count":14,"href":"https:\/\/ronkelcomite.be\/fr\/wp-json\/wp\/v2\/pages\/842\/revisions"}],"predecessor-version":[{"id":2051,"href":"https:\/\/ronkelcomite.be\/fr\/wp-json\/wp\/v2\/pages\/842\/revisions\/2051"}],"up":[{"embeddable":true,"href":"https:\/\/ronkelcomite.be\/fr\/wp-json\/wp\/v2\/pages\/98"}],"wp:attachment":[{"href":"https:\/\/ronkelcomite.be\/fr\/wp-json\/wp\/v2\/media?parent=842"}],"curies":[{"name":"wp","href":"https:\/\/api.w.org\/{rel}","templated":true}]}}