{"id":9,"date":"2020-03-13T09:09:30","date_gmt":"2020-03-13T09:09:30","guid":{"rendered":"http:\/\/ronkelcomite.be\/?page_id=9"},"modified":"2021-04-17T20:03:54","modified_gmt":"2021-04-17T20:03:54","slug":"contact","status":"publish","type":"page","link":"https:\/\/ronkelcomite.be\/fr\/contact\/","title":{"rendered":"Contact"},"content":{"rendered":"\n<p><strong>Comment fonctionne le RonkelComit\u00e9&nbsp;?<\/strong><\/p>\n\n\n\n<p>Le RonkelComit\u00e9 est une association de fait cr\u00e9\u00e9e le 23 f\u00e9vrier 2018. Le comit\u00e9 compte une septantaine de membres.<\/p>\n\n\n\n<p>Le kern a \u00e9t\u00e9 cr\u00e9\u00e9 en 2021. Il s\u2019agit de l\u2019organe de d\u00e9cision du RonkelComit\u00e9. Il est actuellement compos\u00e9 de  8 personnes. Il prend les d\u00e9cisions de fa\u00e7on coll\u00e9giale, consensuelle et solidaire, dans l\u2019int\u00e9r\u00eat du collectif.<\/p>\n\n\n\n<p><strong>Comment devenir membre&nbsp;? Comment \u00eatre au courant de nos activit\u00e9s&nbsp;?<\/strong><\/p>\n\n\n\n<p>Toute personne qui le souhaite peut en \u00eatre membre gratuitement. Il suffit de nous en faire la demande \u00e0 l\u2019adresse mail suivante&nbsp;: <a href=\"mailto:ronkelcomite@gmail.com\">ronkelcomite@gmail.com<\/a>.<\/p>\n\n\n\n<p>Vous serez alors mis au courant des activit\u00e9s que nous organisons par mail.<\/p>\n\n\n\n<p>Si vous souhaitez vous d\u00e9sinscrire, c\u2019est tout aussi simple, vous nous le signalez par mail.<\/p>\n\n\n\t\t\t<div \n\t\t\tclass=\"wp-block-uagb-google-map uagb-google-map__wrap uagb-block-ad0b0d7c     \"\n\t\t\tstyle=\"\" >\n\t\t\t\t<embed\n\t\t\t\t\tclass=\"uagb-google-map__iframe\"\n\t\t\t\t\ttitle=\"Google Map for \"\n\t\t\t\t\tsrc=\"https:\/\/maps.google.com\/maps?q=Ronkel%20&#038;z=12&#038;hl=fr&#038;t=m&#038;output=embed&#038;iwloc=near\"\n\t\t\t\t\twidth=\"640\"\n\t\t\t\t\theight=\"300\"\n\t\t\t\t\tloading=\"lazy\"\n\t\t\t\t><\/embed>\n\t\t\t<\/div>\n\t\t\t","protected":false},"excerpt":{"rendered":"<p>Comment fonctionne le RonkelComit\u00e9&nbsp;? Le RonkelComit\u00e9 est une association de fait cr\u00e9\u00e9e le 23 f\u00e9vrier 2018. Le comit\u00e9 compte une septantaine de membres. Le kern a \u00e9t\u00e9 cr\u00e9\u00e9 en 2021. Il s\u2019agit de l\u2019organe de d\u00e9cision du RonkelComit\u00e9. Il est<\/p>\n","protected":false},"author":1,"featured_media":0,"parent":0,"menu_order":0,"comment_status":"closed","ping_status":"closed","template":"page-templates\/contact.php","meta":{"_uag_custom_page_level_css":"","ngg_post_thumbnail":0,"footnotes":""},"class_list":["post-9","page","type-page","status-publish","hentry"],"uagb_featured_image_src":{"full":false,"thumbnail":false,"medium":false,"medium_large":false,"large":false,"1536x1536":false,"2048x2048":false,"featured-blog-large":false,"featured-blog-medium":false,"featured":false,"featured-blog-medium-small":false},"uagb_author_info":{"display_name":"Martin Van Parys","author_link":"https:\/\/ronkelcomite.be\/fr\/author\/admin\/"},"uagb_comment_info":0,"uagb_excerpt":"Comment fonctionne le RonkelComit\u00e9&nbsp;? Le RonkelComit\u00e9 est une association de fait cr\u00e9\u00e9e le 23 f\u00e9vrier 2018. Le comit\u00e9 compte une septantaine de membres. Le kern a \u00e9t\u00e9 cr\u00e9\u00e9 en 2021. Il s\u2019agit de l\u2019organe de d\u00e9cision du RonkelComit\u00e9. Il est","_links":{"self":[{"href":"https:\/\/ronkelcomite.be\/fr\/wp-json\/wp\/v2\/pages\/9","targetHints":{"allow":["GET"]}}],"collection":[{"href":"https:\/\/ronkelcomite.be\/fr\/wp-json\/wp\/v2\/pages"}],"about":[{"href":"https:\/\/ronkelcomite.be\/fr\/wp-json\/wp\/v2\/types\/page"}],"author":[{"embeddable":true,"href":"https:\/\/ronkelcomite.be\/fr\/wp-json\/wp\/v2\/users\/1"}],"replies":[{"embeddable":true,"href":"https:\/\/ronkelcomite.be\/fr\/wp-json\/wp\/v2\/comments?post=9"}],"version-history":[{"count":9,"href":"https:\/\/ronkelcomite.be\/fr\/wp-json\/wp\/v2\/pages\/9\/revisions"}],"predecessor-version":[{"id":1930,"href":"https:\/\/ronkelcomite.be\/fr\/wp-json\/wp\/v2\/pages\/9\/revisions\/1930"}],"wp:attachment":[{"href":"https:\/\/ronkelcomite.be\/fr\/wp-json\/wp\/v2\/media?parent=9"}],"curies":[{"name":"wp","href":"https:\/\/api.w.org\/{rel}","templated":true}]}}