{"id":910,"date":"2021-04-05T19:39:56","date_gmt":"2021-04-05T19:39:56","guid":{"rendered":"http:\/\/ronkelcomite.be\/nl\/?page_id=910"},"modified":"2021-04-07T16:03:57","modified_gmt":"2021-04-07T16:03:57","slug":"verkoop-van-lokale-producten","status":"publish","type":"page","link":"https:\/\/ronkelcomite.be\/fr\/activiteiten\/verkoop-van-lokale-producten\/","title":{"rendered":"Vente de produits locaux"},"content":{"rendered":"\n<p>Notre souhait est de d\u00e9velopper au maximum la vente de produits qui ont leur origine dans notre quartier ou ses environs imm\u00e9diats comme les pommes de terre, le miel, le pain et occasionnellement les chicons et bient\u00f4t des \u0153ufs et des l\u00e9gumes. Des indications plus pr\u00e9cises sont toujours disponibles sur le site et le panneau d\u2019affichage dans la Ronkel.<\/p>\n\n\n\n<p><\/p>\n\n\n\n<figure class=\"wp-block-gallery columns-2 is-cropped wp-block-gallery-1 is-layout-flex wp-block-gallery-is-layout-flex\"><ul class=\"blocks-gallery-grid\"><li class=\"blocks-gallery-item\"><figure><img loading=\"lazy\" decoding=\"async\" width=\"1024\" height=\"724\" src=\"http:\/\/ronkelcomite.be\/wp-content\/uploads\/2021\/04\/affiche-generale-1024x724.png\" alt=\"\" data-id=\"1116\" data-full-url=\"http:\/\/ronkelcomite.be\/wp-content\/uploads\/2021\/04\/affiche-generale.png\" data-link=\"http:\/\/ronkelcomite.be\/fr\/activiteiten\/affiche-generale\/\" class=\"wp-image-1116\" srcset=\"https:\/\/ronkelcomite.be\/wp-content\/uploads\/2021\/04\/affiche-generale-1024x724.png 1024w, https:\/\/ronkelcomite.be\/wp-content\/uploads\/2021\/04\/affiche-generale-300x212.png 300w, https:\/\/ronkelcomite.be\/wp-content\/uploads\/2021\/04\/affiche-generale-768x543.png 768w, https:\/\/ronkelcomite.be\/wp-content\/uploads\/2021\/04\/affiche-generale.png 1123w\" sizes=\"auto, (max-width: 1024px) 100vw, 1024px\" \/><\/figure><\/li><li class=\"blocks-gallery-item\"><figure><img loading=\"lazy\" decoding=\"async\" width=\"1024\" height=\"683\" src=\"http:\/\/ronkelcomite.be\/wp-content\/uploads\/2021\/03\/P1150033-pain-5-1024x683.jpg\" alt=\"\" data-id=\"806\" data-full-url=\"http:\/\/ronkelcomite.be\/wp-content\/uploads\/2021\/03\/P1150033-pain-5.jpg\" data-link=\"http:\/\/ronkelcomite.be\/fr\/p1150033-pain-6\/\" class=\"wp-image-806\" srcset=\"https:\/\/ronkelcomite.be\/wp-content\/uploads\/2021\/03\/P1150033-pain-5-1024x683.jpg 1024w, https:\/\/ronkelcomite.be\/wp-content\/uploads\/2021\/03\/P1150033-pain-5-300x200.jpg 300w, https:\/\/ronkelcomite.be\/wp-content\/uploads\/2021\/03\/P1150033-pain-5-768x512.jpg 768w, https:\/\/ronkelcomite.be\/wp-content\/uploads\/2021\/03\/P1150033-pain-5-1536x1024.jpg 1536w, https:\/\/ronkelcomite.be\/wp-content\/uploads\/2021\/03\/P1150033-pain-5.jpg 1620w\" sizes=\"auto, (max-width: 1024px) 100vw, 1024px\" \/><figcaption class=\"blocks-gallery-item__caption\">11\/2020<\/figcaption><\/figure><\/li><li class=\"blocks-gallery-item\"><figure><img loading=\"lazy\" decoding=\"async\" width=\"1024\" height=\"683\" src=\"http:\/\/ronkelcomite.be\/wp-content\/uploads\/2021\/03\/P1150016-pain-5-1024x683.jpg\" alt=\"\" data-id=\"805\" data-full-url=\"http:\/\/ronkelcomite.be\/wp-content\/uploads\/2021\/03\/P1150016-pain-5.jpg\" data-link=\"http:\/\/ronkelcomite.be\/fr\/p1150016-pain-6\/\" class=\"wp-image-805\" srcset=\"https:\/\/ronkelcomite.be\/wp-content\/uploads\/2021\/03\/P1150016-pain-5-1024x683.jpg 1024w, https:\/\/ronkelcomite.be\/wp-content\/uploads\/2021\/03\/P1150016-pain-5-300x200.jpg 300w, https:\/\/ronkelcomite.be\/wp-content\/uploads\/2021\/03\/P1150016-pain-5-768x512.jpg 768w, https:\/\/ronkelcomite.be\/wp-content\/uploads\/2021\/03\/P1150016-pain-5-1536x1024.jpg 1536w, https:\/\/ronkelcomite.be\/wp-content\/uploads\/2021\/03\/P1150016-pain-5.jpg 1620w\" sizes=\"auto, (max-width: 1024px) 100vw, 1024px\" \/><figcaption class=\"blocks-gallery-item__caption\">11\/2020<\/figcaption><\/figure><\/li><li class=\"blocks-gallery-item\"><figure><img loading=\"lazy\" decoding=\"async\" width=\"1024\" height=\"682\" src=\"http:\/\/ronkelcomite.be\/wp-content\/uploads\/2021\/04\/2015-03-miel-IMG_5968-1024x682.jpg\" alt=\"\" data-id=\"1150\" data-full-url=\"http:\/\/ronkelcomite.be\/wp-content\/uploads\/2021\/04\/2015-03-miel-IMG_5968.jpg\" data-link=\"http:\/\/ronkelcomite.be\/fr\/activiteiten\/verkoop-van-lokale-producten\/2015-03-miel-img_5968\/\" class=\"wp-image-1150\" srcset=\"https:\/\/ronkelcomite.be\/wp-content\/uploads\/2021\/04\/2015-03-miel-IMG_5968-1024x682.jpg 1024w, https:\/\/ronkelcomite.be\/wp-content\/uploads\/2021\/04\/2015-03-miel-IMG_5968-300x200.jpg 300w, https:\/\/ronkelcomite.be\/wp-content\/uploads\/2021\/04\/2015-03-miel-IMG_5968-768x511.jpg 768w, https:\/\/ronkelcomite.be\/wp-content\/uploads\/2021\/04\/2015-03-miel-IMG_5968-1536x1023.jpg 1536w, https:\/\/ronkelcomite.be\/wp-content\/uploads\/2021\/04\/2015-03-miel-IMG_5968.jpg 1622w\" sizes=\"auto, (max-width: 1024px) 100vw, 1024px\" \/><\/figure><\/li><li class=\"blocks-gallery-item\"><figure><img loading=\"lazy\" decoding=\"async\" width=\"683\" height=\"1024\" src=\"http:\/\/ronkelcomite.be\/wp-content\/uploads\/2021\/02\/P1150317-panneau-683x1024.jpg\" alt=\"\" data-id=\"410\" data-full-url=\"http:\/\/ronkelcomite.be\/wp-content\/uploads\/2021\/02\/P1150317-panneau-rotated.jpg\" data-link=\"http:\/\/ronkelcomite.be\/fr\/p1150317-panneau\/\" class=\"wp-image-410\" srcset=\"https:\/\/ronkelcomite.be\/wp-content\/uploads\/2021\/02\/P1150317-panneau-683x1024.jpg 683w, https:\/\/ronkelcomite.be\/wp-content\/uploads\/2021\/02\/P1150317-panneau-200x300.jpg 200w, https:\/\/ronkelcomite.be\/wp-content\/uploads\/2021\/02\/P1150317-panneau-768x1152.jpg 768w, https:\/\/ronkelcomite.be\/wp-content\/uploads\/2021\/02\/P1150317-panneau-1024x1536.jpg 1024w, https:\/\/ronkelcomite.be\/wp-content\/uploads\/2021\/02\/P1150317-panneau-rotated.jpg 1080w\" sizes=\"auto, (max-width: 683px) 100vw, 683px\" \/><figcaption class=\"blocks-gallery-item__caption\">02\/2021<\/figcaption><\/figure><\/li><li class=\"blocks-gallery-item\"><figure><img loading=\"lazy\" decoding=\"async\" width=\"720\" height=\"1024\" src=\"http:\/\/ronkelcomite.be\/wp-content\/uploads\/2021\/04\/Bintje-Ronkelhof-affiche-720x1024.png\" alt=\"\" data-id=\"1135\" data-full-url=\"http:\/\/ronkelcomite.be\/wp-content\/uploads\/2021\/04\/Bintje-Ronkelhof-affiche.png\" data-link=\"http:\/\/ronkelcomite.be\/fr\/activiteiten\/verkoop-van-lokale-producten\/bintje-ronkelhof-affiche\/\" class=\"wp-image-1135\" srcset=\"https:\/\/ronkelcomite.be\/wp-content\/uploads\/2021\/04\/Bintje-Ronkelhof-affiche-720x1024.png 720w, https:\/\/ronkelcomite.be\/wp-content\/uploads\/2021\/04\/Bintje-Ronkelhof-affiche-211x300.png 211w, https:\/\/ronkelcomite.be\/wp-content\/uploads\/2021\/04\/Bintje-Ronkelhof-affiche-768x1093.png 768w, https:\/\/ronkelcomite.be\/wp-content\/uploads\/2021\/04\/Bintje-Ronkelhof-affiche-1079x1536.png 1079w, https:\/\/ronkelcomite.be\/wp-content\/uploads\/2021\/04\/Bintje-Ronkelhof-affiche.png 1241w\" sizes=\"auto, (max-width: 720px) 100vw, 720px\" \/><\/figure><\/li><\/ul><\/figure>\n\n\n\n<p><\/p>\n","protected":false},"excerpt":{"rendered":"<p>Notre souhait est de d\u00e9velopper au maximum la vente de produits qui ont leur origine dans notre quartier ou ses environs imm\u00e9diats comme les pommes de terre, le miel, le pain et occasionnellement les chicons et bient\u00f4t des \u0153ufs et<\/p>\n","protected":false},"author":3,"featured_media":0,"parent":98,"menu_order":0,"comment_status":"closed","ping_status":"closed","template":"","meta":{"_uag_custom_page_level_css":"","ngg_post_thumbnail":0,"footnotes":""},"class_list":["post-910","page","type-page","status-publish","hentry"],"uagb_featured_image_src":{"full":false,"thumbnail":false,"medium":false,"medium_large":false,"large":false,"1536x1536":false,"2048x2048":false,"featured-blog-large":false,"featured-blog-medium":false,"featured":false,"featured-blog-medium-small":false},"uagb_author_info":{"display_name":"Bernadette Jambe","author_link":"https:\/\/ronkelcomite.be\/fr\/author\/bernadette\/"},"uagb_comment_info":0,"uagb_excerpt":"Notre souhait est de d\u00e9velopper au maximum la vente de produits qui ont leur origine dans notre quartier ou ses environs imm\u00e9diats comme les pommes de terre, le miel, le pain et occasionnellement les chicons et bient\u00f4t des \u0153ufs et","_links":{"self":[{"href":"https:\/\/ronkelcomite.be\/fr\/wp-json\/wp\/v2\/pages\/910","targetHints":{"allow":["GET"]}}],"collection":[{"href":"https:\/\/ronkelcomite.be\/fr\/wp-json\/wp\/v2\/pages"}],"about":[{"href":"https:\/\/ronkelcomite.be\/fr\/wp-json\/wp\/v2\/types\/page"}],"author":[{"embeddable":true,"href":"https:\/\/ronkelcomite.be\/fr\/wp-json\/wp\/v2\/users\/3"}],"replies":[{"embeddable":true,"href":"https:\/\/ronkelcomite.be\/fr\/wp-json\/wp\/v2\/comments?post=910"}],"version-history":[{"count":10,"href":"https:\/\/ronkelcomite.be\/fr\/wp-json\/wp\/v2\/pages\/910\/revisions"}],"predecessor-version":[{"id":1325,"href":"https:\/\/ronkelcomite.be\/fr\/wp-json\/wp\/v2\/pages\/910\/revisions\/1325"}],"up":[{"embeddable":true,"href":"https:\/\/ronkelcomite.be\/fr\/wp-json\/wp\/v2\/pages\/98"}],"wp:attachment":[{"href":"https:\/\/ronkelcomite.be\/fr\/wp-json\/wp\/v2\/media?parent=910"}],"curies":[{"name":"wp","href":"https:\/\/api.w.org\/{rel}","templated":true}]}}