{"id":98,"date":"2020-03-19T15:12:08","date_gmt":"2020-03-19T15:12:08","guid":{"rendered":"http:\/\/ronkelcomite.be\/nl\/?page_id=98"},"modified":"2023-03-11T09:07:55","modified_gmt":"2023-03-11T09:07:55","slug":"activiteiten","status":"publish","type":"page","link":"https:\/\/ronkelcomite.be\/fr\/activiteiten\/","title":{"rendered":"Activit\u00e9s"},"content":{"rendered":"\n<div class=\"wp-block-group alignwide is-layout-flow wp-block-group-is-layout-flow\">\n<div class=\"wp-block-uagb-tabs uagb-block-0546c0ab uagb-tabs__wrap uagb-tabs__hstyle1-desktop uagb-tabs__vstyle6-tablet uagb-tabs__vstyle6-mobile\" data-tab-active=\"0\"><ul class=\"uagb-tabs__panel uagb-tabs__align-left\" role=\"tablist\"><li class=\"uagb-tab uagb-tabs__active\" role=\"none\"><a href=\"#uagb-tabs__tab0\" class=\"uagb-tabs-list uagb-tabs__icon-position-left\" data-tab=\"0\" role=\"tab\">Vivre ensemble<\/a><\/li><li class=\"uagb-tab \" role=\"none\"><a href=\"#uagb-tabs__tab1\" class=\"uagb-tabs-list uagb-tabs__icon-position-left\" data-tab=\"1\" role=\"tab\">Entretien du quartier<\/a><\/li><li class=\"uagb-tab \" role=\"none\"><a href=\"#uagb-tabs__tab2\" class=\"uagb-tabs-list uagb-tabs__icon-position-left\" data-tab=\"2\" role=\"tab\">Coop\u00e9rative<\/a><\/li><\/ul><div class=\"uagb-tabs__body-wrap\">\n<div class=\"wp-block-uagb-tabs-child uagb-tabs__body-container uagb-inner-tab-0 uagb-tabs__inner-tab\" aria-labelledby=\"uagb-tabs__tab0\">\n<div class=\"wp-block-columns is-layout-flex wp-container-core-columns-is-layout-28f84493 wp-block-columns-is-layout-flex\">\n<div class=\"wp-block-column is-layout-flow wp-block-column-is-layout-flow\">\n<div class=\"wp-block-uagb-call-to-action uagb-block-9c0966b9\"><a href=\"http:\/\/ronkelcomite.be\/fr\/activiteiten\/actions\/pique-nique\/\" class=\"uagb-cta__link-to-all\" target=\"\" rel=\"noopener noreferrer\"><\/a><div class=\"uagb-cta__wrap\"><h3 class=\"uagb-cta__title\">Pique-niques<\/h3><p class=\"uagb-cta__desc\">Depuis 2010, chaque ann\u00e9e, au d\u00e9but des vacances d\u2019\u00e9t\u00e9, nous nous retrouvons autour d\u2019un repas convivial&nbsp;: chacun apporte&#8230;<\/p><\/div><div class=\"uagb-cta__buttons\"><\/div><\/div>\n\n\n\n<p><\/p>\n\n\n\n<figure class=\"wp-block-image size-large is-resized is-style-default\"><a href=\"http:\/\/ronkelcomite.be\/fr\/activiteiten\/actions\/pique-nique\/\"><img loading=\"lazy\" decoding=\"async\" src=\"http:\/\/ronkelcomite.be\/wp-content\/uploads\/2021\/04\/P1050752-pique-nique-edited-1.jpg\" alt=\"\" class=\"wp-image-921\" width=\"557\" height=\"343\"\/><\/a><\/figure>\n<\/div>\n\n\n\n<div class=\"wp-block-column is-layout-flow wp-block-column-is-layout-flow\">\n<div class=\"wp-block-uagb-call-to-action uagb-block-29a38f91\"><a href=\"http:\/\/ronkelcomite.be\/fr\/activiteiten\/actions\/feesten\/\" class=\"uagb-cta__link-to-all\" target=\"\" rel=\"noopener noreferrer\"><\/a><div class=\"uagb-cta__wrap\"><h3 class=\"uagb-cta__title\">F\u00eates<\/h3><p class=\"uagb-cta__desc\">En 2018, nous avons d\u00e9velopp\u00e9 le concept \u00ab&nbsp;Ronkel d\u00e9couverte&nbsp;\u00bb. Nous invitons le quartier et alentours \u00e0 d\u00e9couvrir &#8230;<\/p><\/div><div class=\"uagb-cta__buttons\"><\/div><\/div>\n\n\n\n<p><\/p>\n\n\n\n<figure class=\"wp-block-image size-large is-resized\"><a href=\"http:\/\/ronkelcomite.be\/fr\/activiteiten\/actions\/feesten\/\"><img loading=\"lazy\" decoding=\"async\" src=\"http:\/\/ronkelcomite.be\/wp-content\/uploads\/2021\/04\/P1100372-fete-moutons-1-1024x683.jpg\" alt=\"\" class=\"wp-image-944\" width=\"518\" height=\"345\" srcset=\"https:\/\/ronkelcomite.be\/wp-content\/uploads\/2021\/04\/P1100372-fete-moutons-1-1024x683.jpg 1024w, https:\/\/ronkelcomite.be\/wp-content\/uploads\/2021\/04\/P1100372-fete-moutons-1-300x200.jpg 300w, https:\/\/ronkelcomite.be\/wp-content\/uploads\/2021\/04\/P1100372-fete-moutons-1-768x512.jpg 768w, https:\/\/ronkelcomite.be\/wp-content\/uploads\/2021\/04\/P1100372-fete-moutons-1-1536x1024.jpg 1536w, https:\/\/ronkelcomite.be\/wp-content\/uploads\/2021\/04\/P1100372-fete-moutons-1.jpg 1620w\" sizes=\"auto, (max-width: 518px) 100vw, 518px\" \/><\/a><\/figure>\n<\/div>\n<\/div>\n\n\n\n<div class=\"wp-block-columns is-layout-flex wp-container-core-columns-is-layout-28f84493 wp-block-columns-is-layout-flex\">\n<div class=\"wp-block-column is-layout-flow wp-block-column-is-layout-flow\">\n<div class=\"wp-block-uagb-call-to-action uagb-block-b2bce553\"><a href=\"http:\/\/ronkelcomite.be\/fr\/activiteiten\/actions\/aperos-de-quartier\/\" class=\"uagb-cta__link-to-all\" target=\"\" rel=\"noopener noreferrer\"><\/a><div class=\"uagb-cta__wrap\"><h3 class=\"uagb-cta__title\">Ap\u00e9ros de quartier <\/h3><p class=\"uagb-cta__desc\">Lors d\u2019occasions diverses comme la f\u00eate nationale et les anniversaires ou tout autre pr\u00e9texte, nous organisons des ap\u00e9ros de rue&nbsp;&#8230;<\/p><\/div><div class=\"uagb-cta__buttons\"><\/div><\/div>\n\n\n\n<p><\/p>\n\n\n\n<figure class=\"wp-block-image size-large\"><a href=\"http:\/\/ronkelcomite.be\/fr\/activiteiten\/actions\/aperos-de-quartier\/\"><img loading=\"lazy\" decoding=\"async\" width=\"1618\" height=\"1011\" src=\"http:\/\/ronkelcomite.be\/wp-content\/uploads\/2021\/04\/P1060088-apero-edited-1.jpg\" alt=\"\" class=\"wp-image-926\" srcset=\"https:\/\/ronkelcomite.be\/wp-content\/uploads\/2021\/04\/P1060088-apero-edited-1.jpg 1618w, https:\/\/ronkelcomite.be\/wp-content\/uploads\/2021\/04\/P1060088-apero-edited-1-300x187.jpg 300w, https:\/\/ronkelcomite.be\/wp-content\/uploads\/2021\/04\/P1060088-apero-edited-1-1024x640.jpg 1024w, https:\/\/ronkelcomite.be\/wp-content\/uploads\/2021\/04\/P1060088-apero-edited-1-768x480.jpg 768w, https:\/\/ronkelcomite.be\/wp-content\/uploads\/2021\/04\/P1060088-apero-edited-1-1536x960.jpg 1536w\" sizes=\"auto, (max-width: 1618px) 100vw, 1618px\" \/><\/a><\/figure>\n<\/div>\n\n\n\n<div class=\"wp-block-column is-layout-flow wp-block-column-is-layout-flow\">\n<div class=\"wp-block-uagb-call-to-action uagb-block-dd3d2f5e\"><a href=\"http:\/\/ronkelcomite.be\/fr\/activiteiten\/actions\/zumba-de-rue\/\" class=\"uagb-cta__link-to-all\" target=\"\" rel=\"noopener noreferrer\"><\/a><div class=\"uagb-cta__wrap\"><h3 class=\"uagb-cta__title\">Zumba de rue<\/h3><p class=\"uagb-cta__desc\">Tout a commenc\u00e9 avec le confinement et les applaudissements. Notre quartier regorge de h\u00e9ros&nbsp;: infirmi\u00e8res, ambulanciers et policiers &#8230;<\/p><\/div><div class=\"uagb-cta__buttons\"><\/div><\/div>\n\n\n\n<p><\/p>\n\n\n\n<figure class=\"wp-block-image size-large\"><a href=\"http:\/\/ronkelcomite.be\/fr\/activiteiten\/actions\/zumba-de-rue\/\"><img loading=\"lazy\" decoding=\"async\" width=\"1620\" height=\"1011\" src=\"http:\/\/ronkelcomite.be\/wp-content\/uploads\/2021\/04\/P1130558-zumba-1-edited.jpg\" alt=\"\" class=\"wp-image-922\" srcset=\"https:\/\/ronkelcomite.be\/wp-content\/uploads\/2021\/04\/P1130558-zumba-1-edited.jpg 1620w, https:\/\/ronkelcomite.be\/wp-content\/uploads\/2021\/04\/P1130558-zumba-1-edited-300x187.jpg 300w, https:\/\/ronkelcomite.be\/wp-content\/uploads\/2021\/04\/P1130558-zumba-1-edited-1024x639.jpg 1024w, https:\/\/ronkelcomite.be\/wp-content\/uploads\/2021\/04\/P1130558-zumba-1-edited-768x479.jpg 768w, https:\/\/ronkelcomite.be\/wp-content\/uploads\/2021\/04\/P1130558-zumba-1-edited-1536x959.jpg 1536w\" sizes=\"auto, (max-width: 1620px) 100vw, 1620px\" \/><\/a><\/figure>\n<\/div>\n<\/div>\n<\/div>\n\n\n\n<div class=\"wp-block-uagb-tabs-child uagb-tabs__body-container uagb-inner-tab-1 uagb-tabs__inner-tab\" aria-labelledby=\"uagb-tabs__tab1\">\n<div class=\"wp-block-columns is-layout-flex wp-container-core-columns-is-layout-28f84493 wp-block-columns-is-layout-flex\">\n<div class=\"wp-block-column is-layout-flow wp-block-column-is-layout-flow\">\n<div class=\"wp-block-uagb-call-to-action uagb-block-f84cc163\"><a href=\"http:\/\/ronkelcomite.be\/fr\/activiteiten\/entretien-du-quartier\/haies\/\" class=\"uagb-cta__link-to-all\" target=\"\" rel=\"noopener noreferrer\"><\/a><div class=\"uagb-cta__wrap\"><h3 class=\"uagb-cta__title\">Haies<\/h3><p class=\"uagb-cta__desc\">Annuellement, il est n\u00e9cessaire de tailler les centaines de m\u00e8tres de haies qui entourent les prairies dans la Ronkel&#8230;<\/p><\/div><div class=\"uagb-cta__buttons\"><\/div><\/div>\n\n\n\n<p><\/p>\n\n\n\n<figure class=\"wp-block-image size-large is-resized\"><a href=\"http:\/\/ronkelcomite.be\/fr\/activiteiten\/entretien-du-quartier\/haies\/\"><img loading=\"lazy\" decoding=\"async\" src=\"http:\/\/ronkelcomite.be\/wp-content\/uploads\/2021\/02\/P1050386-1024x683.jpg\" alt=\"2018 06 P1050386 haies\" class=\"wp-image-356\" width=\"512\" height=\"342\" srcset=\"https:\/\/ronkelcomite.be\/wp-content\/uploads\/2021\/02\/P1050386-1024x683.jpg 1024w, https:\/\/ronkelcomite.be\/wp-content\/uploads\/2021\/02\/P1050386-300x200.jpg 300w, https:\/\/ronkelcomite.be\/wp-content\/uploads\/2021\/02\/P1050386-768x512.jpg 768w, https:\/\/ronkelcomite.be\/wp-content\/uploads\/2021\/02\/P1050386-1536x1024.jpg 1536w, https:\/\/ronkelcomite.be\/wp-content\/uploads\/2021\/02\/P1050386.jpg 1620w\" sizes=\"auto, (max-width: 512px) 100vw, 512px\" \/><\/a><\/figure>\n<\/div>\n\n\n\n<div class=\"wp-block-column is-layout-flow wp-block-column-is-layout-flow\">\n<div class=\"wp-block-uagb-call-to-action uagb-block-e51fbf20\"><a href=\"http:\/\/ronkelcomite.be\/fr\/activiteiten\/entretien-du-quartier\/chemin-creux-2\/\" class=\"uagb-cta__link-to-all\" target=\"\" rel=\"noopener noreferrer\"><\/a><div class=\"uagb-cta__wrap\"><h3 class=\"uagb-cta__title\">Chemin creux<\/h3><p class=\"uagb-cta__desc\">A la demande du comit\u00e9, la commune au proc\u00e9d\u00e9 au pavage du chemin creux afin d\u2019\u00e9viter une \u00e9rosion &#8230;<\/p><\/div><div class=\"uagb-cta__buttons\"><\/div><\/div>\n\n\n\n<p><\/p>\n\n\n\n<figure class=\"wp-block-image aligncenter size-full is-resized is-style-default\"><a href=\"http:\/\/ronkelcomite.be\/fr\/activiteiten\/entretien-du-quartier\/chemin-creux-2\/\"><img loading=\"lazy\" decoding=\"async\" src=\"http:\/\/ronkelcomite.be\/wp-content\/uploads\/2021\/04\/P1150314-chemin-creux-edited-2.jpg\" alt=\"\" class=\"wp-image-987\" width=\"519\" height=\"346\" srcset=\"https:\/\/ronkelcomite.be\/wp-content\/uploads\/2021\/04\/P1150314-chemin-creux-edited-2.jpg 540w, https:\/\/ronkelcomite.be\/wp-content\/uploads\/2021\/04\/P1150314-chemin-creux-edited-2-300x200.jpg 300w\" sizes=\"auto, (max-width: 519px) 100vw, 519px\" \/><\/a><\/figure>\n<\/div>\n<\/div>\n\n\n\n<div class=\"wp-block-columns is-layout-flex wp-container-core-columns-is-layout-28f84493 wp-block-columns-is-layout-flex\">\n<div class=\"wp-block-column is-layout-flow wp-block-column-is-layout-flow\">\n<div class=\"wp-block-uagb-call-to-action uagb-block-f580f71b\"><a href=\"http:\/\/ronkelcomite.be\/fr\/chemin-de-terre-2\/\" class=\"uagb-cta__link-to-all\" target=\"\" rel=\"noopener noreferrer\"><\/a><div class=\"uagb-cta__wrap\"><h3 class=\"uagb-cta__title\">Chemin de terre<\/h3><p class=\"uagb-cta__desc\">Ce chemin \u00e9tait g\u00e9n\u00e9ralement impraticable lors de p\u00e9riodes humides. Depuis 2019 les riverains&#8230;<\/p><\/div><div class=\"uagb-cta__buttons\"><\/div><\/div>\n\n\n\n<p><\/p>\n\n\n\n<figure class=\"wp-block-image size-large\"><a href=\"http:\/\/ronkelcomite.be\/fr\/chemin-de-terre-2\/\"><img loading=\"lazy\" decoding=\"async\" width=\"1024\" height=\"683\" src=\"http:\/\/ronkelcomite.be\/wp-content\/uploads\/2021\/04\/2021P1150396-gravier-1024x683.jpg\" alt=\"\" class=\"wp-image-1004\" srcset=\"https:\/\/ronkelcomite.be\/wp-content\/uploads\/2021\/04\/2021P1150396-gravier-1024x683.jpg 1024w, https:\/\/ronkelcomite.be\/wp-content\/uploads\/2021\/04\/2021P1150396-gravier-300x200.jpg 300w, https:\/\/ronkelcomite.be\/wp-content\/uploads\/2021\/04\/2021P1150396-gravier-768x512.jpg 768w, https:\/\/ronkelcomite.be\/wp-content\/uploads\/2021\/04\/2021P1150396-gravier-1536x1024.jpg 1536w, https:\/\/ronkelcomite.be\/wp-content\/uploads\/2021\/04\/2021P1150396-gravier.jpg 1620w\" sizes=\"auto, (max-width: 1024px) 100vw, 1024px\" \/><\/a><\/figure>\n<\/div>\n\n\n\n<div class=\"wp-block-column is-layout-flow wp-block-column-is-layout-flow\">\n<div class=\"wp-block-uagb-call-to-action uagb-block-d5062e04\"><a href=\"http:\/\/ronkelcomite.be\/fr\/activiteiten\/entretien-du-quartier\/ramassage-des-detritus-2\/\" class=\"uagb-cta__link-to-all\" target=\"\" rel=\"noopener noreferrer\"><\/a><div class=\"uagb-cta__wrap\"><h3 class=\"uagb-cta__title\">Ramassage des d\u00e9tritus<\/h3><p class=\"uagb-cta__desc\">Nous avons particip\u00e9 aux actions propos\u00e9es par la commune concernant le ramassage des d\u00e9tritus sur la voie publique&#8230;<\/p><\/div><div class=\"uagb-cta__buttons\"><\/div><\/div>\n\n\n\n<p><\/p>\n\n\n\n<figure class=\"wp-block-image size-large\"><a href=\"http:\/\/ronkelcomite.be\/fr\/activiteiten\/entretien-du-quartier\/ramassage-des-detritus-2\/\"><img loading=\"lazy\" decoding=\"async\" width=\"1081\" height=\"720\" src=\"http:\/\/ronkelcomite.be\/wp-content\/uploads\/2021\/04\/2016-04-23-Wemmel-proper-edited.jpg\" alt=\"\" class=\"wp-image-999\" srcset=\"https:\/\/ronkelcomite.be\/wp-content\/uploads\/2021\/04\/2016-04-23-Wemmel-proper-edited.jpg 1081w, https:\/\/ronkelcomite.be\/wp-content\/uploads\/2021\/04\/2016-04-23-Wemmel-proper-edited-300x200.jpg 300w, https:\/\/ronkelcomite.be\/wp-content\/uploads\/2021\/04\/2016-04-23-Wemmel-proper-edited-1024x682.jpg 1024w, https:\/\/ronkelcomite.be\/wp-content\/uploads\/2021\/04\/2016-04-23-Wemmel-proper-edited-768x512.jpg 768w\" sizes=\"auto, (max-width: 1081px) 100vw, 1081px\" \/><\/a><\/figure>\n<\/div>\n<\/div>\n<\/div>\n\n\n\n<div class=\"wp-block-uagb-tabs-child uagb-tabs__body-container uagb-inner-tab-2 uagb-tabs__inner-tab\" aria-labelledby=\"uagb-tabs__tab2\">\n<div class=\"wp-block-columns is-layout-flex wp-container-core-columns-is-layout-28f84493 wp-block-columns-is-layout-flex\">\n<div class=\"wp-block-column is-layout-flow wp-block-column-is-layout-flow\">\n<div class=\"wp-block-uagb-call-to-action uagb-block-5ca4687e\"><a href=\"http:\/\/ronkelcomite.be\/fr\/cooperative\/four-a-pain\/\" class=\"uagb-cta__link-to-all\" target=\"\" rel=\"noopener noreferrer\"><\/a><div class=\"uagb-cta__wrap\"><h3 class=\"uagb-cta__title\">Four \u00e0 pain<\/h3><p class=\"uagb-cta__desc\">En 2018 nous avons r\u00e9habilit\u00e9 le four \u00e0 pain qui date de la premi\u00e8re moiti\u00e9 du XIX\u00e8me si\u00e8cle, soit pr\u00e8s de 200 ans. <\/p><\/div><div class=\"uagb-cta__buttons\"><\/div><\/div>\n\n\n\n<p><\/p>\n\n\n\n<figure class=\"wp-block-image size-large\"><a href=\"http:\/\/ronkelcomite.be\/fr\/cooperative\/four-a-pain\/\"><img loading=\"lazy\" decoding=\"async\" width=\"1024\" height=\"683\" src=\"http:\/\/ronkelcomite.be\/wp-content\/uploads\/2021\/04\/P1150380-1024x683.jpg\" alt=\"\" class=\"wp-image-1113\" srcset=\"https:\/\/ronkelcomite.be\/wp-content\/uploads\/2021\/04\/P1150380-1024x683.jpg 1024w, https:\/\/ronkelcomite.be\/wp-content\/uploads\/2021\/04\/P1150380-300x200.jpg 300w, https:\/\/ronkelcomite.be\/wp-content\/uploads\/2021\/04\/P1150380-768x512.jpg 768w, https:\/\/ronkelcomite.be\/wp-content\/uploads\/2021\/04\/P1150380-1536x1024.jpg 1536w, https:\/\/ronkelcomite.be\/wp-content\/uploads\/2021\/04\/P1150380.jpg 1620w\" sizes=\"auto, (max-width: 1024px) 100vw, 1024px\" \/><\/a><\/figure>\n<\/div>\n\n\n\n<div class=\"wp-block-column is-layout-flow wp-block-column-is-layout-flow\">\n<div class=\"wp-block-uagb-call-to-action uagb-block-1f9fddeb\"><a href=\"http:\/\/ronkelcomite.be\/fr\/cooperative\/rucher\/\" class=\"uagb-cta__link-to-all\" target=\"\" rel=\"noopener noreferrer\"><\/a><div class=\"uagb-cta__wrap\"><h3 class=\"uagb-cta__title\">Rucher<\/h3><p class=\"uagb-cta__desc\">Depuis de nombreuses ann\u00e9es, un apiculteur ronkelois poss\u00e8de des ruches et explique tr\u00e8s volontiers la vie des abeilles &#8230;<\/p><\/div><div class=\"uagb-cta__buttons\"><\/div><\/div>\n\n\n\n<p><\/p>\n\n\n\n<figure class=\"wp-block-image size-large\"><a href=\"http:\/\/ronkelcomite.be\/fr\/cooperative\/rucher\/\"><img loading=\"lazy\" decoding=\"async\" width=\"1024\" height=\"683\" src=\"http:\/\/ronkelcomite.be\/wp-content\/uploads\/2021\/04\/P1050741-fete-1-1024x683.jpg\" alt=\"\" class=\"wp-image-1114\" srcset=\"https:\/\/ronkelcomite.be\/wp-content\/uploads\/2021\/04\/P1050741-fete-1-1024x683.jpg 1024w, https:\/\/ronkelcomite.be\/wp-content\/uploads\/2021\/04\/P1050741-fete-1-300x200.jpg 300w, https:\/\/ronkelcomite.be\/wp-content\/uploads\/2021\/04\/P1050741-fete-1-768x512.jpg 768w, https:\/\/ronkelcomite.be\/wp-content\/uploads\/2021\/04\/P1050741-fete-1-1536x1024.jpg 1536w, https:\/\/ronkelcomite.be\/wp-content\/uploads\/2021\/04\/P1050741-fete-1.jpg 1620w\" sizes=\"auto, (max-width: 1024px) 100vw, 1024px\" \/><\/a><\/figure>\n<\/div>\n<\/div>\n\n\n\n<div class=\"wp-block-columns is-layout-flex wp-container-core-columns-is-layout-28f84493 wp-block-columns-is-layout-flex\">\n<div class=\"wp-block-column is-layout-flow wp-block-column-is-layout-flow\">\n<div class=\"wp-block-uagb-call-to-action uagb-block-787cde51\"><a href=\"http:\/\/ronkelcomite.be\/fr\/cooperative\/verkoop-van-lokale-producten\/\" class=\"uagb-cta__link-to-all\" target=\"\" rel=\"noopener noreferrer\"><\/a><div class=\"uagb-cta__wrap\"><h3 class=\"uagb-cta__title\">Vente de produits locaux<\/h3><p class=\"uagb-cta__desc\">Notre souhait est de d\u00e9velopper au maximum la vente de produits qui ont leur origine dans notre quartier ou ses environs imm\u00e9diats&#8230;<\/p><\/div><div class=\"uagb-cta__buttons\"><\/div><\/div>\n\n\n\n<p><\/p>\n\n\n\n<figure class=\"wp-block-image size-large\"><a href=\"http:\/\/ronkelcomite.be\/fr\/cooperative\/verkoop-van-lokale-producten\/\"><img loading=\"lazy\" decoding=\"async\" width=\"1024\" height=\"683\" src=\"http:\/\/ronkelcomite.be\/wp-content\/uploads\/2021\/04\/P1150005-pain-1024x683.jpg\" alt=\"\" class=\"wp-image-1319\" srcset=\"https:\/\/ronkelcomite.be\/wp-content\/uploads\/2021\/04\/P1150005-pain-1024x683.jpg 1024w, https:\/\/ronkelcomite.be\/wp-content\/uploads\/2021\/04\/P1150005-pain-300x200.jpg 300w, https:\/\/ronkelcomite.be\/wp-content\/uploads\/2021\/04\/P1150005-pain-768x512.jpg 768w, https:\/\/ronkelcomite.be\/wp-content\/uploads\/2021\/04\/P1150005-pain-1536x1024.jpg 1536w, https:\/\/ronkelcomite.be\/wp-content\/uploads\/2021\/04\/P1150005-pain.jpg 1620w\" sizes=\"auto, (max-width: 1024px) 100vw, 1024px\" \/><\/a><\/figure>\n<\/div>\n\n\n\n<div class=\"wp-block-column is-layout-flow wp-block-column-is-layout-flow\">\n<div class=\"wp-block-uagb-call-to-action uagb-block-b24e360c\"><a href=\"http:\/\/ronkelcomite.be\/fr\/cooperative\/compost\/\" class=\"uagb-cta__link-to-all\" target=\"\" rel=\"noopener noreferrer\"><\/a><div class=\"uagb-cta__wrap\"><h3 class=\"uagb-cta__title\">Compost<\/h3><p class=\"uagb-cta__desc\">Le quartier comprend un centre de compostage qui a une vocation p\u00e9dagogique<\/p><\/div><div class=\"uagb-cta__buttons\"><\/div><\/div>\n\n\n\n<p><\/p>\n\n\n\n<figure class=\"wp-block-image size-large\"><a href=\"http:\/\/ronkelcomite.be\/fr\/cooperative\/compost\/\"><img loading=\"lazy\" decoding=\"async\" width=\"1024\" height=\"682\" src=\"http:\/\/ronkelcomite.be\/wp-content\/uploads\/2021\/04\/IMG_0626-compost-1024x682.jpg\" alt=\"\" class=\"wp-image-1089\" srcset=\"https:\/\/ronkelcomite.be\/wp-content\/uploads\/2021\/04\/IMG_0626-compost-1024x682.jpg 1024w, https:\/\/ronkelcomite.be\/wp-content\/uploads\/2021\/04\/IMG_0626-compost-300x200.jpg 300w, https:\/\/ronkelcomite.be\/wp-content\/uploads\/2021\/04\/IMG_0626-compost-768x511.jpg 768w, https:\/\/ronkelcomite.be\/wp-content\/uploads\/2021\/04\/IMG_0626-compost-1536x1023.jpg 1536w, https:\/\/ronkelcomite.be\/wp-content\/uploads\/2021\/04\/IMG_0626-compost.jpg 1622w\" sizes=\"auto, (max-width: 1024px) 100vw, 1024px\" \/><\/a><\/figure>\n<\/div>\n<\/div>\n\n\n\n<div class=\"wp-block-columns is-layout-flex wp-container-core-columns-is-layout-28f84493 wp-block-columns-is-layout-flex\">\n<div class=\"wp-block-column is-layout-flow wp-block-column-is-layout-flow\">\n<div class=\"wp-block-uagb-call-to-action uagb-block-9607d646\"><a href=\"http:\/\/ronkelcomite.be\/fr\/poulailler-collectif\/\" class=\"uagb-cta__link-to-all\" target=\"_blank\" rel=\"noopener noreferrer\"><\/a><div class=\"uagb-cta__wrap\"><h3 class=\"uagb-cta__title\">Poulailler collectif<\/h3><p class=\"uagb-cta__desc\">Un nouveau projet est n\u00e9 dans le quartier&nbsp;: un poulailler collectif.  Nous sommes 8 familles \u00e0 nous lancer dans&#8230;<\/p><\/div><div class=\"uagb-cta__buttons\"><\/div><\/div>\n\n\n\n<figure class=\"wp-block-image size-large\"><a href=\"http:\/\/ronkelcomite.be\/fr\/poulailler-collectif\/\" target=\"_blank\" rel=\"noopener\"><img loading=\"lazy\" decoding=\"async\" width=\"1024\" height=\"683\" src=\"http:\/\/ronkelcomite.be\/wp-content\/uploads\/2021\/05\/P1150783-1024x683.jpg\" alt=\"\" class=\"wp-image-1402\" srcset=\"https:\/\/ronkelcomite.be\/wp-content\/uploads\/2021\/05\/P1150783-1024x683.jpg 1024w, https:\/\/ronkelcomite.be\/wp-content\/uploads\/2021\/05\/P1150783-300x200.jpg 300w, https:\/\/ronkelcomite.be\/wp-content\/uploads\/2021\/05\/P1150783-768x512.jpg 768w, https:\/\/ronkelcomite.be\/wp-content\/uploads\/2021\/05\/P1150783-1536x1024.jpg 1536w, https:\/\/ronkelcomite.be\/wp-content\/uploads\/2021\/05\/P1150783.jpg 1620w\" sizes=\"auto, (max-width: 1024px) 100vw, 1024px\" \/><\/a><\/figure>\n<\/div>\n\n\n\n<div class=\"wp-block-column is-layout-flow wp-block-column-is-layout-flow\">\n<div class=\"wp-block-uagb-call-to-action uagb-block-de7b900b\"><a href=\"http:\/\/ronkelcomite.be\/fr\/potager-collectif\/\" class=\"uagb-cta__link-to-all\" target=\"_blank\" rel=\"noopener noreferrer\"><\/a><div class=\"uagb-cta__wrap\"><h3 class=\"uagb-cta__title\">Potager Collectif<\/h3><p class=\"uagb-cta__desc\">En ao\u00fbt 2021, huit familles se lancent dans l&rsquo;aventure de la cr\u00e9ation d&rsquo;un potager collectif<\/p><\/div><div class=\"uagb-cta__buttons\"><\/div><\/div>\n\n\n\n<figure class=\"wp-block-image size-large\"><a href=\"http:\/\/ronkelcomite.be\/fr\/potager-collectif\/\"><img loading=\"lazy\" decoding=\"async\" width=\"1024\" height=\"683\" src=\"http:\/\/ronkelcomite.be\/wp-content\/uploads\/2023\/03\/P1170529-1-1024x683.jpg\" alt=\"\" class=\"wp-image-2700\" srcset=\"https:\/\/ronkelcomite.be\/wp-content\/uploads\/2023\/03\/P1170529-1-1024x683.jpg 1024w, https:\/\/ronkelcomite.be\/wp-content\/uploads\/2023\/03\/P1170529-1-300x200.jpg 300w, https:\/\/ronkelcomite.be\/wp-content\/uploads\/2023\/03\/P1170529-1-768x512.jpg 768w, https:\/\/ronkelcomite.be\/wp-content\/uploads\/2023\/03\/P1170529-1-1536x1024.jpg 1536w, https:\/\/ronkelcomite.be\/wp-content\/uploads\/2023\/03\/P1170529-1.jpg 1620w\" sizes=\"auto, (max-width: 1024px) 100vw, 1024px\" \/><\/a><\/figure>\n<\/div>\n<\/div>\n<\/div>\n<\/div><\/div>\n<\/div>\n","protected":false},"excerpt":{"rendered":"","protected":false},"author":1,"featured_media":0,"parent":0,"menu_order":0,"comment_status":"closed","ping_status":"closed","template":"","meta":{"_uag_custom_page_level_css":"","ngg_post_thumbnail":0,"footnotes":""},"class_list":["post-98","page","type-page","status-publish","hentry"],"uagb_featured_image_src":{"full":false,"thumbnail":false,"medium":false,"medium_large":false,"large":false,"1536x1536":false,"2048x2048":false,"featured-blog-large":false,"featured-blog-medium":false,"featured":false,"featured-blog-medium-small":false},"uagb_author_info":{"display_name":"Martin Van Parys","author_link":"https:\/\/ronkelcomite.be\/fr\/author\/admin\/"},"uagb_comment_info":0,"uagb_excerpt":null,"_links":{"self":[{"href":"https:\/\/ronkelcomite.be\/fr\/wp-json\/wp\/v2\/pages\/98","targetHints":{"allow":["GET"]}}],"collection":[{"href":"https:\/\/ronkelcomite.be\/fr\/wp-json\/wp\/v2\/pages"}],"about":[{"href":"https:\/\/ronkelcomite.be\/fr\/wp-json\/wp\/v2\/types\/page"}],"author":[{"embeddable":true,"href":"https:\/\/ronkelcomite.be\/fr\/wp-json\/wp\/v2\/users\/1"}],"replies":[{"embeddable":true,"href":"https:\/\/ronkelcomite.be\/fr\/wp-json\/wp\/v2\/comments?post=98"}],"version-history":[{"count":179,"href":"https:\/\/ronkelcomite.be\/fr\/wp-json\/wp\/v2\/pages\/98\/revisions"}],"predecessor-version":[{"id":2713,"href":"https:\/\/ronkelcomite.be\/fr\/wp-json\/wp\/v2\/pages\/98\/revisions\/2713"}],"wp:attachment":[{"href":"https:\/\/ronkelcomite.be\/fr\/wp-json\/wp\/v2\/media?parent=98"}],"curies":[{"name":"wp","href":"https:\/\/api.w.org\/{rel}","templated":true}]}}