{"id":1826,"date":"2021-11-28T09:40:44","date_gmt":"2021-11-28T09:40:44","guid":{"rendered":"http:\/\/ronkelcomite.be\/nl\/?page_id=1826"},"modified":"2023-02-11T11:06:09","modified_gmt":"2023-02-11T11:06:09","slug":"1826-2","status":"publish","type":"page","link":"https:\/\/ronkelcomite.be\/nl\/1826-2\/","title":{"rendered":"News"},"content":{"rendered":"\n\t\t\t<div class=\"wp-block-uagb-post-masonry uagb-post-grid  uagb-post__image-position-top uagb-post__image-enabled uagb-block-e8779c10     uagb-post__items uagb-post__columns-3 is-masonry uagb-post__columns-tablet-2 uagb-post__columns-mobile-1\" data-total=\"9\" style=\"\">\n\n\t\t\t\t\t\t\t\t\t\t\t\t<article class=\"uagb-post__inner-wrap\">\t\t\t\t\t\t\t\t<h4 class=\"uagb-post__title uagb-post__text\">\n\t\t\t\t<a href=\"https:\/\/ronkelcomite.be\/nl\/2026\/04\/28\/2026-04-28-wat-de-pers-zegt-over-de-aankoop-van-het-ronkelhof\/\" target=\"_self\" rel=\"bookmark noopener noreferrer\">2026\/04\/28 : Wat de pers zegt over de aankoop van het Ronkelhof<\/a>\n\t\t\t<\/h4>\n\t\t\t\t\t\t<div class='uagb-post__text uagb-post-grid-byline'>\n\t\t\t\t\t\t\t\t<time datetime=\"2026-04-28T14:10:50+00:00\" class=\"uagb-post__date\">\n\t\t\t\t<span class=\"dashicons-calendar dashicons\"><\/span>\t\t\t\t\tapril 28, 2026\t\t\t\t<\/time>\n\t\t\t\t\t\t\t<span class=\"uagb-post__comment\">\n\t\t\t\t<span class=\"dashicons-admin-comments dashicons\"><\/span>\t\t\t\t\tGeen reacties\t\t\t\t<\/span>\n\t\t\t\t\t\t<\/div>\n\t\t\t\t\t\t\t<div class='uagb-post__text uagb-post__excerpt'>\n\t\t\t\t\t\t\t\t\t<\/div>\n\t\t\t\t\t\t<div class=\"uagb-post__text uagb-post__cta wp-block-button\">\n\t\t\t\t<a class=\"wp-block-button__link uagb-text-link\" style=\"\" href=\"https:\/\/ronkelcomite.be\/nl\/2026\/04\/28\/2026-04-28-wat-de-pers-zegt-over-de-aankoop-van-het-ronkelhof\/\" target=\"_self\" rel=\"bookmark noopener noreferrer\">Read More<\/a>\n\t\t\t<\/div>\n\t\t\t\n\t\t\t\t\t\t\t\t\t<\/article>\n\t\t\t\t\t\t\t\t\t\t\t\t\t\t\t\t<article class=\"uagb-post__inner-wrap\">\t\t\t\t\t\t\t\t<h4 class=\"uagb-post__title uagb-post__text\">\n\t\t\t\t<a href=\"https:\/\/ronkelcomite.be\/nl\/2026\/04\/24\/2026-04-23-het-ronkelhof-is-gered\/\" target=\"_self\" rel=\"bookmark noopener noreferrer\">2026 04 23 : Het Ronkelhof is gered!<\/a>\n\t\t\t<\/h4>\n\t\t\t\t\t\t<div class='uagb-post__text uagb-post-grid-byline'>\n\t\t\t\t\t\t\t\t<time datetime=\"2026-04-24T13:58:30+00:00\" class=\"uagb-post__date\">\n\t\t\t\t<span class=\"dashicons-calendar dashicons\"><\/span>\t\t\t\t\tapril 24, 2026\t\t\t\t<\/time>\n\t\t\t\t\t\t\t<span class=\"uagb-post__comment\">\n\t\t\t\t<span class=\"dashicons-admin-comments dashicons\"><\/span>\t\t\t\t\tGeen reacties\t\t\t\t<\/span>\n\t\t\t\t\t\t<\/div>\n\t\t\t\t\t\t\t<div class='uagb-post__text uagb-post__excerpt'>\n\t\t\t\t\t<p>Met dank aan de gemeentelijke autoriteiten en de gemeenteraadsleden van alle partijen Op 23 april heeft de gemeenteraad met 20 stemmen \u201evoor\u201c en 2 onthoudingen besloten om de aankoop van het Ronkelhof in samenwerking met ERF en het Gewest vast te leggen. Dit was voor de meerderheid ook een gelegenheid om de burgersvragen te beantwoorden die wij hadden gesteld: de gemeente bevestigt dat zij zich volledig zal houden aan de voorschriften van de classificatie van 20 maart 2012, en dus aan de vier doelstellingen van het RonkelComit\u00e9.Ze verzekert ons ook van haar voornemen om de burgers, met name via het&hellip;<\/p>\n\t\t\t\t<\/div>\n\t\t\t\t\t\t<div class=\"uagb-post__text uagb-post__cta wp-block-button\">\n\t\t\t\t<a class=\"wp-block-button__link uagb-text-link\" style=\"\" href=\"https:\/\/ronkelcomite.be\/nl\/2026\/04\/24\/2026-04-23-het-ronkelhof-is-gered\/\" target=\"_self\" rel=\"bookmark noopener noreferrer\">Read More<\/a>\n\t\t\t<\/div>\n\t\t\t\n\t\t\t\t\t\t\t\t\t<\/article>\n\t\t\t\t\t\t\t\t\t\t\t\t\t\t\t\t<article class=\"uagb-post__inner-wrap\">\t\t\t\t\t\t\t\t<h4 class=\"uagb-post__title uagb-post__text\">\n\t\t\t\t<a href=\"https:\/\/ronkelcomite.be\/nl\/2026\/04\/16\/2026-04-16-beslissende-gemeenteraadsvergadering-op-23-april-over-de-toekomst-van-het-ronkelhof\/\" target=\"_self\" rel=\"bookmark noopener noreferrer\">2026\/04\/16 : Beslissende gemeenteraad op 23 april over de toekomst van het Ronkelhof<\/a>\n\t\t\t<\/h4>\n\t\t\t\t\t\t<div class='uagb-post__text uagb-post-grid-byline'>\n\t\t\t\t\t\t\t\t<time datetime=\"2026-04-16T19:55:16+00:00\" class=\"uagb-post__date\">\n\t\t\t\t<span class=\"dashicons-calendar dashicons\"><\/span>\t\t\t\t\tapril 16, 2026\t\t\t\t<\/time>\n\t\t\t\t\t\t\t<span class=\"uagb-post__comment\">\n\t\t\t\t<span class=\"dashicons-admin-comments dashicons\"><\/span>\t\t\t\t\tGeen reacties\t\t\t\t<\/span>\n\t\t\t\t\t\t<\/div>\n\t\t\t\t\t\t\t<div class='uagb-post__text uagb-post__excerpt'>\n\t\t\t\t\t<p>De beslissing over de principi\u00eble overeenkomst over de aankoop van de site Ronkelhof staat op de agenda van de gemeenteraad van 23 april om 20.00 uur. Hetzelfde geldt voor onze burgervragen.Op 15 april is ERF gehoord door de gemeenteraadscommissie Omgeving ter voorbereiding van de gemeenteraad. We waren er ook aanwezig.Het RonkelComit\u00e9 en burgers van Wemmel die betrokken zijn bij het lot van het Ronkelhof, zullen aanwezig zijn op de gemeenteraad op 23 april om 20.00 uur. Aarzel niet om ons te vergezellen. Het is belangrijk dat de raadsleden kunnen vaststellen hoe belangrijk deze beslissing is voor de inwoners van Wemmel&hellip;<\/p>\n\t\t\t\t<\/div>\n\t\t\t\t\t\t<div class=\"uagb-post__text uagb-post__cta wp-block-button\">\n\t\t\t\t<a class=\"wp-block-button__link uagb-text-link\" style=\"\" href=\"https:\/\/ronkelcomite.be\/nl\/2026\/04\/16\/2026-04-16-beslissende-gemeenteraadsvergadering-op-23-april-over-de-toekomst-van-het-ronkelhof\/\" target=\"_self\" rel=\"bookmark noopener noreferrer\">Read More<\/a>\n\t\t\t<\/div>\n\t\t\t\n\t\t\t\t\t\t\t\t\t<\/article>\n\t\t\t\t\t\t\t\t\t\t\t\t\t\t\t\t<article class=\"uagb-post__inner-wrap\">\t\t\t\t\t\t\t\t<h4 class=\"uagb-post__title uagb-post__text\">\n\t\t\t\t<a href=\"https:\/\/ronkelcomite.be\/nl\/2026\/04\/03\/2026-04-02-la-question-citoyenne-est-introduite\/\" target=\"_self\" rel=\"bookmark noopener noreferrer\">2026\/04\/02 : Burgervraag is ingediend<\/a>\n\t\t\t<\/h4>\n\t\t\t\t\t\t<div class='uagb-post__text uagb-post-grid-byline'>\n\t\t\t\t\t\t\t\t<time datetime=\"2026-04-03T14:51:18+00:00\" class=\"uagb-post__date\">\n\t\t\t\t<span class=\"dashicons-calendar dashicons\"><\/span>\t\t\t\t\tapril 3, 2026\t\t\t\t<\/time>\n\t\t\t\t\t\t\t<span class=\"uagb-post__comment\">\n\t\t\t\t<span class=\"dashicons-admin-comments dashicons\"><\/span>\t\t\t\t\tGeen reacties\t\t\t\t<\/span>\n\t\t\t\t\t\t<\/div>\n\t\t\t\t\t\t\t<div class='uagb-post__text uagb-post__excerpt'>\n\t\t\t\t\t<p>Hartelijk dank aan iedereen : dankzij jullie massale en snelle inzet hebben we in slechts enkele dagen tijd meer dan 300 handtekeningen verzameld. We hebben ons verzoek om burgervragen op 2 april bij de gemeenteraad ingediend. Deze vragen zullen vermoedelijk worden gesteld tijdens de volgende raadsvergadering, die op 23 april om 20.00 uur plaatsvindt. Hieronder volgt onze brief aan de leden van de gemeenteraad: T\u00e9l\u00e9charger<\/p>\n\t\t\t\t<\/div>\n\t\t\t\t\t\t<div class=\"uagb-post__text uagb-post__cta wp-block-button\">\n\t\t\t\t<a class=\"wp-block-button__link uagb-text-link\" style=\"\" href=\"https:\/\/ronkelcomite.be\/nl\/2026\/04\/03\/2026-04-02-la-question-citoyenne-est-introduite\/\" target=\"_self\" rel=\"bookmark noopener noreferrer\">Read More<\/a>\n\t\t\t<\/div>\n\t\t\t\n\t\t\t\t\t\t\t\t\t<\/article>\n\t\t\t\t\t\t\t\t\t\t\t\t\t\t\t\t<article class=\"uagb-post__inner-wrap\">\t\t\t\t\t\t\t\t<h4 class=\"uagb-post__title uagb-post__text\">\n\t\t\t\t<a href=\"https:\/\/ronkelcomite.be\/nl\/2026\/03\/27\/2026-03-27-lavenir-du-ronkel\/\" target=\"_self\" rel=\"bookmark noopener noreferrer\">2026\/03\/27 : De toekomst van het Ronkelhof staat op het spel<\/a>\n\t\t\t<\/h4>\n\t\t\t\t\t\t<div class='uagb-post__text uagb-post-grid-byline'>\n\t\t\t\t\t\t\t\t<time datetime=\"2026-03-27T20:47:05+00:00\" class=\"uagb-post__date\">\n\t\t\t\t<span class=\"dashicons-calendar dashicons\"><\/span>\t\t\t\t\tmaart 27, 2026\t\t\t\t<\/time>\n\t\t\t\t\t\t\t<span class=\"uagb-post__comment\">\n\t\t\t\t<span class=\"dashicons-admin-comments dashicons\"><\/span>\t\t\t\t\tGeen reacties\t\t\t\t<\/span>\n\t\t\t\t\t\t<\/div>\n\t\t\t\t\t\t\t<div class='uagb-post__text uagb-post__excerpt'>\n\t\t\t\t\t<p>Op 22 januari 2026 heeft het College de \u201cdeelname aan de aankoop en de dringende conserveringswerken van het Ronkelhof\u201d goedgekeurd. Deze beslissing moet op 23 april worden bevestigd door de Gemeenteraad. Het is niet zeker dat er een meerderheid van raadsleden v\u00f3\u00f3r zal stemmen. Het RonkelComit\u00e9 gaat proberen een &#8220;burgerlijke vraag \u201c in te dienen. Dit is ons project, waarvoor we minstens 100 handtekeningen moeten verzamelen: T\u00e9l\u00e9charger Daarnaast zullen wij aanwezig zijn op de gemeenteraad op 23 april om 20u. Indien u dat wenst, zal uw aanwezigheid een waardevolle steun betekenen.Wilt u uw steun betuigen voor het behoud van ons&hellip;<\/p>\n\t\t\t\t<\/div>\n\t\t\t\t\t\t<div class=\"uagb-post__text uagb-post__cta wp-block-button\">\n\t\t\t\t<a class=\"wp-block-button__link uagb-text-link\" style=\"\" href=\"https:\/\/ronkelcomite.be\/nl\/2026\/03\/27\/2026-03-27-lavenir-du-ronkel\/\" target=\"_self\" rel=\"bookmark noopener noreferrer\">Read More<\/a>\n\t\t\t<\/div>\n\t\t\t\n\t\t\t\t\t\t\t\t\t<\/article>\n\t\t\t\t\t\t\t\t\t\t\t\t\t\t\t\t<article class=\"uagb-post__inner-wrap\">\t\t\t\t\t\t\t\t<h4 class=\"uagb-post__title uagb-post__text\">\n\t\t\t\t<a href=\"https:\/\/ronkelcomite.be\/nl\/2026\/02\/14\/2026-01-24-une-couche-de-gravier-pour-le-chemin-ronkel\/\" target=\"_self\" rel=\"bookmark noopener noreferrer\">2026\/01\/24 : Een laag grind voor het Ronkelpad<\/a>\n\t\t\t<\/h4>\n\t\t\t\t\t\t<div class='uagb-post__text uagb-post-grid-byline'>\n\t\t\t\t\t\t\t\t<time datetime=\"2026-02-14T12:32:12+00:00\" class=\"uagb-post__date\">\n\t\t\t\t<span class=\"dashicons-calendar dashicons\"><\/span>\t\t\t\t\tfebruari 14, 2026\t\t\t\t<\/time>\n\t\t\t\t\t\t\t<span class=\"uagb-post__comment\">\n\t\t\t\t<span class=\"dashicons-admin-comments dashicons\"><\/span>\t\t\t\t\tGeen reacties\t\t\t\t<\/span>\n\t\t\t\t\t\t<\/div>\n\t\t\t\t\t\t\t<div class='uagb-post__text uagb-post__excerpt'>\n\t\t\t\t\t\t\t\t\t<\/div>\n\t\t\t\t\t\t<div class=\"uagb-post__text uagb-post__cta wp-block-button\">\n\t\t\t\t<a class=\"wp-block-button__link uagb-text-link\" style=\"\" href=\"https:\/\/ronkelcomite.be\/nl\/2026\/02\/14\/2026-01-24-une-couche-de-gravier-pour-le-chemin-ronkel\/\" target=\"_self\" rel=\"bookmark noopener noreferrer\">Read More<\/a>\n\t\t\t<\/div>\n\t\t\t\n\t\t\t\t\t\t\t\t\t<\/article>\n\t\t\t\t\t\t\t\t\t\t\t\t\t\t\t\t<article class=\"uagb-post__inner-wrap\">\t\t\t\t\t\t\t\t<h4 class=\"uagb-post__title uagb-post__text\">\n\t\t\t\t<a href=\"https:\/\/ronkelcomite.be\/nl\/2025\/11\/22\/2025-11-23-des-nouvelles-de-2025-nouvel-an\/\" target=\"_self\" rel=\"bookmark noopener noreferrer\">23\/11\/2025 nieuws uit 2025: feesten en laatste broodbakken<\/a>\n\t\t\t<\/h4>\n\t\t\t\t\t\t<div class='uagb-post__text uagb-post-grid-byline'>\n\t\t\t\t\t\t\t\t<time datetime=\"2025-11-22T17:32:48+00:00\" class=\"uagb-post__date\">\n\t\t\t\t<span class=\"dashicons-calendar dashicons\"><\/span>\t\t\t\t\tnovember 22, 2025\t\t\t\t<\/time>\n\t\t\t\t\t\t\t<span class=\"uagb-post__comment\">\n\t\t\t\t<span class=\"dashicons-admin-comments dashicons\"><\/span>\t\t\t\t\tGeen reacties\t\t\t\t<\/span>\n\t\t\t\t\t\t<\/div>\n\t\t\t\t\t\t\t<div class='uagb-post__text uagb-post__excerpt'>\n\t\t\t\t\t<p>Het jaar begint natuurlijk met een vuurkorf Daarna volgt het bakken van brood, maar helaas worden de activiteiten in oktober stopgezet Ondertussen blijven we feesten en ons erfgoed en lokale producten in de kijker zetten: met ons grote Ronkelhof Feest, gevolgd door onze jaarlijkse picknick en natuurlijk blijft 21 juli een gelegenheid om samen te komen<\/p>\n\t\t\t\t<\/div>\n\t\t\t\t\t\t<div class=\"uagb-post__text uagb-post__cta wp-block-button\">\n\t\t\t\t<a class=\"wp-block-button__link uagb-text-link\" style=\"\" href=\"https:\/\/ronkelcomite.be\/nl\/2025\/11\/22\/2025-11-23-des-nouvelles-de-2025-nouvel-an\/\" target=\"_self\" rel=\"bookmark noopener noreferrer\">Read More<\/a>\n\t\t\t<\/div>\n\t\t\t\n\t\t\t\t\t\t\t\t\t<\/article>\n\t\t\t\t\t\t\t\t\t\t\t\t\t\t\t\t<article class=\"uagb-post__inner-wrap\">\t\t\t\t\t\t\t\t<h4 class=\"uagb-post__title uagb-post__text\">\n\t\t\t\t<a href=\"https:\/\/ronkelcomite.be\/nl\/2025\/06\/12\/2025-06-12-le-programme-complet-de-la-fete-du-29-juin\/\" target=\"_self\" rel=\"bookmark noopener noreferrer\">2025\/06\/12 : het volledige programma van het Ronkelhof Feest van 29 juni<\/a>\n\t\t\t<\/h4>\n\t\t\t\t\t\t<div class='uagb-post__text uagb-post-grid-byline'>\n\t\t\t\t\t\t\t\t<time datetime=\"2025-06-12T19:54:02+00:00\" class=\"uagb-post__date\">\n\t\t\t\t<span class=\"dashicons-calendar dashicons\"><\/span>\t\t\t\t\tjuni 12, 2025\t\t\t\t<\/time>\n\t\t\t\t\t\t\t<span class=\"uagb-post__comment\">\n\t\t\t\t<span class=\"dashicons-admin-comments dashicons\"><\/span>\t\t\t\t\tGeen reacties\t\t\t\t<\/span>\n\t\t\t\t\t\t<\/div>\n\t\t\t\t\t\t\t<div class='uagb-post__text uagb-post__excerpt'>\n\t\t\t\t\t<p>programma feest NLT\u00e9l\u00e9charger Bereikbaarheid: Er zullen diverse fietsenstallingen beschikbaar zijn. Voetgangers\/fietsers hebben toegang vanaf de parking van sporthal. Let op: Het Ronkelhof is niet toegankelijk voor auto&#8217;s. Parkeren is mogelijk op de Brusselsesteenweg, de Vijverslaan en in de omgeving.<\/p>\n\t\t\t\t<\/div>\n\t\t\t\t\t\t<div class=\"uagb-post__text uagb-post__cta wp-block-button\">\n\t\t\t\t<a class=\"wp-block-button__link uagb-text-link\" style=\"\" href=\"https:\/\/ronkelcomite.be\/nl\/2025\/06\/12\/2025-06-12-le-programme-complet-de-la-fete-du-29-juin\/\" target=\"_self\" rel=\"bookmark noopener noreferrer\">Read More<\/a>\n\t\t\t<\/div>\n\t\t\t\n\t\t\t\t\t\t\t\t\t<\/article>\n\t\t\t\t\t\t\t\t\t\t\t\t\t\t\t\t<article class=\"uagb-post__inner-wrap\">\t\t\t\t\t\t\t\t<h4 class=\"uagb-post__title uagb-post__text\">\n\t\t\t\t<a href=\"https:\/\/ronkelcomite.be\/nl\/2025\/05\/12\/brouillon-auto-2\/\" target=\"_self\" rel=\"bookmark noopener noreferrer\">2025\/05\/12 : Ronkelhof Feest 29 juni 2025<\/a>\n\t\t\t<\/h4>\n\t\t\t\t\t\t<div class='uagb-post__text uagb-post-grid-byline'>\n\t\t\t\t\t\t\t\t<time datetime=\"2025-05-12T08:42:44+00:00\" class=\"uagb-post__date\">\n\t\t\t\t<span class=\"dashicons-calendar dashicons\"><\/span>\t\t\t\t\tmei 12, 2025\t\t\t\t<\/time>\n\t\t\t\t\t\t\t<span class=\"uagb-post__comment\">\n\t\t\t\t<span class=\"dashicons-admin-comments dashicons\"><\/span>\t\t\t\t\tGeen reacties\t\t\t\t<\/span>\n\t\t\t\t\t\t<\/div>\n\t\t\t\t\t\t\t<div class='uagb-post__text uagb-post__excerpt'>\n\t\t\t\t\t<p>save the date NLT\u00e9l\u00e9charger<\/p>\n\t\t\t\t<\/div>\n\t\t\t\t\t\t<div class=\"uagb-post__text uagb-post__cta wp-block-button\">\n\t\t\t\t<a class=\"wp-block-button__link uagb-text-link\" style=\"\" href=\"https:\/\/ronkelcomite.be\/nl\/2025\/05\/12\/brouillon-auto-2\/\" target=\"_self\" rel=\"bookmark noopener noreferrer\">Read More<\/a>\n\t\t\t<\/div>\n\t\t\t\n\t\t\t\t\t\t\t\t\t<\/article>\n\t\t\t\t\t\t\t\t\t\t\t\t\t\t\t\t<article class=\"uagb-post__inner-wrap\">\t\t\t\t\t\t\t\t<h4 class=\"uagb-post__title uagb-post__text\">\n\t\t\t\t<a href=\"https:\/\/ronkelcomite.be\/nl\/2025\/04\/10\/2025-03-29-une-coupe-de-printmps\/\" target=\"_self\" rel=\"bookmark noopener noreferrer\">2025\/03\/29 : een lentesnoei voor de Ronkelhof haag<\/a>\n\t\t\t<\/h4>\n\t\t\t\t\t\t<div class='uagb-post__text uagb-post-grid-byline'>\n\t\t\t\t\t\t\t\t<time datetime=\"2025-04-10T19:16:23+00:00\" class=\"uagb-post__date\">\n\t\t\t\t<span class=\"dashicons-calendar dashicons\"><\/span>\t\t\t\t\tapril 10, 2025\t\t\t\t<\/time>\n\t\t\t\t\t\t\t<span class=\"uagb-post__comment\">\n\t\t\t\t<span class=\"dashicons-admin-comments dashicons\"><\/span>\t\t\t\t\tGeen reacties\t\t\t\t<\/span>\n\t\t\t\t\t\t<\/div>\n\t\t\t\t\t\t\t<div class='uagb-post__text uagb-post__excerpt'>\n\t\t\t\t\t\t\t\t\t<\/div>\n\t\t\t\t\t\t<div class=\"uagb-post__text uagb-post__cta wp-block-button\">\n\t\t\t\t<a class=\"wp-block-button__link uagb-text-link\" style=\"\" href=\"https:\/\/ronkelcomite.be\/nl\/2025\/04\/10\/2025-03-29-une-coupe-de-printmps\/\" target=\"_self\" rel=\"bookmark noopener noreferrer\">Read More<\/a>\n\t\t\t<\/div>\n\t\t\t\n\t\t\t\t\t\t\t\t\t<\/article>\n\t\t\t\t\t\t\t\t\t\t\t\t\t\t\t<div class=\"uagb-post__load-more-wrap\">\n\t\t\t\t\t\t\t\t<span class=\"uagb-post-pagination-button\">\n\t\t\t\t\t\t\t\t\t<a class=\"uagb-post__load-more\" href=\"javascript:void(0);\">\n\t\t\t\t\t\t\t\t\tLoad More\t\t\t\t\t\t\t\t\t<\/a>\n\t\t\t\t\t\t\t\t<\/span>\n\t\t\t\t\t\t\t<\/div>\n\t\t\t\t\t\t\t\t\t\t<\/div>\n\t\t\t\n\n\n<div class=\"wp-block-query is-layout-flow wp-block-query-is-layout-flow\"><ul class=\"wp-block-post-template is-layout-flow wp-block-post-template-is-layout-flow\"><li class=\"wp-block-post post-4292 post type-post status-publish format-standard hentry category-uncategorized\">\n<h2 class=\"wp-block-post-title\">2026\/04\/28 : Wat de pers zegt over de aankoop van het Ronkelhof<\/h2>\n\n<div class=\"wp-block-post-date\"><time datetime=\"2026-04-28T14:10:50+00:00\">april 28, 2026<\/time><\/div>\n\n<div class=\"wp-block-post-excerpt\"><p class=\"wp-block-post-excerpt__excerpt\"><\/p><p class=\"wp-block-post-excerpt__more-text\"><a class=\"wp-block-post-excerpt__more-link\" href=\"https:\/\/ronkelcomite.be\/nl\/2026\/04\/28\/2026-04-28-wat-de-pers-zegt-over-de-aankoop-van-het-ronkelhof\/\">meer weten<\/a><\/p><\/div>\n<\/li><li class=\"wp-block-post post-4253 post type-post status-publish format-standard hentry category-uncategorized\">\n<h2 class=\"wp-block-post-title\">2026 04 23 : Het Ronkelhof is gered!<\/h2>\n\n<div class=\"wp-block-post-date\"><time datetime=\"2026-04-24T13:58:30+00:00\">april 24, 2026<\/time><\/div>\n\n<div class=\"wp-block-post-excerpt\"><p class=\"wp-block-post-excerpt__excerpt\">Met dank aan de gemeentelijke autoriteiten en de gemeenteraadsleden van alle partijen Op 23 april heeft de gemeenteraad met 20 stemmen \u201evoor\u201c en 2 onthoudingen besloten om de aankoop van het Ronkelhof in samenwerking met ERF en het Gewest vast<\/p><p class=\"wp-block-post-excerpt__more-text\"><a class=\"wp-block-post-excerpt__more-link\" href=\"https:\/\/ronkelcomite.be\/nl\/2026\/04\/24\/2026-04-23-het-ronkelhof-is-gered\/\">meer weten<\/a><\/p><\/div>\n<\/li><li class=\"wp-block-post post-4236 post type-post status-publish format-standard hentry category-uncategorized\">\n<h2 class=\"wp-block-post-title\">2026\/04\/16 : Beslissende gemeenteraad op 23 april over de toekomst van het Ronkelhof<\/h2>\n\n<div class=\"wp-block-post-date\"><time datetime=\"2026-04-16T19:55:16+00:00\">april 16, 2026<\/time><\/div>\n\n<div class=\"wp-block-post-excerpt\"><p class=\"wp-block-post-excerpt__excerpt\">De beslissing over de principi\u00eble overeenkomst over de aankoop van de site Ronkelhof staat op de agenda van de gemeenteraad van 23 april om 20.00 uur. Hetzelfde geldt voor onze burgervragen.Op 15 april is ERF gehoord door de gemeenteraadscommissie Omgeving<\/p><p class=\"wp-block-post-excerpt__more-text\"><a class=\"wp-block-post-excerpt__more-link\" href=\"https:\/\/ronkelcomite.be\/nl\/2026\/04\/16\/2026-04-16-beslissende-gemeenteraadsvergadering-op-23-april-over-de-toekomst-van-het-ronkelhof\/\">meer weten<\/a><\/p><\/div>\n<\/li><li class=\"wp-block-post post-4226 post type-post status-publish format-standard hentry category-uncategorized\">\n<h2 class=\"wp-block-post-title\">2026\/04\/02 : Burgervraag is ingediend<\/h2>\n\n<div class=\"wp-block-post-date\"><time datetime=\"2026-04-03T14:51:18+00:00\">april 3, 2026<\/time><\/div>\n\n<div class=\"wp-block-post-excerpt\"><p class=\"wp-block-post-excerpt__excerpt\">Hartelijk dank aan iedereen : dankzij jullie massale en snelle inzet hebben we in slechts enkele dagen tijd meer dan 300 handtekeningen verzameld. We hebben ons verzoek om burgervragen op 2 april bij de gemeenteraad ingediend. Deze vragen zullen vermoedelijk<\/p><p class=\"wp-block-post-excerpt__more-text\"><a class=\"wp-block-post-excerpt__more-link\" href=\"https:\/\/ronkelcomite.be\/nl\/2026\/04\/03\/2026-04-02-la-question-citoyenne-est-introduite\/\">meer weten<\/a><\/p><\/div>\n<\/li><li class=\"wp-block-post post-4204 post type-post status-publish format-standard hentry category-uncategorized\">\n<h2 class=\"wp-block-post-title\">2026\/03\/27 : De toekomst van het Ronkelhof staat op het spel<\/h2>\n\n<div class=\"wp-block-post-date\"><time datetime=\"2026-03-27T20:47:05+00:00\">maart 27, 2026<\/time><\/div>\n\n<div class=\"wp-block-post-excerpt\"><p class=\"wp-block-post-excerpt__excerpt\">Op 22 januari 2026 heeft het College de \u201cdeelname aan de aankoop en de dringende conserveringswerken van het Ronkelhof\u201d goedgekeurd. Deze beslissing moet op 23 april worden bevestigd door de Gemeenteraad. Het is niet zeker dat er een meerderheid van<\/p><p class=\"wp-block-post-excerpt__more-text\"><a class=\"wp-block-post-excerpt__more-link\" href=\"https:\/\/ronkelcomite.be\/nl\/2026\/03\/27\/2026-03-27-lavenir-du-ronkel\/\">meer weten<\/a><\/p><\/div>\n<\/li><li class=\"wp-block-post post-4189 post type-post status-publish format-standard hentry category-uncategorized\">\n<h2 class=\"wp-block-post-title\">2026\/01\/24 : Een laag grind voor het Ronkelpad<\/h2>\n\n<div class=\"wp-block-post-date\"><time datetime=\"2026-02-14T12:32:12+00:00\">februari 14, 2026<\/time><\/div>\n\n<div class=\"wp-block-post-excerpt\"><p class=\"wp-block-post-excerpt__excerpt\"><\/p><p class=\"wp-block-post-excerpt__more-text\"><a class=\"wp-block-post-excerpt__more-link\" href=\"https:\/\/ronkelcomite.be\/nl\/2026\/02\/14\/2026-01-24-une-couche-de-gravier-pour-le-chemin-ronkel\/\">meer weten<\/a><\/p><\/div>\n<\/li><\/ul>\n\n<nav class=\"wp-block-query-pagination is-layout-flex wp-block-query-pagination-is-layout-flex\" aria-label=\"Paginering\">\n\n\n<div class=\"wp-block-query-pagination-numbers\"><span aria-current=\"page\" class=\"page-numbers current\">1<\/span>\n<a class=\"page-numbers\" href=\"?query-16-page=2\">2<\/a>\n<a class=\"page-numbers\" href=\"?query-16-page=3\">3<\/a>\n<span class=\"page-numbers dots\">&hellip;<\/span>\n<a class=\"page-numbers\" href=\"?query-16-page=14\">14<\/a><\/div>\n\n<a href=\"\/nl\/wp-json\/wp\/v2\/pages\/1826?query-16-page=2\" class=\"wp-block-query-pagination-next\">Volgende pagina<\/a>\n<\/nav>\n\n<\/div>\n","protected":false},"excerpt":{"rendered":"","protected":false},"author":4,"featured_media":0,"parent":0,"menu_order":0,"comment_status":"closed","ping_status":"closed","template":"","meta":{"_uag_custom_page_level_css":"","ngg_post_thumbnail":0,"footnotes":""},"class_list":["post-1826","page","type-page","status-publish","hentry"],"uagb_featured_image_src":{"full":false,"thumbnail":false,"medium":false,"medium_large":false,"large":false,"1536x1536":false,"2048x2048":false,"featured-blog-large":false,"featured-blog-medium":false,"featured":false,"featured-blog-medium-small":false},"uagb_author_info":{"display_name":"Khalid Dadi","author_link":"https:\/\/ronkelcomite.be\/nl\/author\/khalid\/"},"uagb_comment_info":0,"uagb_excerpt":null,"_links":{"self":[{"href":"https:\/\/ronkelcomite.be\/nl\/wp-json\/wp\/v2\/pages\/1826","targetHints":{"allow":["GET"]}}],"collection":[{"href":"https:\/\/ronkelcomite.be\/nl\/wp-json\/wp\/v2\/pages"}],"about":[{"href":"https:\/\/ronkelcomite.be\/nl\/wp-json\/wp\/v2\/types\/page"}],"author":[{"embeddable":true,"href":"https:\/\/ronkelcomite.be\/nl\/wp-json\/wp\/v2\/users\/4"}],"replies":[{"embeddable":true,"href":"https:\/\/ronkelcomite.be\/nl\/wp-json\/wp\/v2\/comments?post=1826"}],"version-history":[{"count":26,"href":"https:\/\/ronkelcomite.be\/nl\/wp-json\/wp\/v2\/pages\/1826\/revisions"}],"predecessor-version":[{"id":2626,"href":"https:\/\/ronkelcomite.be\/nl\/wp-json\/wp\/v2\/pages\/1826\/revisions\/2626"}],"wp:attachment":[{"href":"https:\/\/ronkelcomite.be\/nl\/wp-json\/wp\/v2\/media?parent=1826"}],"curies":[{"name":"wp","href":"https:\/\/api.w.org\/{rel}","templated":true}]}}