{"id":9,"date":"2020-03-13T09:09:30","date_gmt":"2020-03-13T09:09:30","guid":{"rendered":"http:\/\/ronkelcomite.be\/?page_id=9"},"modified":"2021-04-17T20:03:54","modified_gmt":"2021-04-17T20:03:54","slug":"contact","status":"publish","type":"page","link":"https:\/\/ronkelcomite.be\/nl\/contact\/","title":{"rendered":"Contact"},"content":{"rendered":"\n<p><strong>Hoe werkt het RonkelComit\u00e9?<\/strong><\/p>\n\n\n\n<p>Het\u00a0 RonkelComit\u00e9 is een feitelijke vereniging die op 23 februari 2018 is opgericht. Het comit\u00e9 telt een zeventigtal leden. De kern werd opgericht in 2021. Het is het besluitvormingsorgaan van het Ronkel-Comit\u00e9. Het bestaat momenteel uit 8 personen. Hij neemt besluiten op collegiale wijze, met consensus en eensgezindheid, in het belang van de groep.<\/p>\n\n\n\n<p><strong>Hoe kan ik lid worden van het RonkelComit\u00e9? Hoe kan ik op de hoogte blijven van onze activiteiten?<\/strong><\/p>\n\n\n\n<p>Iedereen die lid wil worden, kan dat gratis doen. U hoeft het ons alleen maar vragen op het volgende e-mailadres: <a href=\"mailto:ronkelcomite@gmail.com\" target=\"_blank\" rel=\"noreferrer noopener\">ronkelcomite@gmail.com<\/a>.<\/p>\n\n\n\n<p>U zult dan per mail op de hoogte gebracht worden over de activiteiten die wij organiseren. Als u zich wilt afmelden, is het heel gemakkelijk. U hoeft het ons alleen maar per mail te laten weten.<\/p>\n\n\n\t\t\t<div \n\t\t\tclass=\"wp-block-uagb-google-map uagb-google-map__wrap uagb-block-dd980e70     \"\n\t\t\tstyle=\"\" >\n\t\t\t\t<embed\n\t\t\t\t\tclass=\"uagb-google-map__iframe\"\n\t\t\t\t\ttitle=\"Google Map for \"\n\t\t\t\t\tsrc=\"https:\/\/maps.google.com\/maps?q=Ronkel&#038;z=12&#038;hl=nl&#038;t=m&#038;output=embed&#038;iwloc=near\"\n\t\t\t\t\twidth=\"640\"\n\t\t\t\t\theight=\"300\"\n\t\t\t\t\tloading=\"lazy\"\n\t\t\t\t><\/embed>\n\t\t\t<\/div>\n\t\t\t","protected":false},"excerpt":{"rendered":"<p>Hoe werkt het RonkelComit\u00e9? Het\u00a0 RonkelComit\u00e9 is een feitelijke vereniging die op 23 februari 2018 is opgericht. Het comit\u00e9 telt een zeventigtal leden. De kern werd opgericht in 2021. Het is het besluitvormingsorgaan van het Ronkel-Comit\u00e9. Het bestaat momenteel uit<\/p>\n","protected":false},"author":1,"featured_media":0,"parent":0,"menu_order":0,"comment_status":"closed","ping_status":"closed","template":"page-templates\/contact.php","meta":{"_uag_custom_page_level_css":"","ngg_post_thumbnail":0,"footnotes":""},"class_list":["post-9","page","type-page","status-publish","hentry"],"uagb_featured_image_src":{"full":false,"thumbnail":false,"medium":false,"medium_large":false,"large":false,"1536x1536":false,"2048x2048":false,"featured-blog-large":false,"featured-blog-medium":false,"featured":false,"featured-blog-medium-small":false},"uagb_author_info":{"display_name":"Martin Van Parys","author_link":"https:\/\/ronkelcomite.be\/nl\/author\/admin\/"},"uagb_comment_info":0,"uagb_excerpt":"Hoe werkt het RonkelComit\u00e9? Het\u00a0 RonkelComit\u00e9 is een feitelijke vereniging die op 23 februari 2018 is opgericht. Het comit\u00e9 telt een zeventigtal leden. De kern werd opgericht in 2021. Het is het besluitvormingsorgaan van het Ronkel-Comit\u00e9. Het bestaat momenteel uit","_links":{"self":[{"href":"https:\/\/ronkelcomite.be\/nl\/wp-json\/wp\/v2\/pages\/9","targetHints":{"allow":["GET"]}}],"collection":[{"href":"https:\/\/ronkelcomite.be\/nl\/wp-json\/wp\/v2\/pages"}],"about":[{"href":"https:\/\/ronkelcomite.be\/nl\/wp-json\/wp\/v2\/types\/page"}],"author":[{"embeddable":true,"href":"https:\/\/ronkelcomite.be\/nl\/wp-json\/wp\/v2\/users\/1"}],"replies":[{"embeddable":true,"href":"https:\/\/ronkelcomite.be\/nl\/wp-json\/wp\/v2\/comments?post=9"}],"version-history":[{"count":9,"href":"https:\/\/ronkelcomite.be\/nl\/wp-json\/wp\/v2\/pages\/9\/revisions"}],"predecessor-version":[{"id":1930,"href":"https:\/\/ronkelcomite.be\/nl\/wp-json\/wp\/v2\/pages\/9\/revisions\/1930"}],"wp:attachment":[{"href":"https:\/\/ronkelcomite.be\/nl\/wp-json\/wp\/v2\/media?parent=9"}],"curies":[{"name":"wp","href":"https:\/\/api.w.org\/{rel}","templated":true}]}}